{"id":295,"date":"2014-11-26T13:39:25","date_gmt":"2014-11-26T12:39:25","guid":{"rendered":"http:\/\/codigo21.educacion.navarra.es\/?page_id=295"},"modified":"2019-02-05T12:54:09","modified_gmt":"2019-02-05T11:54:09","slug":"centros-que-participan-en-robotica-educativa","status":"publish","type":"page","link":"https:\/\/codigo21.educacion.navarra.es\/eu\/centros-que-participan-en-robotica-educativa\/","title":{"rendered":"Centros que participan en programaci\u00f3n y rob\u00f3tica educativa"},"content":{"rendered":"<p>Si tu centro est\u00e1 trabajando en aspectos de programaci\u00f3n con Scratch o rob\u00f3tica educativa durante el curso 2018\/19 y no aparece reflejado en la <a title=\"Red de centros\" href=\"https:\/\/codigo21.educacion.navarra.es\/centros-que-participan-en-robotica-educativa\/red-de-centros\/\">red de centros<\/a>, por favor rellena este formulario. Ten en cuenta que todos los campos, excepto el de &#8220;Observaciones&#8221;, son obligatorios.<\/p>\n<div role=\"form\" class=\"wpcf7\" id=\"wpcf7-f294-o1\" lang=\"es-ES\" dir=\"ltr\">\n<div class=\"screen-reader-response\"><p role=\"status\" aria-live=\"polite\" aria-atomic=\"true\"><\/p> <ul><\/ul><\/div>\n<form action=\"\/eu\/wp-json\/wp\/v2\/pages\/295#wpcf7-f294-o1\" method=\"post\" class=\"wpcf7-form init\" novalidate=\"novalidate\" data-status=\"init\">\n<div style=\"display: none;\">\n<input type=\"hidden\" name=\"_wpcf7\" value=\"294\" \/>\n<input type=\"hidden\" name=\"_wpcf7_version\" value=\"5.6.4\" \/>\n<input type=\"hidden\" name=\"_wpcf7_locale\" value=\"es_ES\" \/>\n<input type=\"hidden\" name=\"_wpcf7_unit_tag\" value=\"wpcf7-f294-o1\" \/>\n<input type=\"hidden\" name=\"_wpcf7_container_post\" value=\"0\" \/>\n<input type=\"hidden\" name=\"_wpcf7_posted_data_hash\" value=\"\" \/>\n<\/div>\n<p>Asunto<br \/>\n    <span class=\"wpcf7-form-control-wrap\" data-name=\"asunto\"><input type=\"text\" name=\"asunto\" value=\"\" size=\"40\" class=\"wpcf7-form-control wpcf7-text wpcf7-validates-as-required\" aria-required=\"true\" aria-invalid=\"false\" \/><\/span> <\/p>\n<p>Centro educativo<br \/>\n    <span class=\"wpcf7-form-control-wrap\" data-name=\"centro\"><input type=\"text\" name=\"centro\" value=\"\" size=\"40\" class=\"wpcf7-form-control wpcf7-text wpcf7-validates-as-required\" aria-required=\"true\" aria-invalid=\"false\" \/><\/span> <\/p>\n<p>Localidad<br \/>\n    <span class=\"wpcf7-form-control-wrap\" data-name=\"localidad\"><input type=\"text\" name=\"localidad\" value=\"\" size=\"40\" class=\"wpcf7-form-control wpcf7-text wpcf7-validates-as-required\" aria-required=\"true\" aria-invalid=\"false\" \/><\/span> <\/p>\n<p>Direcci\u00f3n postal<br \/>\n    <span class=\"wpcf7-form-control-wrap\" data-name=\"direccion-postal\"><input type=\"text\" name=\"direccion-postal\" value=\"\" size=\"40\" class=\"wpcf7-form-control wpcf7-text wpcf7-validates-as-required\" aria-required=\"true\" aria-invalid=\"false\" \/><\/span> <\/p>\n<p>Tel\u00e9fono<br \/>\n    <span class=\"wpcf7-form-control-wrap\" data-name=\"telefono\"><input type=\"text\" name=\"telefono\" value=\"\" size=\"10\" maxlength=\"10\" class=\"wpcf7-form-control wpcf7-text wpcf7-validates-as-required\" aria-required=\"true\" aria-invalid=\"false\" \/><\/span> <\/p>\n<p>Persona de contacto (nombre y dos apellidos)<br \/>\n    <span class=\"wpcf7-form-control-wrap\" data-name=\"persona-contacto\"><input type=\"text\" name=\"persona-contacto\" value=\"\" size=\"40\" class=\"wpcf7-form-control wpcf7-text wpcf7-validates-as-required\" aria-required=\"true\" aria-invalid=\"false\" \/><\/span> <\/p>\n<p>Cargo en el centro<br \/>\n    <span class=\"wpcf7-form-control-wrap\" data-name=\"cargo-persona-contacto\"><input type=\"text\" name=\"cargo-persona-contacto\" value=\"\" size=\"40\" class=\"wpcf7-form-control wpcf7-text wpcf7-validates-as-required\" aria-required=\"true\" aria-invalid=\"false\" \/><\/span> <\/p>\n<p>Email de contacto con el centro<br \/>\n    <span class=\"wpcf7-form-control-wrap\" data-name=\"email\"><input type=\"email\" name=\"email\" value=\"\" size=\"40\" class=\"wpcf7-form-control wpcf7-text wpcf7-email wpcf7-validates-as-required wpcf7-validates-as-email\" aria-required=\"true\" aria-invalid=\"false\" \/><\/span> <\/p>\n<p>URL del sitio web del centro<br \/>\n    <span class=\"wpcf7-form-control-wrap\" data-name=\"url-603\"><input type=\"url\" name=\"url-603\" value=\"\" size=\"40\" class=\"wpcf7-form-control wpcf7-text wpcf7-url wpcf7-validates-as-required wpcf7-validates-as-url\" aria-required=\"true\" aria-invalid=\"false\" \/><\/span> <\/p>\n<p>Qu\u00e9 hace nuestro centro en el \u00e1mbito de la rob\u00f3tica educativa (se pueden seleccionar varias opciones pulsando la tecla ctrl (cmd en mac) y haciendo clic sobre cada opci\u00f3n)<br \/>\n    <span class=\"wpcf7-form-control-wrap\" data-name=\"menu-361\"><select name=\"menu-361[]\" class=\"wpcf7-form-control wpcf7-select wpcf7-validates-as-required\" aria-required=\"true\" aria-invalid=\"false\" multiple=\"multiple\"><option value=\"-----\">-----<\/option><option value=\"1. Estamos en la red de centros\">1. Estamos en la red de centros<\/option><option value=\"2. Estamos form\u00e1ndonos en Scratch\">2. Estamos form\u00e1ndonos en Scratch<\/option><option value=\"3. Estamos form\u00e1ndonos en rob\u00f3tica\">3. Estamos form\u00e1ndonos en rob\u00f3tica<\/option><option value=\"4. Trabajamos de forma habitual con Scratch o rob\u00f3tica educativa\">4. Trabajamos de forma habitual con Scratch o rob\u00f3tica educativa<\/option><option value=\"-----\">-----<\/option><\/select><\/span><\/p>\n<p>Otras observaciones<br \/>\n    <span class=\"wpcf7-form-control-wrap\" data-name=\"observaciones\"><textarea name=\"observaciones\" cols=\"40\" rows=\"10\" class=\"wpcf7-form-control wpcf7-textarea\" aria-invalid=\"false\"><\/textarea><\/span> <\/p>\n<p>Pregunta de verificaci\u00f3n<br \/>\n    <span class=\"wpcf7-form-control-wrap\" data-name=\"quiz-597\"><label><span class=\"wpcf7-quiz-label\">\u00bfCu\u00e1nto suman 16+24?<\/span> <input type=\"text\" name=\"quiz-597\" size=\"4\" class=\"wpcf7-form-control wpcf7-quiz\" autocomplete=\"off\" aria-required=\"true\" aria-invalid=\"false\" \/><\/label><input type=\"hidden\" name=\"_wpcf7_quiz_answer_quiz-597\" value=\"3c4e4e98060e7ca2f3a1b3ee0d4c97c3\" \/><\/span> <\/p>\n<p><input type=\"submit\" value=\"Enviar\" class=\"wpcf7-form-control has-spinner wpcf7-submit\" \/><\/p>\n<p style=\"display: none !important;\" class=\"akismet-fields-container\" data-prefix=\"_wpcf7_ak_\"><label>&#916;<textarea name=\"_wpcf7_ak_hp_textarea\" cols=\"45\" rows=\"8\" maxlength=\"100\"><\/textarea><\/label><input type=\"hidden\" id=\"ak_js_1\" name=\"_wpcf7_ak_js\" value=\"180\"\/><script>document.getElementById( \"ak_js_1\" ).setAttribute( \"value\", ( new Date() ).getTime() );<\/script><\/p><div class=\"wpcf7-response-output\" aria-hidden=\"true\"><\/div><\/form><\/div>\n","protected":false},"excerpt":{"rendered":"<p>Si tu centro est\u00e1 trabajando en aspectos de programaci\u00f3n con Scratch o rob\u00f3tica educativa durante el curso 2018\/19 y no aparece reflejado en la red de centros, por favor rellena este formulario. Ten en cuenta que todos los campos, excepto el de &#8220;Observaciones&#8221;, son obligatorios.<\/p>\n","protected":false},"author":1,"featured_media":0,"parent":0,"menu_order":0,"comment_status":"open","ping_status":"open","template":"","meta":{"_genesis_hide_title":false,"_genesis_hide_breadcrumbs":false,"_genesis_hide_singular_image":false,"_genesis_hide_footer_widgets":false,"_genesis_custom_body_class":"","_genesis_custom_post_class":"","_genesis_layout":""},"_links":{"self":[{"href":"https:\/\/codigo21.educacion.navarra.es\/eu\/wp-json\/wp\/v2\/pages\/295"}],"collection":[{"href":"https:\/\/codigo21.educacion.navarra.es\/eu\/wp-json\/wp\/v2\/pages"}],"about":[{"href":"https:\/\/codigo21.educacion.navarra.es\/eu\/wp-json\/wp\/v2\/types\/page"}],"author":[{"embeddable":true,"href":"https:\/\/codigo21.educacion.navarra.es\/eu\/wp-json\/wp\/v2\/users\/1"}],"replies":[{"embeddable":true,"href":"https:\/\/codigo21.educacion.navarra.es\/eu\/wp-json\/wp\/v2\/comments?post=295"}],"version-history":[{"count":0,"href":"https:\/\/codigo21.educacion.navarra.es\/eu\/wp-json\/wp\/v2\/pages\/295\/revisions"}],"wp:attachment":[{"href":"https:\/\/codigo21.educacion.navarra.es\/eu\/wp-json\/wp\/v2\/media?parent=295"}],"curies":[{"name":"wp","href":"https:\/\/api.w.org\/{rel}","templated":true}]}}