{"id":2674,"date":"2016-11-28T14:37:18","date_gmt":"2016-11-28T13:37:18","guid":{"rendered":"http:\/\/codigo21.educacion.navarra.es\/?page_id=2674"},"modified":"2016-11-28T14:37:18","modified_gmt":"2016-11-28T13:37:18","slug":"area-5-resolucion-de-problemas","status":"publish","type":"page","link":"https:\/\/codigo21.educacion.navarra.es\/eu\/familias\/competencia-digital\/area-5-resolucion-de-problemas\/","title":{"rendered":"\u00c1rea 5: Resoluci\u00f3n de Problemas"},"content":{"rendered":"<p>La quinta y \u00faltima \u00e1rea de la <strong>Competencia Digital Docente<\/strong> est\u00e1 dedicada a la <strong>resoluci\u00f3n de problemas<\/strong> y nos encontramos con cuatro competencias a desarrollar. Aqu\u00ed entra la parte m\u00e1s t\u00e9cnica y menos atractiva para la mayor\u00eda de los docentes junto con el desarrollo de proyectos y metodolog\u00edas en las que la tecnolog\u00eda juega un papel importante, \u00e9sto ya m\u00e1s interesante para los profesores.<\/p>\n<p><a href=\"http:\/\/codigo21.educacion.navarra.es\/?attachment_id=2675\"><img loading=\"lazy\" class=\"alignnone size-large wp-image-2675\" src=\"http:\/\/codigo21.educacion.navarra.es\/wp-content\/uploads\/2016\/11\/resolucion-problemas-1024x683-1024x683.jpeg\" alt=\"resolucion-problemas-1024x683\" width=\"1024\" height=\"683\" srcset=\"https:\/\/codigo21.educacion.navarra.es\/wp-content\/uploads\/2016\/11\/resolucion-problemas-1024x683.jpeg 1024w, https:\/\/codigo21.educacion.navarra.es\/wp-content\/uploads\/2016\/11\/resolucion-problemas-1024x683-300x200.jpeg 300w, https:\/\/codigo21.educacion.navarra.es\/wp-content\/uploads\/2016\/11\/resolucion-problemas-1024x683-768x512.jpeg 768w, https:\/\/codigo21.educacion.navarra.es\/wp-content\/uploads\/2016\/11\/resolucion-problemas-1024x683-256x171.jpeg 256w\" sizes=\"(max-width: 1024px) 100vw, 1024px\" \/><\/a><\/p>\n<ul>\n<li><strong>Resoluci\u00f3n de problemas t\u00e9cnicos:<\/strong>\u00a0si trabajamos con tecnolog\u00eda es importante saber identificar los<strong> problemas t\u00e9cnicos<\/strong> y ser capaces de <strong>resolverlos<\/strong> con ayuda de un manual o con informaci\u00f3n t\u00e9cnica disponible. Empezamos por problemas b\u00e1sicos de funcionamiento para ir avanzando hasta los m\u00e1s complejos, pero tambi\u00e9n se incluye el saber <strong>pedir ayuda<\/strong> y asistencia y conocer los <strong>elementos del ordenador<\/strong> y de los dispositivos. Un conocimiento b\u00e1sico del ordenador y su mantenimiento es imprescindible para ser competente digit\u00e1lmente hablando.<\/li>\n<\/ul>\n<ul>\n<li><strong>Identificaci\u00f3n de necesidades y respuestas tecnol\u00f3gicas:<\/strong> necesitamos conocer el <strong>potencial y las limitaciones<\/strong> de las <strong>herramientas<\/strong> para poder adaptarlas a nuestras necesidades y prever los posibles problemas que nos pueden surgir al utilizarlas para preparar posibles soluciones.<\/li>\n<\/ul>\n<ul>\n<li><strong>Innovaci\u00f3n y uso de la tecnolog\u00eda de forma creativa:<\/strong> esta competencia se centra en las <strong>metodolog\u00edas<\/strong> activas, en la participaci\u00f3n en <strong>proyectos<\/strong> colaborativos \u00a0en los que se utilice la tecnolog\u00eda, en la <strong>creaci\u00f3n<\/strong> de contenido digital que nos ayude en nuestras clases, en la utilizaci\u00f3n de la tecnolog\u00eda para transmitir conceptos&#8230; Dentro de esta competencia encuentran su lugar\u00a0los proyectos<a href=\"https:\/\/www.etwinning.net\/es\/pub\/index.htm\"> eTwinning<\/a> y la metodolog\u00eda <a href=\"http:\/\/www.theflippedclassroom.es\/\">Flipped Classroom<\/a>, entre otros.<\/li>\n<\/ul>\n<ul>\n<li><strong>La identificaci\u00f3n de lagunas en la competencia digital:<\/strong> para mejorar tenemos que conocer nuestras <strong>necesidades<\/strong>, trabajar constantemente en la <strong>actualizaci\u00f3n<\/strong> de la competencia digital, apoyar a compa\u00f1eros en el desarrollo de su CDD y estar atentos a los <strong>nuevos desarrollos<\/strong> en tecnolog\u00eda educativa.<\/li>\n<\/ul>\n","protected":false},"excerpt":{"rendered":"<p>La quinta y \u00faltima \u00e1rea de la Competencia Digital Docente est\u00e1 dedicada a la resoluci\u00f3n de problemas y nos encontramos con cuatro competencias a desarrollar. Aqu\u00ed entra la parte m\u00e1s t\u00e9cnica y menos atractiva para la mayor\u00eda de los docentes junto con el desarrollo de proyectos y metodolog\u00edas en las que la tecnolog\u00eda juega un [&hellip;]<\/p>\n","protected":false},"author":28,"featured_media":2675,"parent":78,"menu_order":0,"comment_status":"closed","ping_status":"closed","template":"","meta":{"_genesis_hide_title":false,"_genesis_hide_breadcrumbs":false,"_genesis_hide_singular_image":false,"_genesis_hide_footer_widgets":false,"_genesis_custom_body_class":"","_genesis_custom_post_class":"","_genesis_layout":""},"_links":{"self":[{"href":"https:\/\/codigo21.educacion.navarra.es\/eu\/wp-json\/wp\/v2\/pages\/2674"}],"collection":[{"href":"https:\/\/codigo21.educacion.navarra.es\/eu\/wp-json\/wp\/v2\/pages"}],"about":[{"href":"https:\/\/codigo21.educacion.navarra.es\/eu\/wp-json\/wp\/v2\/types\/page"}],"author":[{"embeddable":true,"href":"https:\/\/codigo21.educacion.navarra.es\/eu\/wp-json\/wp\/v2\/users\/28"}],"replies":[{"embeddable":true,"href":"https:\/\/codigo21.educacion.navarra.es\/eu\/wp-json\/wp\/v2\/comments?post=2674"}],"version-history":[{"count":0,"href":"https:\/\/codigo21.educacion.navarra.es\/eu\/wp-json\/wp\/v2\/pages\/2674\/revisions"}],"up":[{"embeddable":true,"href":"https:\/\/codigo21.educacion.navarra.es\/eu\/wp-json\/wp\/v2\/pages\/78"}],"wp:featuredmedia":[{"embeddable":true,"href":"https:\/\/codigo21.educacion.navarra.es\/eu\/wp-json\/wp\/v2\/media\/2675"}],"wp:attachment":[{"href":"https:\/\/codigo21.educacion.navarra.es\/eu\/wp-json\/wp\/v2\/media?parent=2674"}],"curies":[{"name":"wp","href":"https:\/\/api.w.org\/{rel}","templated":true}]}}