{"id":2668,"date":"2016-11-28T14:27:24","date_gmt":"2016-11-28T13:27:24","guid":{"rendered":"http:\/\/codigo21.educacion.navarra.es\/?page_id=2668"},"modified":"2016-11-28T14:27:24","modified_gmt":"2016-11-28T13:27:24","slug":"area-3-creacion-de-contenido","status":"publish","type":"page","link":"https:\/\/codigo21.educacion.navarra.es\/eu\/familias\/competencia-digital\/area-3-creacion-de-contenido\/","title":{"rendered":"\u00c1rea 3: Creaci\u00f3n de Contenido"},"content":{"rendered":"<p>La tercera \u00e1rea dentro de la <a href=\"http:\/\/educalab.es\/documents\/10180\/12809\/MarcoComunCompeDigiDoceV2.pdf\"><strong>Competencia Digital Docente<\/strong><\/a> se centra en la creaci\u00f3n de contenido digital para su utilizaci\u00f3n en el proceso de ense\u00f1anza-aprendizaje. Vamos a crear, editar, re-elaborar contenidos y conocimientos para hacerlos multimedia, interactivos y digitales. La programaci\u00f3n inform\u00e1tica tambi\u00e9n tiene un lugar importante en este \u00e1rea, as\u00ed como las licencias de uso de los materiales.<\/p>\n<p><a href=\"http:\/\/codigo21.educacion.navarra.es\/?attachment_id=2669\"><img loading=\"lazy\" class=\"wp-image-2669 size-medium\" src=\"http:\/\/codigo21.educacion.navarra.es\/wp-content\/uploads\/2016\/11\/Digitalizaci\u00f3n_liberaci\u00f3n_y_creaci\u00f3n_de_contenido-1024x799-300x234.png\" alt=\"digitalizacion_liberacion_y_creacion_de_contenido-1024x799\" width=\"300\" height=\"234\" srcset=\"https:\/\/codigo21.educacion.navarra.es\/wp-content\/uploads\/2016\/11\/Digitalizaci\u00f3n_liberaci\u00f3n_y_creaci\u00f3n_de_contenido-1024x799-300x234.png 300w, https:\/\/codigo21.educacion.navarra.es\/wp-content\/uploads\/2016\/11\/Digitalizaci\u00f3n_liberaci\u00f3n_y_creaci\u00f3n_de_contenido-1024x799-768x599.png 768w, https:\/\/codigo21.educacion.navarra.es\/wp-content\/uploads\/2016\/11\/Digitalizaci\u00f3n_liberaci\u00f3n_y_creaci\u00f3n_de_contenido-1024x799.png 1024w, https:\/\/codigo21.educacion.navarra.es\/wp-content\/uploads\/2016\/11\/Digitalizaci\u00f3n_liberaci\u00f3n_y_creaci\u00f3n_de_contenido-1024x799-219x171.png 219w\" sizes=\"(max-width: 300px) 100vw, 300px\" \/><\/a><\/p>\n<p style=\"text-align: justify;\">La dimensiones que conforman \u00e9ste \u00e1rea son:<\/p>\n<ul style=\"text-align: justify;\">\n<li>Desarrollo de contenidos<\/li>\n<li>Integraci\u00f3n y reelaboraci\u00f3n<\/li>\n<li>Derechos de autor y licencias<\/li>\n<li>Programaci\u00f3n<\/li>\n<\/ul>\n<p style=\"text-align: justify;\">Para el desarrollo de contenidos contamos con multitud de formatos y herramientas online gratuitas que nos pueden ser de gran ayuda para dise\u00f1ar y crear contenidos digitales. El <strong>MECD y Symbaloo educaci\u00f3n<\/strong> tienen un convenio de 3 a\u00f1os de duraci\u00f3n para que los centros educativos tengan una cuenta Symbaloo Pro gratuita durante este tiempo.\u00a0\u00bfPor qu\u00e9 usar Symbaloo?<\/p>\n<p style=\"text-align: justify;\">Hasta ahora esta herramienta online nos permit\u00eda curar contenido, organizar recursos digitales en un tablero y compartirlo. Con Symbaloo Edu podemos crear itinerarios\u00a0de aprendizaje, utilizar y compartir recursos digitales, utilizar las TIC para atender a la diversidad de nuestras clases, a la vez que como profesores podemos hacer un seguimiento del trabajo de nuestros alumnos.<\/p>\n<p style=\"text-align: justify;\">Cuando hablamos de creaci\u00f3n o reelaboraci\u00f3n de contenido digital es muy importante tener en cuenta que no todo los que nos encontramos en la red est\u00e1 libre de <strong>derechos de autor<\/strong> y antes de utilizar un recursos nos tenemos que asegurar \u00a0de que la <strong>licencia<\/strong> bajo la que est\u00e1n acreditados nos permite hacerlo. Cuando creamos una obra debemos atribuirle una licencia, de otra manera ser\u00e1 propiedad privada nuestra y nadie m\u00e1s podr\u00e1 utilizarla sin nuestro permiso.<\/p>\n<p>Para saber m\u00e1s de licencias y derechos de autor:<\/p>\n<p><iframe loading=\"lazy\" width=\"800\" height=\"450\" src=\"https:\/\/www.youtube.com\/embed\/Kou-AQXZvK0?feature=oembed\" frameborder=\"0\" allowfullscreen><\/iframe><\/p>\n<p><a href=\"https:\/\/youtu.be\/Kou-AQXZvK0\">Creative Commons Espa\u00f1a<\/a><\/p>\n<p><a href=\"https:\/\/creativecommons.org\/\">Creative Commons<\/a><\/p>\n<p style=\"text-align: justify;\">\u00c9ste blog tiene una licencia del tipo:<\/p>\n<p style=\"text-align: justify;\">Se permite la generaci\u00f3n de obras derivadas siempre que no se haga un uso comercial. Tampoco se puede utilizar la obra original con finalidades comerciales.<\/p>\n<p><img loading=\"lazy\" class=\"wp-image-5157 size-full aligncenter\" src=\"http:\/\/parapnte.educacion.navarra.es\/wp-content\/uploads\/2016\/10\/licencia-1.png\" alt=\"licencia\" width=\"88\" height=\"31\" \/><\/p>\n<p style=\"text-align: justify;\">La dimensi\u00f3n de <strong>programaci\u00f3n<\/strong> est\u00e1 centrada en entender c\u00f3mo funciona la programaci\u00f3n y ser capaz de modificar y configurar programas inform\u00e1ticos. Khan academy ofrece una introducci\u00f3n muy sencilla al mundo de la programaci\u00f3n con tutoriales y minicursos gratuitos para los que necesiten partir de cero.<\/p>\n<p style=\"text-align: justify;\"><a href=\"http:\/\/codigo21.educacion.navarra.es\/?attachment_id=2671\"><img loading=\"lazy\" class=\"size-full wp-image-2671 aligncenter\" src=\"http:\/\/codigo21.educacion.navarra.es\/wp-content\/uploads\/2016\/11\/khan_academy.jpg\" alt=\"khan_academy\" width=\"576\" height=\"244\" srcset=\"https:\/\/codigo21.educacion.navarra.es\/wp-content\/uploads\/2016\/11\/khan_academy.jpg 576w, https:\/\/codigo21.educacion.navarra.es\/wp-content\/uploads\/2016\/11\/khan_academy-300x127.jpg 300w, https:\/\/codigo21.educacion.navarra.es\/wp-content\/uploads\/2016\/11\/khan_academy-370x157.jpg 370w\" sizes=\"(max-width: 576px) 100vw, 576px\" \/><\/a><\/p>\n<p>Im\u00e1genes de:<\/p>\n<p>Giselle Bordoy [CC BY-SA 4.0 ], via Wikimedia Commons<\/p>\n<p>Md. Mazharul Islam Jony v\u00eda www.flickr.com<\/p>\n<p>&nbsp;<\/p>\n<p>&nbsp;<\/p>\n<p>&nbsp;<\/p>\n","protected":false},"excerpt":{"rendered":"<p>La tercera \u00e1rea dentro de la Competencia Digital Docente se centra en la creaci\u00f3n de contenido digital para su utilizaci\u00f3n en el proceso de ense\u00f1anza-aprendizaje. Vamos a crear, editar, re-elaborar contenidos y conocimientos para hacerlos multimedia, interactivos y digitales. La programaci\u00f3n inform\u00e1tica tambi\u00e9n tiene un lugar importante en este \u00e1rea, as\u00ed como las licencias de [&hellip;]<\/p>\n","protected":false},"author":28,"featured_media":2669,"parent":78,"menu_order":0,"comment_status":"closed","ping_status":"closed","template":"","meta":{"_genesis_hide_title":false,"_genesis_hide_breadcrumbs":false,"_genesis_hide_singular_image":false,"_genesis_hide_footer_widgets":false,"_genesis_custom_body_class":"","_genesis_custom_post_class":"","_genesis_layout":""},"_links":{"self":[{"href":"https:\/\/codigo21.educacion.navarra.es\/eu\/wp-json\/wp\/v2\/pages\/2668"}],"collection":[{"href":"https:\/\/codigo21.educacion.navarra.es\/eu\/wp-json\/wp\/v2\/pages"}],"about":[{"href":"https:\/\/codigo21.educacion.navarra.es\/eu\/wp-json\/wp\/v2\/types\/page"}],"author":[{"embeddable":true,"href":"https:\/\/codigo21.educacion.navarra.es\/eu\/wp-json\/wp\/v2\/users\/28"}],"replies":[{"embeddable":true,"href":"https:\/\/codigo21.educacion.navarra.es\/eu\/wp-json\/wp\/v2\/comments?post=2668"}],"version-history":[{"count":0,"href":"https:\/\/codigo21.educacion.navarra.es\/eu\/wp-json\/wp\/v2\/pages\/2668\/revisions"}],"up":[{"embeddable":true,"href":"https:\/\/codigo21.educacion.navarra.es\/eu\/wp-json\/wp\/v2\/pages\/78"}],"wp:featuredmedia":[{"embeddable":true,"href":"https:\/\/codigo21.educacion.navarra.es\/eu\/wp-json\/wp\/v2\/media\/2669"}],"wp:attachment":[{"href":"https:\/\/codigo21.educacion.navarra.es\/eu\/wp-json\/wp\/v2\/media?parent=2668"}],"curies":[{"name":"wp","href":"https:\/\/api.w.org\/{rel}","templated":true}]}}