{"id":2648,"date":"2016-11-28T13:50:45","date_gmt":"2016-11-28T12:50:45","guid":{"rendered":"http:\/\/codigo21.educacion.navarra.es\/?page_id=2648"},"modified":"2016-11-28T13:59:35","modified_gmt":"2016-11-28T12:59:35","slug":"cdd-informacion","status":"publish","type":"page","link":"https:\/\/codigo21.educacion.navarra.es\/eu\/familias\/competencia-digital\/cdd-informacion\/","title":{"rendered":"\u00c1rea 1: Informaci\u00f3n"},"content":{"rendered":"<p>En el art\u00edculo del<a href=\"http:\/\/parapnte.educacion.navarra.es\/2016\/10\/18\/competencia-digital-docente\/\">\u00a0blog de parapnte@educacion.navarra.es del 18 de octubre<\/a> hablamos de la Competencia Digital Docente (CDD) y de la necesidad de ir trabajando y evaluando las \u00e1reas que la componen.\u00a0Nuestro objetivo es desarrollar esta competencia como docentes\u00a0para poder integrarla en las aulas y trabajarla tambi\u00e9n con nuestros alumnos y alumnas.<\/p>\n<p>Dentro del <a href=\"http:\/\/educalab.es\/documents\/10180\/12809\/MarcoComunCompeDigiDoceV2.pdf\">\u201cMarco Com\u00fan de Competencia Digital Docente\u201d<\/a> encontramos 5 \u00e1reas competenciales: <strong>Informaci\u00f3n, Comunicaci\u00f3n, Creaci\u00f3n de contenido, Seguridad y Resoluci\u00f3n de problemas.<\/strong> En diferentes entradas vamos a ir analizando cada una de \u00e9stas \u00e1reas para ver las competencias integradas en cada una de ellas as\u00ed como los conocimientos y habilidades impl\u00edcitas.<\/p>\n<p><a href=\"http:\/\/codigo21.educacion.navarra.es\/?attachment_id=2646\"><img loading=\"lazy\" class=\"size-large wp-image-2646 aligncenter\" src=\"http:\/\/codigo21.educacion.navarra.es\/wp-content\/uploads\/2016\/11\/navega-en-digital-1024x575-1024x575.jpg\" alt=\"navega-en-digital-1024x575\" width=\"1024\" height=\"575\" srcset=\"https:\/\/codigo21.educacion.navarra.es\/wp-content\/uploads\/2016\/11\/navega-en-digital-1024x575.jpg 1024w, https:\/\/codigo21.educacion.navarra.es\/wp-content\/uploads\/2016\/11\/navega-en-digital-1024x575-300x168.jpg 300w, https:\/\/codigo21.educacion.navarra.es\/wp-content\/uploads\/2016\/11\/navega-en-digital-1024x575-768x431.jpg 768w, https:\/\/codigo21.educacion.navarra.es\/wp-content\/uploads\/2016\/11\/navega-en-digital-1024x575-750x420.jpg 750w, https:\/\/codigo21.educacion.navarra.es\/wp-content\/uploads\/2016\/11\/navega-en-digital-1024x575-305x171.jpg 305w\" sizes=\"(max-width: 1024px) 100vw, 1024px\" \/><\/a><\/p>\n<p>La primera \u00e1rea es:<\/p>\n<p><strong>Informaci\u00f3n<\/strong>: identificar, localizar, recuperar, almacenar, organizar y analizar la informaci\u00f3n digital, evaluando su finalidad y relevancia.<\/p>\n<p>En \u00e9ste \u00e1rea encontramos tres competencias:<\/p>\n<ol>\n<li>Navegaci\u00f3n, b\u00fasqueda y filtrado de informaci\u00f3n.<\/li>\n<li>Evaluaci\u00f3n de la informaci\u00f3n.<\/li>\n<li>Almacenamiento y recuperaci\u00f3n de informaci\u00f3n.<\/li>\n<\/ol>\n<p>Algunos de los contenidos y habilidades a desarrollar de menor a mayor dificultad ser\u00edan\u2026<\/p>\n<h3 style=\"text-align: left;\">Navegaci\u00f3n, b\u00fasqueda y filtrado de informaci\u00f3n<\/h3>\n<ul>\n<li>Conocer diferentes buscadores para encontrar informaci\u00f3n teniendo en cuenta que los resultados variar\u00e1n dependiendo del buscador que utilicemos.<\/li>\n<li>Formular las b\u00fasquedas de manera adecuada para filtrar la informaci\u00f3n seg\u00fan nuestras necesidades y ser m\u00e1s eficaces.<\/li>\n<li>Dominio de una amplia gama de estrategias para buscar, filtrar y gestionar la informaci\u00f3n.<\/li>\n<\/ul>\n<h3>Evaluaci\u00f3n de la informaci\u00f3n<\/h3>\n<ul>\n<li>Saber que no toda la informaci\u00f3n que encontramos en Internet es fiable.<\/li>\n<li>Comparar fuentes, para llegar a ser cr\u00edtico con la informaci\u00f3n y contrastarla.<\/li>\n<li>Reconocer fuentes fiables, ser conscientes de que la informaci\u00f3n no se presenta de manera neutra y de que no todos los pa\u00edses tienen la misma presencia en la red, entre otras muchas cosas.<\/li>\n<\/ul>\n<h3>Almacenamiento y recuperaci\u00f3n de informaci\u00f3n<\/h3>\n<ul>\n<li>Guardar archivos y contenidos y recuperarlos.<\/li>\n<li>Etiquetar lo que guardamos y hacerlo con una estrategia de almacenamiento que sea adecuada seg\u00fan el contenido para luego recuperarlo de manera sencilla.<\/li>\n<li>Usar\u00a0herramientas y m\u00e9todos para organizar nuestra informaci\u00f3n y recuperarla, la nuestra y la de otros usuarios.<\/li>\n<li>Hacer copias de seguridad.<\/li>\n<li>Compartir contenidos de manera m\u00e1s o menos privativa\u2026<\/li>\n<\/ul>\n","protected":false},"excerpt":{"rendered":"<p>En el art\u00edculo del\u00a0blog de parapnte@educacion.navarra.es del 18 de octubre hablamos de la Competencia Digital Docente (CDD) y de la necesidad de ir trabajando y evaluando las \u00e1reas que la componen.\u00a0Nuestro objetivo es desarrollar esta competencia como docentes\u00a0para poder integrarla en las aulas y trabajarla tambi\u00e9n con nuestros alumnos y alumnas. Dentro del \u201cMarco Com\u00fan [&hellip;]<\/p>\n","protected":false},"author":28,"featured_media":0,"parent":78,"menu_order":0,"comment_status":"closed","ping_status":"closed","template":"","meta":{"_genesis_hide_title":false,"_genesis_hide_breadcrumbs":false,"_genesis_hide_singular_image":false,"_genesis_hide_footer_widgets":false,"_genesis_custom_body_class":"","_genesis_custom_post_class":"","_genesis_layout":""},"_links":{"self":[{"href":"https:\/\/codigo21.educacion.navarra.es\/eu\/wp-json\/wp\/v2\/pages\/2648"}],"collection":[{"href":"https:\/\/codigo21.educacion.navarra.es\/eu\/wp-json\/wp\/v2\/pages"}],"about":[{"href":"https:\/\/codigo21.educacion.navarra.es\/eu\/wp-json\/wp\/v2\/types\/page"}],"author":[{"embeddable":true,"href":"https:\/\/codigo21.educacion.navarra.es\/eu\/wp-json\/wp\/v2\/users\/28"}],"replies":[{"embeddable":true,"href":"https:\/\/codigo21.educacion.navarra.es\/eu\/wp-json\/wp\/v2\/comments?post=2648"}],"version-history":[{"count":0,"href":"https:\/\/codigo21.educacion.navarra.es\/eu\/wp-json\/wp\/v2\/pages\/2648\/revisions"}],"up":[{"embeddable":true,"href":"https:\/\/codigo21.educacion.navarra.es\/eu\/wp-json\/wp\/v2\/pages\/78"}],"wp:attachment":[{"href":"https:\/\/codigo21.educacion.navarra.es\/eu\/wp-json\/wp\/v2\/media?parent=2648"}],"curies":[{"name":"wp","href":"https:\/\/api.w.org\/{rel}","templated":true}]}}