{"id":2481,"date":"2016-06-30T12:10:47","date_gmt":"2016-06-30T10:10:47","guid":{"rendered":"http:\/\/codigo21.educacion.navarra.es\/?page_id=2481"},"modified":"2016-06-30T12:10:47","modified_gmt":"2016-06-30T10:10:47","slug":"recuperar-robots-lego-nxt-colgados","status":"publish","type":"page","link":"https:\/\/codigo21.educacion.navarra.es\/eu\/recursos\/recuperar-robots-lego-nxt-colgados\/","title":{"rendered":"Recuperar robots LEGO NXT colgados"},"content":{"rendered":"<p>Tac, tac, tac, tac&#8230; cuando escuchamos ese repetitivo ruido saliendo de nuestros robots algo no est\u00e1 yendo bien. Pasa\u00a0cuando intentamos cambiar el firmware a alguno, <a href=\"https:\/\/codigo21.educacion.navarra.es\/recursos\/configuracion-para-lego-nxt-con-enchanting\/\" target=\"_blank\">ponerle el compatible con Enchanting<\/a> por ejemplo, y el proceso falla por la raz\u00f3n que sea. Aparece ese molesto ruido, el ladrillo no enciende, el programa para instalar el firmware no reconoce la unidad&#8230; \u00bfqu\u00e9 se puede hacer? Leer y seguir las indicaciones que vamos a dar.<\/p>\n<p>Antes de explicar qu\u00e9 debemos hacer para resucitar robots LEGO <em>brickeados<\/em> conviene recordar que seg\u00fan la <a href=\"https:\/\/codigo21.educacion.navarra.es\/prestamo-de-material-de-robotica\/normativa-del-prestamo-de-material-de-robotica\/\" target=\"_blank\">normativa de pr\u00e9stamo de C\u00f3digo 21<\/a>, servicio que disfrutan los centros miembros de la <a href=\"https:\/\/codigo21.educacion.navarra.es\/red-de-centros-de-innovacion-en-ciencia-y-tecnologia\/\" target=\"_blank\">Red de Centros<\/a>, <strong>est\u00e1 prohibido cambiar el firmware de los equipos que se reciben en calidad de pr\u00e9stamo<\/strong>. El Centro de Recursos de C\u00f3digo 21 presta robots con el firmware ya preparado para trabajar tanto con el software original de LEGO como con Enchanting (lenguaje de bloques similar a Scratch). <strong>La siguiente informaci\u00f3n tiene como objetivo ayudar a aquellos centros que tienen material en propiedad y han tenido o tendr\u00e1n este problema al actualizar sus robots LEGO NXT<\/strong>.<\/p>\n<p>Los pasos para recuperar nuestros LEGO son los siguientes:<\/p>\n<h3>1. Resetear el NXT.<\/h3>\n<p>Lo primero que se recomienda probar es quitar la bater\u00eda y comprobar si se soluciona el problema por arte de magia. No suele funcionar. Luego, dentro del compartimento de la bater\u00eda hay un peque\u00f1o bot\u00f3n para hacer un <em>soft reset<\/em>. Se presiona durante 5 segundos. Si tampoco funciona hay que hacer un <em>hard reset<\/em>. Se desconecta el robot del USB y exactamente debajo del puerto USB, en la esquina superior izquierda\u00a0del ladrillo, hay un peque\u00f1o bot\u00f3n dorado dentro del primer agujero. Se presiona, por ejemplo, con un clip y el NXT entrar\u00e1 en modo Samba. Por \u00faltimo, habr\u00eda que instalar de nuevo un firmware en el dispositivo.<\/p>\n<figure id=\"attachment_2473\" aria-describedby=\"caption-attachment-2473\" style=\"width: 521px\" class=\"wp-caption aligncenter\"><a href=\"http:\/\/codigo21.educacion.navarra.es\/wp-content\/uploads\/2016\/06\/reset_NXT.png\"><img loading=\"lazy\" class=\"size-full wp-image-2473\" src=\"http:\/\/codigo21.educacion.navarra.es\/wp-content\/uploads\/2016\/06\/reset_NXT.png\" alt=\"Resetear robot LEGO NXT\" width=\"521\" height=\"481\" srcset=\"https:\/\/codigo21.educacion.navarra.es\/wp-content\/uploads\/2016\/06\/reset_NXT.png 521w, https:\/\/codigo21.educacion.navarra.es\/wp-content\/uploads\/2016\/06\/reset_NXT-300x277.png 300w, https:\/\/codigo21.educacion.navarra.es\/wp-content\/uploads\/2016\/06\/reset_NXT-185x171.png 185w\" sizes=\"(max-width: 521px) 100vw, 521px\" \/><\/a><figcaption id=\"caption-attachment-2473\" class=\"wp-caption-text\">Resetear robot LEGO NXT<\/figcaption><\/figure>\n<p>&nbsp;<\/p>\n<p>La diferencia entre un <em>soft<\/em> y un <em>hard reset<\/em> es que con el primero no se elimina el firmware ni los programas, con el segundo s\u00ed.<\/p>\n<p>&nbsp;<\/p>\n<p>&nbsp;<\/p>\n<h2>2. Instalar un firmware.<\/h2>\n<p>El proceso variar\u00e1 seg\u00fan deseemos instalar el firmware original de LEGO o el compatible con Enchanting.<\/p>\n<p><strong>Para instalar el firmware\u00a0original de LEGO Mindstorms<\/strong> necesitaremos el software tambi\u00e9n original. En <strong>Tools<\/strong> (Herramientas) &gt;&gt;&gt; <strong>Update NXT Firmware<\/strong> (Cargar firmware del NXT) se podr\u00e1 comprobar y descargar la \u00faltima versi\u00f3n del firmware.<\/p>\n<figure id=\"attachment_2475\" aria-describedby=\"caption-attachment-2475\" style=\"width: 1487px\" class=\"wp-caption alignnone\"><a href=\"http:\/\/codigo21.educacion.navarra.es\/wp-content\/uploads\/2016\/06\/instalar_firmware_LEGO.png\"><img loading=\"lazy\" class=\"size-full wp-image-2475\" src=\"http:\/\/codigo21.educacion.navarra.es\/wp-content\/uploads\/2016\/06\/instalar_firmware_LEGO.png\" alt=\"Instalar el firmware original de LEGO Mindstorms \" width=\"1487\" height=\"595\" srcset=\"https:\/\/codigo21.educacion.navarra.es\/wp-content\/uploads\/2016\/06\/instalar_firmware_LEGO.png 1487w, https:\/\/codigo21.educacion.navarra.es\/wp-content\/uploads\/2016\/06\/instalar_firmware_LEGO-300x120.png 300w, https:\/\/codigo21.educacion.navarra.es\/wp-content\/uploads\/2016\/06\/instalar_firmware_LEGO-768x307.png 768w, https:\/\/codigo21.educacion.navarra.es\/wp-content\/uploads\/2016\/06\/instalar_firmware_LEGO-1024x410.png 1024w, https:\/\/codigo21.educacion.navarra.es\/wp-content\/uploads\/2016\/06\/instalar_firmware_LEGO-370x148.png 370w\" sizes=\"(max-width: 1487px) 100vw, 1487px\" \/><\/a><figcaption id=\"caption-attachment-2475\" class=\"wp-caption-text\">Instalar el firmware original de LEGO Mindstorms<\/figcaption><\/figure>\n<p>&nbsp;<\/p>\n<p>&nbsp;<\/p>\n<p><strong>Para instalar el firmware compatible con Enchanting<\/strong> podremos utilizar la herramienta que incorpora el propio programa, en \u00a0<strong>Archivo &gt;&gt;&gt; Enviar firmware&#8230;<\/strong> <strong>o la herramienta <em>NXJ Flash utility<\/em><\/strong>, que se instala\u00a0junto con el driver LeJOS NXJ, <a href=\"https:\/\/codigo21.educacion.navarra.es\/recursos\/configuracion-para-lego-nxt-con-enchanting\/\" target=\"_blank\">paso 4 del tutorial de actualizaci\u00f3n del firmware a Enchanting de C\u00f3digo 21<\/a>. Funciona mejor la segunda opci\u00f3n.<\/p>\n<figure id=\"attachment_2479\" aria-describedby=\"caption-attachment-2479\" style=\"width: 405px\" class=\"wp-caption alignnone\"><a href=\"http:\/\/codigo21.educacion.navarra.es\/wp-content\/uploads\/2016\/06\/instalar_firmware_Enchanting-1.png\"><img loading=\"lazy\" class=\"size-full wp-image-2479\" src=\"http:\/\/codigo21.educacion.navarra.es\/wp-content\/uploads\/2016\/06\/instalar_firmware_Enchanting-1.png\" alt=\"instalar el firmware compatible con Enchanting\" width=\"405\" height=\"251\" srcset=\"https:\/\/codigo21.educacion.navarra.es\/wp-content\/uploads\/2016\/06\/instalar_firmware_Enchanting-1.png 405w, https:\/\/codigo21.educacion.navarra.es\/wp-content\/uploads\/2016\/06\/instalar_firmware_Enchanting-1-300x186.png 300w, https:\/\/codigo21.educacion.navarra.es\/wp-content\/uploads\/2016\/06\/instalar_firmware_Enchanting-1-276x171.png 276w\" sizes=\"(max-width: 405px) 100vw, 405px\" \/><\/a><figcaption id=\"caption-attachment-2479\" class=\"wp-caption-text\">instalar el firmware compatible con Enchanting<\/figcaption><\/figure>\n<p>&nbsp;<\/p>\n<p>En ambos casos, nuestro NXT nos recibir\u00e1 con una sonrisa y estar\u00e1 preparado para ayudarte a aprender programaci\u00f3n y rob\u00f3tica educativa.<\/p>\n","protected":false},"excerpt":{"rendered":"<p>Tac, tac, tac, tac&#8230; cuando escuchamos ese repetitivo ruido saliendo de nuestros robots algo no est\u00e1 yendo bien. Pasa\u00a0cuando intentamos cambiar el firmware a alguno, ponerle el compatible con Enchanting por ejemplo, y el proceso falla por la raz\u00f3n que sea. Aparece ese molesto ruido, el ladrillo no enciende, el programa para instalar el firmware [&hellip;]<\/p>\n","protected":false},"author":22,"featured_media":0,"parent":573,"menu_order":0,"comment_status":"closed","ping_status":"closed","template":"","meta":{"_genesis_hide_title":false,"_genesis_hide_breadcrumbs":false,"_genesis_hide_singular_image":false,"_genesis_hide_footer_widgets":false,"_genesis_custom_body_class":"","_genesis_custom_post_class":"","_genesis_layout":""},"_links":{"self":[{"href":"https:\/\/codigo21.educacion.navarra.es\/eu\/wp-json\/wp\/v2\/pages\/2481"}],"collection":[{"href":"https:\/\/codigo21.educacion.navarra.es\/eu\/wp-json\/wp\/v2\/pages"}],"about":[{"href":"https:\/\/codigo21.educacion.navarra.es\/eu\/wp-json\/wp\/v2\/types\/page"}],"author":[{"embeddable":true,"href":"https:\/\/codigo21.educacion.navarra.es\/eu\/wp-json\/wp\/v2\/users\/22"}],"replies":[{"embeddable":true,"href":"https:\/\/codigo21.educacion.navarra.es\/eu\/wp-json\/wp\/v2\/comments?post=2481"}],"version-history":[{"count":0,"href":"https:\/\/codigo21.educacion.navarra.es\/eu\/wp-json\/wp\/v2\/pages\/2481\/revisions"}],"up":[{"embeddable":true,"href":"https:\/\/codigo21.educacion.navarra.es\/eu\/wp-json\/wp\/v2\/pages\/573"}],"wp:attachment":[{"href":"https:\/\/codigo21.educacion.navarra.es\/eu\/wp-json\/wp\/v2\/media?parent=2481"}],"curies":[{"name":"wp","href":"https:\/\/api.w.org\/{rel}","templated":true}]}}