{"id":2335,"date":"2016-06-07T13:03:23","date_gmt":"2016-06-07T11:03:23","guid":{"rendered":"http:\/\/codigo21.educacion.navarra.es\/?page_id=2335"},"modified":"2016-06-07T13:03:23","modified_gmt":"2016-06-07T11:03:23","slug":"zowi-el-robot-infantil-de-bq","status":"publish","type":"page","link":"https:\/\/codigo21.educacion.navarra.es\/eu\/autoaprendizaje\/zowi-el-robot-infantil-de-bq\/","title":{"rendered":"Zowi, el robot infantil de BQ"},"content":{"rendered":"<p>De la mano de <strong><a href=\"https:\/\/www.bq.com\/es\/\" target=\"_blank\">BQ<\/a><\/strong>,\u00a0empresa dedicada al dise\u00f1o, venta y distribuci\u00f3n de smartphones, tablets, lectores electr\u00f3nicos, impresoras 3D y kits de rob\u00f3tica, <strong>presentamos a <a href=\"https:\/\/www.bq.com\/es\/zowi\" target=\"_blank\">Zowi<\/a><\/strong>. <a href=\"https:\/\/www.bq.com\/es\/zowi\" target=\"_blank\">Zowi<\/a>, tambi\u00e9n llamado el robot de\u00a0<a href=\"http:\/\/www.rtve.es\/infantil\/\" target=\"_blank\">Clan TVE<\/a>, es un <strong>robot educativo para ni\u00f1os que les inicia en el mundo de la tecnolog\u00eda y de la programaci\u00f3n<\/strong>. Como vamos a ver, con Zowi podemos trabajar\u00a0los tres pilares de la rob\u00f3tica: el <a href=\"https:\/\/es.wikipedia.org\/wiki\/Hardware\" target=\"_blank\">hardware<\/a>, el <a href=\"https:\/\/es.wikipedia.org\/wiki\/Software\" target=\"_blank\">software<\/a> y el <a href=\"https:\/\/es.wikipedia.org\/wiki\/Gr%C3%A1ficos_3D_por_computadora\" target=\"_blank\">dise\u00f1o 3D<\/a>.<\/p>\n<figure id=\"attachment_2317\" aria-describedby=\"caption-attachment-2317\" style=\"width: 700px\" class=\"wp-caption aligncenter\"><a href=\"http:\/\/codigo21.educacion.navarra.es\/wp-content\/uploads\/2016\/06\/zowi01.jpg\"><img loading=\"lazy\" class=\"wp-image-2317\" src=\"http:\/\/codigo21.educacion.navarra.es\/wp-content\/uploads\/2016\/06\/zowi01.jpg\" alt=\"Zowi, el robot infantil de BQ\" width=\"700\" height=\"540\" srcset=\"https:\/\/codigo21.educacion.navarra.es\/wp-content\/uploads\/2016\/06\/zowi01.jpg 1200w, https:\/\/codigo21.educacion.navarra.es\/wp-content\/uploads\/2016\/06\/zowi01-300x231.jpg 300w, https:\/\/codigo21.educacion.navarra.es\/wp-content\/uploads\/2016\/06\/zowi01-768x592.jpg 768w, https:\/\/codigo21.educacion.navarra.es\/wp-content\/uploads\/2016\/06\/zowi01-1024x789.jpg 1024w, https:\/\/codigo21.educacion.navarra.es\/wp-content\/uploads\/2016\/06\/zowi01-222x171.jpg 222w\" sizes=\"(max-width: 700px) 100vw, 700px\" \/><\/a><figcaption id=\"caption-attachment-2317\" class=\"wp-caption-text\">Zowi, el robot infantil de BQ<\/figcaption><\/figure>\n<p>&nbsp;<\/p>\n<h3>Zowi en Educaci\u00f3n Infantil y primeros cursos de Primaria<\/h3>\n<p>Para nuestros alumnos m\u00e1s j\u00f3venes, <a href=\"http:\/\/zowi.bq.com\/\" target=\"_blank\">Zowi<\/a> es un juguete, una especie de mascota divertida capaz de bailar (programa por defecto que se ejecuta con el bot\u00f3n A), y de andar hacia delante y hacia atr\u00e1s detectando la presencia de objetos cercanos y\/o sonidos (bot\u00f3n B). Tambi\u00e9n responde a toques en la cabeza y cuando le hablamos (botones A y B a la vez). Sus ojos en realidad son sensores de ultrasonido. Su boca est\u00e1 formada por 30 luces LED, dispuestas en una matriz de 5&#215;6, que expresan todo tipo de emociones.<\/p>\n<figure id=\"attachment_2319\" aria-describedby=\"caption-attachment-2319\" style=\"width: 900px\" class=\"wp-caption aligncenter\"><a href=\"http:\/\/codigo21.educacion.navarra.es\/wp-content\/uploads\/2016\/06\/zowi02.jpg\"><img loading=\"lazy\" class=\"size-full wp-image-2319\" src=\"http:\/\/codigo21.educacion.navarra.es\/wp-content\/uploads\/2016\/06\/zowi02.jpg\" alt=\"Zowi en acci\u00f3n. Imagen de la web de BQ\" width=\"900\" height=\"900\" srcset=\"https:\/\/codigo21.educacion.navarra.es\/wp-content\/uploads\/2016\/06\/zowi02.jpg 900w, https:\/\/codigo21.educacion.navarra.es\/wp-content\/uploads\/2016\/06\/zowi02-150x150.jpg 150w, https:\/\/codigo21.educacion.navarra.es\/wp-content\/uploads\/2016\/06\/zowi02-300x300.jpg 300w, https:\/\/codigo21.educacion.navarra.es\/wp-content\/uploads\/2016\/06\/zowi02-768x768.jpg 768w, https:\/\/codigo21.educacion.navarra.es\/wp-content\/uploads\/2016\/06\/zowi02-100x100.jpg 100w, https:\/\/codigo21.educacion.navarra.es\/wp-content\/uploads\/2016\/06\/zowi02-171x171.jpg 171w\" sizes=\"(max-width: 900px) 100vw, 900px\" \/><\/a><figcaption id=\"caption-attachment-2319\" class=\"wp-caption-text\">Zowi en acci\u00f3n. Imagen de la web de BQ<\/figcaption><\/figure>\n<p><a href=\"https:\/\/robotzowi.damia.net\/wp-content\/uploads\/2015\/12\/Instrucciones_Zowi.pdf\" target=\"_blank\">Gu\u00eda r\u00e1pida de Zowi<\/a><\/p>\n<p>En la <a href=\"http:\/\/zowi.bq.com\/primeros-pasos\/\" target=\"_blank\">p\u00e1gina web de Zowi<\/a> se explican gr\u00e1ficamente las funciones preinstaladas anteriores.\u00a0Adem\u00e1s, se puede <a href=\"https:\/\/play.google.com\/store\/apps\/details?id=com.bq.zowi\" target=\"_blank\">descargar una app para dispositivos m\u00f3viles con sistema Android<\/a> (por el momento no est\u00e1 disponible para iOS) que, a trav\u00e9s del Bluetooh, enviar\u00e1 \u00f3rdenes y nos permitir\u00e1 interactuar con\u00a0nuestro robot. En <a href=\"https:\/\/play.google.com\/store\/apps\/details?id=com.bq.zowi\" target=\"_blank\">Zowi App<\/a> encontrar\u00e1s un GamePad o mando de control para indicar a Zowi d\u00f3nde moverse y a qu\u00e9 velocidad, qu\u00e9 boca poner y ense\u00f1arle pasos. Tambi\u00e9n hay juegos, retos y un editor de gestos. <strong>El objetivo de estas actividades es despertar el inter\u00e9s en nuestro alumnado, sentar las bases para sacar a Zowi\u00a0un mayor provecho desde el punto de vista educativo en fases posteriores.<\/strong><\/p>\n<figure id=\"attachment_2321\" aria-describedby=\"caption-attachment-2321\" style=\"width: 418px\" class=\"wp-caption aligncenter\"><a href=\"http:\/\/codigo21.educacion.navarra.es\/wp-content\/uploads\/2016\/06\/zowi03.png\"><img loading=\"lazy\" class=\"size-full wp-image-2321\" src=\"http:\/\/codigo21.educacion.navarra.es\/wp-content\/uploads\/2016\/06\/zowi03.png\" alt=\"En la caja de Zowi se incluyen pegatinas de quita y pon para ser personalizado. Imagen de la web de BQ\" width=\"418\" height=\"384\" srcset=\"https:\/\/codigo21.educacion.navarra.es\/wp-content\/uploads\/2016\/06\/zowi03.png 418w, https:\/\/codigo21.educacion.navarra.es\/wp-content\/uploads\/2016\/06\/zowi03-300x276.png 300w, https:\/\/codigo21.educacion.navarra.es\/wp-content\/uploads\/2016\/06\/zowi03-186x171.png 186w\" sizes=\"(max-width: 418px) 100vw, 418px\" \/><\/a><figcaption id=\"caption-attachment-2321\" class=\"wp-caption-text\">En la caja de Zowi se incluyen pegatinas de quita y pon para ser personalizado. Imagen de la web de BQ<\/figcaption><\/figure>\n<p>Es importante concienciar a nuestros alumnos de que <strong>Zowi no es indestructible<\/strong>. Todo lo contrario, sufre con las ca\u00eddas que pueden da\u00f1ar o mover alguno de sus cientos de componentes internos.<\/p>\n<h3>Zowi en Educaci\u00f3n Primaria<\/h3>\n<p><strong>Existe una <a href=\"http:\/\/zowi.bq.com\/category\/proyectos\/\" target=\"_blank\">Comunidad de Zowi<\/a> en la que se pueden encontrar proyectos, tutoriales y descargables muy \u00fatiles para sacar el m\u00e1ximo partido a Zowi en nuestras aulas<\/strong>. Nuestros alumnos ya saben de qu\u00e9 es capaz Zowi y pueden conocer c\u00f3mo lo hace, de qu\u00e9 est\u00e1 compuesto, cu\u00e1l es su cerebro (un Arduino), c\u00f3mo se monta y desmonta y, sobretodo, c\u00f3mo podemos programarlo con un lenguaje de bloques tipo <a href=\"http:\/\/scratch.mit.edu\" target=\"_blank\">Scratch<\/a>.<\/p>\n<figure id=\"attachment_2323\" aria-describedby=\"caption-attachment-2323\" style=\"width: 700px\" class=\"wp-caption aligncenter\"><a href=\"http:\/\/codigo21.educacion.navarra.es\/wp-content\/uploads\/2016\/06\/zowi04.png\"><img loading=\"lazy\" class=\"wp-image-2323\" src=\"http:\/\/codigo21.educacion.navarra.es\/wp-content\/uploads\/2016\/06\/zowi04.png\" alt=\"Proyectos de la Comunidad de Zowi\" width=\"700\" height=\"284\" srcset=\"https:\/\/codigo21.educacion.navarra.es\/wp-content\/uploads\/2016\/06\/zowi04.png 1532w, https:\/\/codigo21.educacion.navarra.es\/wp-content\/uploads\/2016\/06\/zowi04-300x122.png 300w, https:\/\/codigo21.educacion.navarra.es\/wp-content\/uploads\/2016\/06\/zowi04-768x312.png 768w, https:\/\/codigo21.educacion.navarra.es\/wp-content\/uploads\/2016\/06\/zowi04-1024x416.png 1024w, https:\/\/codigo21.educacion.navarra.es\/wp-content\/uploads\/2016\/06\/zowi04-370x150.png 370w\" sizes=\"(max-width: 700px) 100vw, 700px\" \/><\/a><figcaption id=\"caption-attachment-2323\" class=\"wp-caption-text\">Proyectos de la Comunidad de Zowi<\/figcaption><\/figure>\n<p><strong>En <a href=\"http:\/\/diwo.bq.com\/?s=zowi&amp;lang=es\" target=\"_blank\">DIWO<\/a> <\/strong>(Do It With Others), la escuela Maker de BQ,<strong> hay otras muchas <a href=\"http:\/\/diwo.bq.com\/?s=zowi&amp;lang=es\" target=\"_blank\">noticias y recursos relacionados con este robot infantil<\/a><\/strong>.\u00a0Podemos incluso encontrar un <strong><a href=\"http:\/\/diwo.bq.com\/course\/curso-de-scratch\/\" target=\"_blank\">curso completo de Scratch relacionado con Zowi<\/a><\/strong>. Sin embargo <strong>para reprogramar a Zowi debemos utilizar <a href=\"http:\/\/bitbloq.bq.com\/\" target=\"_blank\">Bitbloq<\/a><\/strong>, un software gratuito de BQ que funciona en l\u00ednea (aunque hay que instalar unas librer\u00edas que se quedan en segundo plano).<\/p>\n<p><a href=\"http:\/\/bitbloq.bq.com\/\" target=\"_blank\">Bitbloq<\/a> utiliza bloqs, una librer\u00eda de bloques visuales de programaci\u00f3n creados para hacer m\u00e1s f\u00e1cil la programaci\u00f3n de rob\u00f3tica.\u00a0\u00c9stos encajan unos con otros creando un programa que si se hiciera en c\u00f3digo se necesitar\u00edan conocimientos avanzados de programaci\u00f3n. Es un programa con el esp\u00edritu de\u00a0<a href=\"https:\/\/scratch.mit.edu\/\" target=\"_blank\">Scratch<\/a>. Es una\u00a0herramienta de programaci\u00f3n por bloques, sencilla e intuitiva con otra interfaz, opciones m\u00e1s espec\u00edficas, comunidad propia y con la posibilidad de visualizar y editar c\u00f3digo directamente.<\/p>\n<figure id=\"attachment_2325\" aria-describedby=\"caption-attachment-2325\" style=\"width: 700px\" class=\"wp-caption aligncenter\"><a href=\"http:\/\/codigo21.educacion.navarra.es\/wp-content\/uploads\/2016\/06\/zowi05.png\"><img loading=\"lazy\" class=\"wp-image-2325\" src=\"http:\/\/codigo21.educacion.navarra.es\/wp-content\/uploads\/2016\/06\/zowi05.png\" alt=\"Programando Zowi con Bitbloq\" width=\"700\" height=\"438\" srcset=\"https:\/\/codigo21.educacion.navarra.es\/wp-content\/uploads\/2016\/06\/zowi05.png 1105w, https:\/\/codigo21.educacion.navarra.es\/wp-content\/uploads\/2016\/06\/zowi05-300x188.png 300w, https:\/\/codigo21.educacion.navarra.es\/wp-content\/uploads\/2016\/06\/zowi05-768x481.png 768w, https:\/\/codigo21.educacion.navarra.es\/wp-content\/uploads\/2016\/06\/zowi05-1024x641.png 1024w, https:\/\/codigo21.educacion.navarra.es\/wp-content\/uploads\/2016\/06\/zowi05-273x171.png 273w\" sizes=\"(max-width: 700px) 100vw, 700px\" \/><\/a><figcaption id=\"caption-attachment-2325\" class=\"wp-caption-text\">Programando Zowi con Bitbloq<\/figcaption><\/figure>\n<p>No es obligatorio registrarse en <a href=\"http:\/\/bitbloq.bq.com\/\" target=\"_blank\">Bitbloq\u00a02<\/a>, versi\u00f3n actual de la herramienta de BQ,\u00a0para empezar a utilizarla. No obstante, cuando\u00a0entramos como invitados nos avisan de que nuestro trabajo no podr\u00e1 guardarse en su nube, s\u00ed descargarse a una unidad de disco local.<\/p>\n<p>Una vez iniciado el programa, buscaremos a Zowi en el men\u00fa de la derecha, en la categor\u00eda Robots, y lo arrastraremos a la parte central de la pantalla. Luego, en la parte izquierda entraremos en la opci\u00f3n Software (la segunda) para empezar a programar nuestro robot. Los bloques disponibles estar\u00e1n accesibles a la derecha y el programa principal ir\u00e1 en la ventana Bucle principal (Loop).<\/p>\n<figure id=\"attachment_2327\" aria-describedby=\"caption-attachment-2327\" style=\"width: 1009px\" class=\"wp-caption aligncenter\"><a href=\"http:\/\/codigo21.educacion.navarra.es\/wp-content\/uploads\/2016\/06\/zowi06.png\"><img loading=\"lazy\" class=\"size-full wp-image-2327\" src=\"http:\/\/codigo21.educacion.navarra.es\/wp-content\/uploads\/2016\/06\/zowi06.png\" alt=\"Agregando bloques de programaci\u00f3n\" width=\"1009\" height=\"695\" srcset=\"https:\/\/codigo21.educacion.navarra.es\/wp-content\/uploads\/2016\/06\/zowi06.png 1009w, https:\/\/codigo21.educacion.navarra.es\/wp-content\/uploads\/2016\/06\/zowi06-300x207.png 300w, https:\/\/codigo21.educacion.navarra.es\/wp-content\/uploads\/2016\/06\/zowi06-768x529.png 768w, https:\/\/codigo21.educacion.navarra.es\/wp-content\/uploads\/2016\/06\/zowi06-248x171.png 248w\" sizes=\"(max-width: 1009px) 100vw, 1009px\" \/><\/a><figcaption id=\"caption-attachment-2327\" class=\"wp-caption-text\">Agregando bloques de programaci\u00f3n<\/figcaption><\/figure>\n<p>Para enviar el programa a Zowi hay que conectarlo por USB y presionar la flecha horizontal.<\/p>\n<figure id=\"attachment_2329\" aria-describedby=\"caption-attachment-2329\" style=\"width: 229px\" class=\"wp-caption alignnone\"><a href=\"http:\/\/codigo21.educacion.navarra.es\/wp-content\/uploads\/2016\/06\/zowi07.png\"><img loading=\"lazy\" class=\"size-full wp-image-2329\" src=\"http:\/\/codigo21.educacion.navarra.es\/wp-content\/uploads\/2016\/06\/zowi07.png\" alt=\"Enviar programa a Zowi\" width=\"229\" height=\"103\" \/><\/a><figcaption id=\"caption-attachment-2329\" class=\"wp-caption-text\">Enviar programa a Zowi<\/figcaption><\/figure>\n<p>Un aviso nos informar\u00e1 de que debemos descargar e instalar <strong>Web2Board<\/strong> para poder programar nuestro robot (la <strong>placa Arduino<\/strong> que incorpora). Es el momento que m\u00e1s problemas nos puede ocasionar porque es muy probable\u00a0que no tengamos permisos para instalar programas en nuestros centros, que los ordenadores est\u00e9n congelados y porque la diversidad de equipos ocasiona un amplio abanico de errores con distinta soluci\u00f3n. Los\u00a0art\u00edculos &#8220;<a href=\"http:\/\/diwo.bq.com\/antes-de-empezar-con-bitbloq-2\/\" target=\"_blank\">Antes de empezar con Bitbloq 2<\/a>&#8221; \u00a0y &#8220;<a href=\"http:\/\/diwo.bq.com\/conociendo-bitbloq-2\/\" target=\"_blank\">Conociendo bitbloq 2<\/a>&#8221; de DIWO puede ahorrarnos tiempo en la configuraci\u00f3n y ense\u00f1arnos, paso a paso, como empezar a utilizar el software de programaci\u00f3n gr\u00e1fica de BQ.<\/p>\n<iframe width=\"500\" height=\"281\" src=\"https:\/\/www.youtube.com\/embed\/KAQrD4T9Kmw?feature=oembed\" frameborder=\"0\" allowfullscreen><\/iframe>\n<p><strong>Programando Zowi con <a href=\"http:\/\/bitbloq.bq.com\/\" target=\"_blank\">Bitbloq<\/a> trabajaremos\u00a0el pensamiento computacional\u00a0y desarrollaremos habilidades necesarias para la resoluci\u00f3n de problemas en nuestro alumnado.<\/strong><\/p>\n<h3>Zowi en Educaci\u00f3n Secundaria<\/h3>\n<p>Tanto el dise\u00f1o f\u00edsico como la programaci\u00f3n y la app de Zowi est\u00e1n a disposici\u00f3n de cualquiera que quiera entenderlo y modificarlo. <strong><a href=\"https:\/\/www.bq.com\/es\/\" target=\"_blank\">BQ<\/a> comparte sus recursos educativos con licencia <a href=\"http:\/\/creativecommons.org\/licenses\/by-sa\/3.0\/es\/\" target=\"_blank\">Creative Commons &#8211; Attribution &#8211; Share alike<\/a><\/strong> lo que sin duda es un punto a su favor.<\/p>\n<p><strong>Los alumnos en esta etapa pueden empezar a programar Zowi con <a href=\"http:\/\/bitbloq.bq.com\/\" target=\"_blank\">Bitbloq 2<\/a><\/strong>. Hay conceptos de programaci\u00f3n que conviene afianzar y otros que requieren m\u00e1s pr\u00e1ctica, como los bucles, las variables,\u00a0bloques de l\u00f3gica, algoritmos, declaraci\u00f3n de funciones, etc. Tambi\u00e9n pueden preparar talleres y\/o demostraciones para alumnos de cursos inferiores.<\/p>\n<p><strong>Si el centro dispone de una impresora 3D <\/strong>o posibilidad de acceso a una, como las que fabrica BQ en su f\u00e1brica de No\u00e1in, <strong>nuestros alumnos pueden personalizar piezas para Zowi<\/strong>. En el art\u00edculo &#8220;<a href=\"http:\/\/diwo.bq.com\/zowi-personalizar-impresion-3d\/\" target=\"_blank\">Personaliza tu Zowi con dise\u00f1o e impresi\u00f3n 3D<\/a>&#8221; de DIWO hay ideas, planos y recursos para ense\u00f1arles c\u00f3mo hacerlo y dejar paso a su imaginaci\u00f3n.<\/p>\n<figure id=\"attachment_2331\" aria-describedby=\"caption-attachment-2331\" style=\"width: 793px\" class=\"wp-caption aligncenter\"><a href=\"http:\/\/codigo21.educacion.navarra.es\/wp-content\/uploads\/2016\/06\/zowi08.png\"><img loading=\"lazy\" class=\"size-full wp-image-2331\" src=\"http:\/\/codigo21.educacion.navarra.es\/wp-content\/uploads\/2016\/06\/zowi08.png\" alt=\"Personaliza Zowi con impresi\u00f3n 3D\" width=\"793\" height=\"289\" srcset=\"https:\/\/codigo21.educacion.navarra.es\/wp-content\/uploads\/2016\/06\/zowi08.png 793w, https:\/\/codigo21.educacion.navarra.es\/wp-content\/uploads\/2016\/06\/zowi08-300x109.png 300w, https:\/\/codigo21.educacion.navarra.es\/wp-content\/uploads\/2016\/06\/zowi08-768x280.png 768w, https:\/\/codigo21.educacion.navarra.es\/wp-content\/uploads\/2016\/06\/zowi08-370x135.png 370w\" sizes=\"(max-width: 793px) 100vw, 793px\" \/><\/a><figcaption id=\"caption-attachment-2331\" class=\"wp-caption-text\">Personaliza Zowi con impresi\u00f3n 3D<\/figcaption><\/figure>\n<p>Un proyecto con Zowi puede ir m\u00e1s all\u00e1. <strong>Se pueden analizar de forma pormenorizada sus <a href=\"https:\/\/robotzowi.damia.net\/es\/\" target=\"_blank\">componentes<\/a><\/strong> (placa Arduino <em>ZUM<\/em> BT-328, servos, sensores, botones, zumbador, micr\u00f3fono, m\u00f3dulo Bluetooh, matriz LED y bater\u00eda), <strong>adquirirlos<\/strong>,\u00a0<strong>descargar e imprimir sus piezas<\/strong> que se encuentran en un <a href=\"http:\/\/diwo.bq.com\/en\/zowi-cc-by-sa\/\" target=\"_blank\">repositorio Github de Zowi<\/a> y <strong><a href=\"http:\/\/zowi.bq.com\/projects\/bio2\/\" target=\"_blank\">montar una nueva unidad seg\u00fan las claras instrucciones de BQ<\/a><\/strong>.<\/p>\n<figure id=\"attachment_2333\" aria-describedby=\"caption-attachment-2333\" style=\"width: 800px\" class=\"wp-caption aligncenter\"><a href=\"http:\/\/codigo21.educacion.navarra.es\/wp-content\/uploads\/2016\/06\/zowi09.png\"><img loading=\"lazy\" class=\"size-full wp-image-2333\" src=\"http:\/\/codigo21.educacion.navarra.es\/wp-content\/uploads\/2016\/06\/zowi09.png\" alt=\"Componentes de Zowi. Imagen de BQ\" width=\"800\" height=\"533\" srcset=\"https:\/\/codigo21.educacion.navarra.es\/wp-content\/uploads\/2016\/06\/zowi09.png 800w, https:\/\/codigo21.educacion.navarra.es\/wp-content\/uploads\/2016\/06\/zowi09-300x200.png 300w, https:\/\/codigo21.educacion.navarra.es\/wp-content\/uploads\/2016\/06\/zowi09-768x512.png 768w, https:\/\/codigo21.educacion.navarra.es\/wp-content\/uploads\/2016\/06\/zowi09-257x171.png 257w\" sizes=\"(max-width: 800px) 100vw, 800px\" \/><\/a><figcaption id=\"caption-attachment-2333\" class=\"wp-caption-text\">Componentes de Zowi. <a href=\"http:\/\/zowi.bq.com\/projects\/bio2\/\" target=\"_blank\">Imagen de BQ<\/a><\/figcaption><\/figure>\n<p><a href=\"https:\/\/robotzowi.damia.net\/wp-content\/uploads\/2015\/12\/Guia_desmontaje_montaje_cabeza_Zowi.pdf\" target=\"_blank\">Gu\u00eda de montaje-desmontaje de Zowi<\/a><\/p>\n<p><a href=\"http:\/\/blog.start-robot.com\/montaje-de-zowi\/\" target=\"_blank\">&#8220;Montaje de Zowi&#8221;. Art\u00edculo del blog de Start-Robot<\/a><\/p>\n<p>&nbsp;<\/p>\n<p><strong>\u00bfQu\u00e9 te parece Zowi? \u00bfves claro su potencial? \u00bfalgo qu\u00e9 aportar?<\/strong><\/p>\n<p>Por el momento en el <a href=\"https:\/\/codigo21.educacion.navarra.es\/planetario-de-pamplona\/\" target=\"_blank\">Centro de Recursos de C\u00f3digo 21<\/a> no contamos con este tipo de robot educativo para el <a href=\"https:\/\/codigo21.educacion.navarra.es\/prestamo-de-material-de-robotica\/\" target=\"_blank\">servicio de pr\u00e9stamo<\/a> a los centros miembros de la <a href=\"https:\/\/codigo21.educacion.navarra.es\/red-de-centros-de-innovacion-en-ciencia-y-tecnologia\/\" target=\"_blank\">Red de Centros de Innovaci\u00f3n en Ciencia y Tecnolog\u00eda<\/a> del Departamento de Educaci\u00f3n del Gobierno de Navarra. <a href=\"http:\/\/www.ticnova.es\/\" target=\"_blank\">Ticnova<\/a>, empresa concesionaria del <a href=\"https:\/\/www.educacion.navarra.es\/web\/pnte\/soporte-y-mantenimiento\" target=\"_blank\">contrato de\u00a0servicio de mantenimiento<\/a> para atender las aver\u00edas en el hardware de los equipos inform\u00e1ticos de los centros educativos de Navarra, es distribuidor oficial de los productos de rob\u00f3tica de BQ. Por su parte, <a href=\"https:\/\/www.bq.com\/es\/bq-educa\" target=\"_blank\">BQ ofrece todo un ecosistema educativo<\/a> con materiales, talleres, laboratorios experimentales y cursos para docentes. Gracias a <a href=\"https:\/\/www.google.es\/url?sa=t&amp;rct=j&amp;q=&amp;esrc=s&amp;source=web&amp;cd=3&amp;cad=rja&amp;uact=8&amp;ved=0ahUKEwi-98W13ZXNAhXG1RoKHbCrCDoQFggtMAI&amp;url=https%3A%2F%2Fplus.google.com%2F%2BJokinLacalleUsabiaga&amp;usg=AFQjCNG_oCry2fYZbBI7qz99finEyL-HNQ&amp;sig2=gKsZN9dd20k5YfVwbs6U1A\" target=\"_blank\">Jokin Lacalle<\/a>, formador de BQ, por su\u00a0inestimable colaboraci\u00f3n.<\/p>\n<p>&nbsp;<\/p>\n<p><em>Art\u00edculo externo relacionado:<\/em><\/p>\n<p><a href=\"http:\/\/www.xataka.com\/analisis\/probamos-zowi-un-robot-con-cerebro-arduino-que-puede-dar-mas-de-lo-que-aparenta\" target=\"_blank\">Probamos Zowi, un robot con cerebro Arduino que puede dar m\u00e1s de lo que aparenta<\/a><\/p>\n<iframe width=\"500\" height=\"281\" src=\"https:\/\/www.youtube.com\/embed\/_E_xIdEBJV8?feature=oembed\" frameborder=\"0\" allowfullscreen><\/iframe>\n","protected":false},"excerpt":{"rendered":"<p>De la mano de BQ,\u00a0empresa dedicada al dise\u00f1o, venta y distribuci\u00f3n de smartphones, tablets, lectores electr\u00f3nicos, impresoras 3D y kits de rob\u00f3tica, presentamos a Zowi. Zowi, tambi\u00e9n llamado el robot de\u00a0Clan TVE, es un robot educativo para ni\u00f1os que les inicia en el mundo de la tecnolog\u00eda y de la programaci\u00f3n. Como vamos a ver, [&hellip;]<\/p>\n","protected":false},"author":22,"featured_media":2317,"parent":575,"menu_order":0,"comment_status":"closed","ping_status":"closed","template":"","meta":{"_genesis_hide_title":false,"_genesis_hide_breadcrumbs":false,"_genesis_hide_singular_image":false,"_genesis_hide_footer_widgets":false,"_genesis_custom_body_class":"","_genesis_custom_post_class":"","_genesis_layout":""},"_links":{"self":[{"href":"https:\/\/codigo21.educacion.navarra.es\/eu\/wp-json\/wp\/v2\/pages\/2335"}],"collection":[{"href":"https:\/\/codigo21.educacion.navarra.es\/eu\/wp-json\/wp\/v2\/pages"}],"about":[{"href":"https:\/\/codigo21.educacion.navarra.es\/eu\/wp-json\/wp\/v2\/types\/page"}],"author":[{"embeddable":true,"href":"https:\/\/codigo21.educacion.navarra.es\/eu\/wp-json\/wp\/v2\/users\/22"}],"replies":[{"embeddable":true,"href":"https:\/\/codigo21.educacion.navarra.es\/eu\/wp-json\/wp\/v2\/comments?post=2335"}],"version-history":[{"count":0,"href":"https:\/\/codigo21.educacion.navarra.es\/eu\/wp-json\/wp\/v2\/pages\/2335\/revisions"}],"up":[{"embeddable":true,"href":"https:\/\/codigo21.educacion.navarra.es\/eu\/wp-json\/wp\/v2\/pages\/575"}],"wp:featuredmedia":[{"embeddable":true,"href":"https:\/\/codigo21.educacion.navarra.es\/eu\/wp-json\/wp\/v2\/media\/2317"}],"wp:attachment":[{"href":"https:\/\/codigo21.educacion.navarra.es\/eu\/wp-json\/wp\/v2\/media?parent=2335"}],"curies":[{"name":"wp","href":"https:\/\/api.w.org\/{rel}","templated":true}]}}