{"id":2200,"date":"2016-04-11T09:39:37","date_gmt":"2016-04-11T07:39:37","guid":{"rendered":"http:\/\/codigo21.educacion.navarra.es\/eu\/?page_id=2200"},"modified":"2016-04-11T09:40:05","modified_gmt":"2016-04-11T07:40:05","slug":"vr-apps","status":"publish","type":"page","link":"https:\/\/codigo21.educacion.navarra.es\/eu\/vr-apps\/","title":{"rendered":"VR apps"},"content":{"rendered":"<p>Selecci\u00f3n de m\u00e1s de medio centenar de apps gratuitas para trabajar con las Google Cardboard en nuestras aulas. Est\u00e1n recogidas en un webmix de Symbaloo, herramienta en l\u00ednea que facilita la tarea de organizar y clasificar recursos. V\u00eddeos, visitas virtuales, herramientas, actividades educativas, mundo animal, planetas, m\u00fasica, espect\u00e1culos&#8230; son algunas de las propuestas para empezar a experimentar qu\u00e9 es la realidad virtual y evaluar cu\u00e1l puede ser su evoluci\u00f3n.<br \/>\n&nbsp;<br \/>\n<iframe loading=\"lazy\" src=\"https:\/\/www.symbaloo.com\/embed\/appsvrgooglecardboard?\" name=\"_symFrame\" width=\"920px\" height=\"600px\" frameborder=\"0\"><\/iframe><br \/>\n&nbsp;<\/p>\n","protected":false},"excerpt":{"rendered":"<p>Selecci\u00f3n de m\u00e1s de medio centenar de apps gratuitas para trabajar con las Google Cardboard en nuestras aulas. Est\u00e1n recogidas en un webmix de Symbaloo, herramienta en l\u00ednea que facilita la tarea de organizar y clasificar recursos. V\u00eddeos, visitas virtuales, herramientas, actividades educativas, mundo animal, planetas, m\u00fasica, espect\u00e1culos&#8230; son algunas de las propuestas para empezar [&hellip;]<\/p>\n","protected":false},"author":22,"featured_media":0,"parent":0,"menu_order":0,"comment_status":"closed","ping_status":"closed","template":"","meta":{"_genesis_hide_title":false,"_genesis_hide_breadcrumbs":false,"_genesis_hide_singular_image":false,"_genesis_hide_footer_widgets":false,"_genesis_custom_body_class":"","_genesis_custom_post_class":"","_genesis_layout":""},"_links":{"self":[{"href":"https:\/\/codigo21.educacion.navarra.es\/eu\/wp-json\/wp\/v2\/pages\/2200"}],"collection":[{"href":"https:\/\/codigo21.educacion.navarra.es\/eu\/wp-json\/wp\/v2\/pages"}],"about":[{"href":"https:\/\/codigo21.educacion.navarra.es\/eu\/wp-json\/wp\/v2\/types\/page"}],"author":[{"embeddable":true,"href":"https:\/\/codigo21.educacion.navarra.es\/eu\/wp-json\/wp\/v2\/users\/22"}],"replies":[{"embeddable":true,"href":"https:\/\/codigo21.educacion.navarra.es\/eu\/wp-json\/wp\/v2\/comments?post=2200"}],"version-history":[{"count":0,"href":"https:\/\/codigo21.educacion.navarra.es\/eu\/wp-json\/wp\/v2\/pages\/2200\/revisions"}],"wp:attachment":[{"href":"https:\/\/codigo21.educacion.navarra.es\/eu\/wp-json\/wp\/v2\/media?parent=2200"}],"curies":[{"name":"wp","href":"https:\/\/api.w.org\/{rel}","templated":true}]}}