{"id":2122,"date":"2016-03-16T09:33:25","date_gmt":"2016-03-16T08:33:25","guid":{"rendered":"http:\/\/codigo21.educacion.navarra.es\/?page_id=2122"},"modified":"2016-03-16T09:33:25","modified_gmt":"2016-03-16T08:33:25","slug":"tarjeta-arduino-basic-io-v2","status":"publish","type":"page","link":"https:\/\/codigo21.educacion.navarra.es\/eu\/autoaprendizaje\/tarjeta-arduino-basic-io-v2\/","title":{"rendered":"Tarjeta Arduino Basic I\/O V2"},"content":{"rendered":"<p>&nbsp;<\/p>\n<p>La <a href=\"http:\/\/www.msebilbao.com\/tienda\/product_info.php?cPath=130&amp;products_id=793&amp;osCsid=cfd6844cce479a34f455cc2bb6e46658\" target=\"_blank\">tarjeta Arduino Basic I\/O V2<\/a> es una tarjeta que se conecta directamente con\u00a0los controladores <a href=\"http:\/\/www.msebilbao.com\/tienda\/product_info.php?cPath=130&amp;products_id=691\">ARDUINO UNO<\/a> , <a href=\"http:\/\/www.msebilbao.com\/tienda\/product_info.php?cPath=130&amp;products_id=692\">ARDUINO MEGA 2560<\/a> o equivalentes. Gracias a sus sencillos perif\u00e9ricos se convierte en el complemento ideal para realizar los primeros programas y proyectos basados en la plataforma ARDUINO, apta para todos los p\u00fablicos.<\/p>\n<figure id=\"attachment_2123\" aria-describedby=\"caption-attachment-2123\" style=\"width: 700px\" class=\"wp-caption aligncenter\"><a href=\"http:\/\/codigo21.educacion.navarra.es\/wp-content\/uploads\/2016\/03\/placa_arduino_basic_iov2_2.jpg\"><img loading=\"lazy\" class=\"size-full wp-image-2123\" src=\"http:\/\/codigo21.educacion.navarra.es\/wp-content\/uploads\/2016\/03\/placa_arduino_basic_iov2_2.jpg\" alt=\"ARDUINO BASIC I\/O V2\" width=\"700\" height=\"525\" srcset=\"https:\/\/codigo21.educacion.navarra.es\/wp-content\/uploads\/2016\/03\/placa_arduino_basic_iov2_2.jpg 700w, https:\/\/codigo21.educacion.navarra.es\/wp-content\/uploads\/2016\/03\/placa_arduino_basic_iov2_2-300x225.jpg 300w, https:\/\/codigo21.educacion.navarra.es\/wp-content\/uploads\/2016\/03\/placa_arduino_basic_iov2_2-228x171.jpg 228w\" sizes=\"(max-width: 700px) 100vw, 700px\" \/><\/a><figcaption id=\"caption-attachment-2123\" class=\"wp-caption-text\">ARDUINO BASIC I\/O V2<\/figcaption><\/figure>\n<p>En la siguiente tabla se resume qu\u00e9 perif\u00e9ricos contiene y a qu\u00e9 se\u00f1ales de ARDUINO est\u00e1n conectados:<\/p>\n<table border=\"1\" cellspacing=\"2\" cellpadding=\"2\">\n<tbody>\n<tr>\n<td>PERIFERICO<\/td>\n<td>SE\u00d1AL<\/td>\n<td>DESCRIPCION<\/td>\n<\/tr>\n<tr>\n<td>Led rojo<\/td>\n<td>D11 (salida\u00a0 PWM)<\/td>\n<td>Indicador luminoso<\/td>\n<\/tr>\n<tr>\n<td>Led \u00e1mbar<\/td>\n<td>D10 (salida\u00a0 PWM)<\/td>\n<td>Indicador luminoso<\/td>\n<\/tr>\n<tr>\n<td>Led verde<\/td>\n<td>D9 (salida\u00a0 PWM)<\/td>\n<td>Indicador luminoso<\/td>\n<\/tr>\n<tr>\n<td>Led blanco<\/td>\n<td>D6 (salida\u00a0 PWM)<\/td>\n<td>Indicador luminoso<\/td>\n<\/tr>\n<tr>\n<td>M1 \/ SV1<\/td>\n<td>D3 (salida PWM)<\/td>\n<td>Salida a motor M1 o al servo SV1 (opcionales)<\/td>\n<\/tr>\n<tr>\n<td>M1 \/ SV2<\/td>\n<td>D5 (salida PWM)<\/td>\n<td>Salida a motor M1 o al servo SV2 (opcionales)<\/td>\n<\/tr>\n<tr>\n<td>Altavoz<\/td>\n<td>D2 (salida)<\/td>\n<td>Salida de onda cuadrada para generar sonidos por el altavoz<\/td>\n<\/tr>\n<tr>\n<td>RESET<\/td>\n<td>RESET<\/td>\n<td>Entrada de RESET del sistema conectada con un pulsador<\/td>\n<\/tr>\n<tr>\n<td>Pulsadores<\/td>\n<td>D12, D8, D7 y D4 (entradas)<\/td>\n<td>Entradas digitales conectadas a cuatro pulsadores<\/td>\n<\/tr>\n<tr>\n<td>Volt.1<\/td>\n<td>A0<\/td>\n<td>Entrada anal\u00f3gica conectada con un potenci\u00f3metro<\/td>\n<\/tr>\n<tr>\n<td>Volt.2<\/td>\n<td>A1<\/td>\n<td>Entrada anal\u00f3gica conectada con un potenci\u00f3metro<\/td>\n<\/tr>\n<tr>\n<td>LUZ<\/td>\n<td>A2<\/td>\n<td>Entrada anal\u00f3gica conectada con un sensor de luz visible<\/td>\n<\/tr>\n<tr>\n<td>IR<\/td>\n<td>A3<\/td>\n<td>Entrada anal\u00f3gica conectada con sensor de luz infra roja de reflexi\u00f3n<\/td>\n<\/tr>\n<tr>\n<td>T\u00aa<\/td>\n<td>A4<\/td>\n<td>Entrada anal\u00f3gica conectada con un sensor de temperatura<\/td>\n<\/tr>\n<\/tbody>\n<\/table>\n<div><\/div>\n<div>La nueva versi\u00f3n V2 dispone de un conector de expansi\u00f3n sobre el que se puede insertar distintos m\u00f3dulos opcionales como pueden ser medidores ultras\u00f3nicos de distancias (<a href=\"http:\/\/www.msebilbao.com\/tienda\/product_info.php?products_id=390\">SRF02<\/a>, <a href=\"http:\/\/www.msebilbao.com\/tienda\/product_info.php?products_id=56\">SRF05<\/a>, <a href=\"http:\/\/www.msebilbao.com\/tienda\/product_info.php?products_id=55\">SRF08<\/a>), sensores de humedad y temperatura como el <a href=\"http:\/\/www.msebilbao.com\/tienda\/product_info.php?products_id=789\">MR003-005.1<\/a>, el reloj\/calendario en tiempo real <a href=\"http:\/\/www.msebilbao.com\/tienda\/product_info.php?products_id=792\">MR005.001.3<\/a>, m\u00f3dulos IR, Bluetooth, o cualquier otro dise\u00f1ado al efecto. Las se\u00f1ales que transporta dicho conector son las siguientes:<\/div>\n<div><\/div>\n<div>\n<table border=\"1\" cellspacing=\"2\" cellpadding=\"2\">\n<tbody>\n<tr>\n<td>PIN<\/td>\n<td>SE\u00d1AL<\/td>\n<td>DESCRIPCION<\/td>\n<\/tr>\n<tr>\n<td>1<\/td>\n<td>GND<\/td>\n<td>Tierra de alimentaci\u00f3n<\/td>\n<\/tr>\n<tr>\n<td>2<\/td>\n<td>+ 5 V<\/td>\n<td>Alimentaci\u00f3n de + 5 V<\/td>\n<\/tr>\n<tr>\n<td>3<\/td>\n<td>SDA\/A4\/D18<\/td>\n<td>Se\u00f1al de datos para el bus I2C, entrada anal\u00f3gica A4 o l\u00ednea de E\/S digital D18 de prop\u00f3sito general<\/td>\n<\/tr>\n<tr>\n<td>4<\/td>\n<td>SCL\/A5\/D19<\/td>\n<td>Se\u00f1al de reloj para el bus I2C, entrada anal\u00f1ogica A5 o l\u00ednea de E\/S digital D19 de prop\u00f3sito general<\/td>\n<\/tr>\n<tr>\n<td>5<\/td>\n<td>GND<\/td>\n<td>Tierra de alimentaci\u00f3n<\/td>\n<\/tr>\n<tr>\n<td>6<\/td>\n<td>3.3 V<\/td>\n<td>Alimentaci\u00f3n de + 3.3 V<\/td>\n<\/tr>\n<\/tbody>\n<\/table>\n<div><\/div>\n<p>Opcionalmente a esta tarjeta se le puede conectar directamente un<a href=\"http:\/\/www.msebilbao.com\/tienda\/product_info.php?cPath=29_115&amp;products_id=250\"> motor DC<\/a> de muy bajo consumo (menos de 40mA) que se conecta con las se\u00f1ales de salida (PWM) D3 y D5. Con ellas se puede controlar velocidad y sentido de giro. A esas mismas salidas tambi\u00e9n se le puede conectar, opcionalmente, dos servo motores de <a href=\"http:\/\/www.msebilbao.com\/tienda\/product_info.php?cPath=26_60&amp;products_id=161\">rotaci\u00f3n continua<\/a> o de <a href=\"http:\/\/www.msebilbao.com\/tienda\/product_info.php?cPath=26_60&amp;products_id=682\">rotaci\u00f3n de 180\u00ba<\/a>.<\/p>\n<p>Dada la sencillez de la tarjeta y la versatilidad de los perif\u00e9ricos que contiene, junto con la potencia y facilidad de programaci\u00f3n del sistema ARDUINO, el conjunto es una potente herramienta para ser usada por personas de todas las edades con inquitudes por la tecnolog\u00eda\u00a0y las t\u00e9cnicas de programaci\u00f3n. Especialmente indicado en las aulas de tecnolog\u00eda e informatica de los ciclos formativos de ESO, bachiller y m\u00f3dulos de grado medio de formaci\u00f3n profesional.<\/p>\n<table border=\"1\" cellspacing=\"2\" cellpadding=\"2\">\n<tbody>\n<tr align=\"center\">\n<td colspan=\"2\" rowspan=\"1\">DOWNLOADS RELACIONADOS CON ESTE PRODUCTO<\/td>\n<\/tr>\n<tr>\n<td>NOMBRE<\/td>\n<td>DESCRIPCI\u00d3N<\/td>\n<\/tr>\n<tr>\n<td><a href=\"https:\/\/drive.google.com\/file\/d\/0B6UWkqxoeNcNSnBHMFpGOW5OazA\/view?usp=sharing\" target=\"_blank\">BASIC I\/O V2<\/a><\/td>\n<td><a href=\"https:\/\/drive.google.com\/file\/d\/0B6UWkqxoeNcNSnBHMFpGOW5OazA\/view?usp=sharing\" target=\"_blank\">Fichero ZIP con el manual de usuario en castellano de la tarjeta Arduino BASIC I\/O V2 y ejemplos<\/a><\/td>\n<\/tr>\n<\/tbody>\n<\/table>\n<\/div>\n<p>Fuente: <a href=\"http:\/\/www.msebilbao.com\/tienda\/product_info.php?cPath=130&amp;products_id=793&amp;osCsid=cfd6844cce479a34f455cc2bb6e46658\" target=\"_blank\">P\u00e1gina web de\u00a0<b><i>Ingenier\u00eda de Microsistemas Programados S.L.<\/i><\/b><\/a><\/p>\n","protected":false},"excerpt":{"rendered":"<p>&nbsp; La tarjeta Arduino Basic I\/O V2 es una tarjeta que se conecta directamente con\u00a0los controladores ARDUINO UNO , ARDUINO MEGA 2560 o equivalentes. Gracias a sus sencillos perif\u00e9ricos se convierte en el complemento ideal para realizar los primeros programas y proyectos basados en la plataforma ARDUINO, apta para todos los p\u00fablicos. En la siguiente [&hellip;]<\/p>\n","protected":false},"author":22,"featured_media":0,"parent":575,"menu_order":0,"comment_status":"closed","ping_status":"closed","template":"","meta":{"_genesis_hide_title":false,"_genesis_hide_breadcrumbs":false,"_genesis_hide_singular_image":false,"_genesis_hide_footer_widgets":false,"_genesis_custom_body_class":"","_genesis_custom_post_class":"","_genesis_layout":""},"_links":{"self":[{"href":"https:\/\/codigo21.educacion.navarra.es\/eu\/wp-json\/wp\/v2\/pages\/2122"}],"collection":[{"href":"https:\/\/codigo21.educacion.navarra.es\/eu\/wp-json\/wp\/v2\/pages"}],"about":[{"href":"https:\/\/codigo21.educacion.navarra.es\/eu\/wp-json\/wp\/v2\/types\/page"}],"author":[{"embeddable":true,"href":"https:\/\/codigo21.educacion.navarra.es\/eu\/wp-json\/wp\/v2\/users\/22"}],"replies":[{"embeddable":true,"href":"https:\/\/codigo21.educacion.navarra.es\/eu\/wp-json\/wp\/v2\/comments?post=2122"}],"version-history":[{"count":0,"href":"https:\/\/codigo21.educacion.navarra.es\/eu\/wp-json\/wp\/v2\/pages\/2122\/revisions"}],"up":[{"embeddable":true,"href":"https:\/\/codigo21.educacion.navarra.es\/eu\/wp-json\/wp\/v2\/pages\/575"}],"wp:attachment":[{"href":"https:\/\/codigo21.educacion.navarra.es\/eu\/wp-json\/wp\/v2\/media?parent=2122"}],"curies":[{"name":"wp","href":"https:\/\/api.w.org\/{rel}","templated":true}]}}