{"id":1932,"date":"2016-02-02T12:16:40","date_gmt":"2016-02-02T11:16:40","guid":{"rendered":"http:\/\/codigo21.educacion.navarra.es\/eu\/?page_id=1932"},"modified":"2016-02-04T09:46:28","modified_gmt":"2016-02-04T08:46:28","slug":"lehen-urratsak-app-inventor-2rekin","status":"publish","type":"page","link":"https:\/\/codigo21.educacion.navarra.es\/eu\/autoformazioa\/lehen-urratsak-app-inventor-2rekin\/","title":{"rendered":"Lehen urratsak App Inventor 2rekin"},"content":{"rendered":"<p>&nbsp;<\/p>\n<p><strong><a href=\"http:\/\/ai2.appinventor.mit.edu\/\" target=\"_blank\">App Inventor<\/a><\/strong> es un entorno de desarrollo de aplicaciones para dispositivos Android. Para desarrollar aplicaciones con App Inventor <strong>s\u00f3lo necesitas un navegador web y un t\u00e9lefono o tablet Android<\/strong> (si no lo tienes podr\u00e1s probar tus aplicaciones en un emulador). App Inventor se basa en un servicio web que te permitir\u00e1 almacenar tu trabajo y te ayudar\u00e1 a realizar un seguimiento de sus proyectos.<\/p>\n<p>Se trata de una herramienta de desarrollo visual muy f\u00e1cil de usar, con la que incluso los no programadores podr\u00e1n desarrollar sus aplicaciones.<\/p>\n<p>Al construir las aplicaciones para Android trabajar\u00e1s con dos herramientas: App Inventor Designer y App Inventor Blocks Editor. En Designer construir\u00e1s el Interfaz de Usuario, eligiendo y situando los elementos con los que interactuar\u00e1 el usuario y los componentes que utilizar\u00e1 la aplicaci\u00f3n. En el Blocks Editor definir\u00e1s el comportamiento de los componentes de tu aplicaci\u00f3n.<\/p>\n<figure id=\"attachment_1902\" aria-describedby=\"caption-attachment-1902\" style=\"width: 960px\" class=\"wp-caption aligncenter\"><a href=\"http:\/\/codigo21.educacion.navarra.es\/wp-content\/uploads\/2016\/02\/Esquema-funcionamiento-App-Inventor.png\"><img loading=\"lazy\" class=\"size-full wp-image-1902\" src=\"http:\/\/codigo21.educacion.navarra.es\/wp-content\/uploads\/2016\/02\/Esquema-funcionamiento-App-Inventor.png\" alt=\"Esquema funcionamiento App Inventor\" width=\"960\" height=\"540\" srcset=\"https:\/\/codigo21.educacion.navarra.es\/wp-content\/uploads\/2016\/02\/Esquema-funcionamiento-App-Inventor.png 960w, https:\/\/codigo21.educacion.navarra.es\/wp-content\/uploads\/2016\/02\/Esquema-funcionamiento-App-Inventor-300x169.png 300w, https:\/\/codigo21.educacion.navarra.es\/wp-content\/uploads\/2016\/02\/Esquema-funcionamiento-App-Inventor-768x432.png 768w, https:\/\/codigo21.educacion.navarra.es\/wp-content\/uploads\/2016\/02\/Esquema-funcionamiento-App-Inventor-304x171.png 304w\" sizes=\"(max-width: 960px) 100vw, 960px\" \/><\/a><figcaption id=\"caption-attachment-1902\" class=\"wp-caption-text\">Esquema funcionamiento App Inventor<\/figcaption><\/figure>\n<p>&nbsp;<\/p>\n<h3><strong>Conceptos b\u00e1sicos de App Inventor 2<\/strong><\/h3>\n<p><iframe loading=\"lazy\" style=\"border: 1px solid #CCC; border-width: 1px; margin-bottom: 5px; max-width: 100%;\" src=\"\/\/www.slideshare.net\/slideshow\/embed_code\/key\/frwwiGlVkh5PI0\" width=\"595\" height=\"485\" frameborder=\"0\" marginwidth=\"0\" marginheight=\"0\" scrolling=\"no\" allowfullscreen=\"allowfullscreen\"> <\/iframe><\/p>\n<p>&nbsp;<\/p>\n<h3><strong>El primer programa con App Inventor<\/strong><\/h3>\n<iframe width=\"500\" height=\"281\" src=\"https:\/\/www.youtube.com\/embed\/KEdCkuWqDyQ?feature=oembed\" frameborder=\"0\" allowfullscreen><\/iframe>\n<p>&nbsp;<\/p>\n<p><strong>Autor del contenido anterior:\u00a0<\/strong><b><a href=\"https:\/\/sites.google.com\/site\/appinventormegusta\/\" target=\"_blank\" rel=\"nofollow\">App Inventor en Espa\u00f1ol<\/a><\/b> por <a href=\"https:\/\/plus.google.com\/u\/0\/106807581933367246233\" target=\"_blank\" rel=\"cc:attributionURL\">Antonio Ricoy Riego<\/a> se encuentra bajo una <a href=\"http:\/\/creativecommons.org\/licenses\/by-nc\/3.0\/deed.es\" target=\"_blank\" rel=\"nofollow\">Licencia Creative Commons Atribuci\u00f3n-NoComercial 3.0 Unported<\/a>.<\/p>\n<h3><strong>\u00bfNecesitas m\u00e1s ejemplos y tutoriales?<\/strong><\/h3>\n<p>En C\u00f3digo 21\u00a0te indicamos <a href=\"https:\/\/codigo21.educacion.navarra.es\/autoaprendizaje\/configuracion-de-app-inventor-2\/\">c\u00f3mo puedes configurar App Inventor 2, tu equipo y\/o tu dispositivo Android<\/a> para empezar a trabajar con este lenguaje de bloques. Adem\u00e1s, puedes aprender <a href=\"https:\/\/codigo21.educacion.navarra.es\/autoaprendizaje\/descripcion-de-los-bloques-integrados-de-app-inventor-2\/\">para qu\u00e9 sirven los bloques integrados de App Inventor 2<\/a>, comunes a todos los proyectos en esta p\u00e1gina. Por otro lado, hemos seleccionado enlaces a varios recursos\u00a0que muy posiblemente te puedan ayudar a iniciarte en la labor de creaci\u00f3n de apps con esta herramienta. Son los siguientes:<\/p>\n<p><a href=\"https:\/\/sites.google.com\/site\/appinventormegusta\/\" target=\"_blank\">Tutoriales para App Inventor 2 oficiales en ingl\u00e9s<\/a><\/p>\n<p><a href=\"https:\/\/sites.google.com\/site\/appinventormegusta\/\" target=\"_blank\">Site de App Inventor en espa\u00f1ol de Antonio Ricoy Riego<\/a><\/p>\n<p><a href=\"http:\/\/kio4.com\/appinventor\/index.htm#indice\" target=\"_blank\">App Inventor en espa\u00f1ol de Juan Antonio Villalpaldo<\/a>.<\/p>\n<p><a href=\"http:\/\/www.tuappinvetorandroid.com\/\" target=\"_blank\">TuAppInventor. Crea tu app sin programar<\/a><\/p>\n<p><a href=\"http:\/\/diwo.bq.com\/course\/curso-de-introduccion-a-mit-app-inventor\/\" target=\"_blank\">Curso de introducci\u00f3n a MIT App Inventor de DIWO<\/a><\/p>\n<p><a href=\"http:\/\/soloelectronicos.com\/2014\/04\/21\/como-se-programan-apps-moviles-con-mit-app-inventor-bloques-logicos\/\" target=\"_blank\">C\u00f3mo se programan apps m\u00f3viles con MIT App Inventor<\/a><\/p>\n<p><a href=\"http:\/\/codeweek.eu\/resources\/spain\/guia-iniciacion-app-inventor.pdf\" target=\"_blank\">Gu\u00eda de iniciaci\u00f3n a App Inventor de Ra\u00fal C.<\/a><\/p>\n","protected":false},"excerpt":{"rendered":"<p>&nbsp; App Inventor es un entorno de desarrollo de aplicaciones para dispositivos Android. Para desarrollar aplicaciones con App Inventor s\u00f3lo necesitas un navegador web y un t\u00e9lefono o tablet Android (si no lo tienes podr\u00e1s probar tus aplicaciones en un emulador). App Inventor se basa en un servicio web que te permitir\u00e1 almacenar tu trabajo [&hellip;]<\/p>\n","protected":false},"author":22,"featured_media":0,"parent":1621,"menu_order":0,"comment_status":"closed","ping_status":"closed","template":"","meta":{"_genesis_hide_title":false,"_genesis_hide_breadcrumbs":false,"_genesis_hide_singular_image":false,"_genesis_hide_footer_widgets":false,"_genesis_custom_body_class":"","_genesis_custom_post_class":"","_genesis_layout":""},"_links":{"self":[{"href":"https:\/\/codigo21.educacion.navarra.es\/eu\/wp-json\/wp\/v2\/pages\/1932"}],"collection":[{"href":"https:\/\/codigo21.educacion.navarra.es\/eu\/wp-json\/wp\/v2\/pages"}],"about":[{"href":"https:\/\/codigo21.educacion.navarra.es\/eu\/wp-json\/wp\/v2\/types\/page"}],"author":[{"embeddable":true,"href":"https:\/\/codigo21.educacion.navarra.es\/eu\/wp-json\/wp\/v2\/users\/22"}],"replies":[{"embeddable":true,"href":"https:\/\/codigo21.educacion.navarra.es\/eu\/wp-json\/wp\/v2\/comments?post=1932"}],"version-history":[{"count":0,"href":"https:\/\/codigo21.educacion.navarra.es\/eu\/wp-json\/wp\/v2\/pages\/1932\/revisions"}],"up":[{"embeddable":true,"href":"https:\/\/codigo21.educacion.navarra.es\/eu\/wp-json\/wp\/v2\/pages\/1621"}],"wp:attachment":[{"href":"https:\/\/codigo21.educacion.navarra.es\/eu\/wp-json\/wp\/v2\/media?parent=1932"}],"curies":[{"name":"wp","href":"https:\/\/api.w.org\/{rel}","templated":true}]}}