{"id":1930,"date":"2016-02-02T11:44:30","date_gmt":"2016-02-02T10:44:30","guid":{"rendered":"http:\/\/codigo21.educacion.navarra.es\/eu\/?page_id=1930"},"modified":"2016-02-04T09:33:32","modified_gmt":"2016-02-04T08:33:32","slug":"app-inventor-2ren-konfigurazioa","status":"publish","type":"page","link":"https:\/\/codigo21.educacion.navarra.es\/eu\/autoformazioa\/app-inventor-2ren-konfigurazioa\/","title":{"rendered":"App Inventor 2ren konfigurazioa"},"content":{"rendered":"<p>&nbsp;<\/p>\n<p>Puedes configurar la <a href=\"http:\/\/ai2.appinventor.mit.edu\/\" target=\"_blank\">aplicaci\u00f3n Inventor<\/a> y empezar a crear aplicaciones en cuesti\u00f3n de minutos. El Dise\u00f1ador y Editor de bloques se ejecutan ahora por completo en el navegador (la nube!). Para ver tu aplicaci\u00f3n en un dispositivo mientras lo construyes (tambi\u00e9n llamada &#8220;Probando en vivo&#8221;), tendr\u00e1s que seguir los pasos que se muestran a continuaci\u00f3n.<\/p>\n<p>Tienes tres opciones para configurar las pruebas en vivo, mientras construyes aplicaciones.<\/p>\n<p>1.-\u00a0<b>Si est\u00e1s utilizando un dispositivo Android y tienes una conexi\u00f3n inal\u00e1mbrica a Internet (WiFi)<\/b>, puedes comenzar la creaci\u00f3n de aplicaciones sin necesidad de descargar ning\u00fan software en su ordenador. Eso s\u00ed, tendr\u00e1s que instalar la aplicaci\u00f3n Companion App Inventor en tu dispositivo. Elige la opci\u00f3n uno.\u00a0<b><span style=\"color: #990000;\">Esta opci\u00f3n se recomienda encarecidamente.<\/span><\/b><\/p>\n<p>2.-\u00a0<b>Si no tienes un dispositivo Android<\/b>, tendr\u00e1s que instalar el software en su ordenador para que pueda utilizar el emulador de Android en la pantalla del mismo. Elige la opci\u00f3n dos.<\/p>\n<p>3.-\u00a0<b>Si no tienes una conexi\u00f3n inal\u00e1mbrica a Internet\u00a0<\/b><b>(WiFi)<\/b>, tendr\u00e1s que instalar el software en tu computadora de modo que puedas conectar a su dispositivo Android a trav\u00e9s de USB. Elige la opci\u00f3n de tres. La opci\u00f3n de conexi\u00f3n USB puede ser complicada, especialmente en Windows. Usa esto como un \u00faltimo recurso.<\/p>\n<hr \/>\n<p>&nbsp;<\/p>\n<h2>Opci\u00f3n 1<\/h2>\n<h3><span style=\"color: #5e5247;\">Construir\u00a0<span style=\"color: #5e5247;\">aplicaciones con un dispositivo Android y conexi\u00f3n WiFi\u00a0<\/span><a href=\"https:\/\/sites.google.com\/site\/appinventormegusta\/instalacion\/conectart-tu-telefono-o-tableta-sobre-wifi\" target=\"_blank\"><span style=\"color: #0b5394;\"><b>Instrucciones<\/b><\/span><\/a><\/span><\/h3>\n<p>Si tienes una computadora, un dispositivo Android, y una conexi\u00f3n Wi-Fi, esta es la manera m\u00e1s f\u00e1cil para probar tus aplicaciones.<\/p>\n<figure id=\"attachment_1894\" aria-describedby=\"caption-attachment-1894\" style=\"width: 600px\" class=\"wp-caption aligncenter\"><a href=\"https:\/\/sites.google.com\/site\/appinventormegusta\/instalacion\/conectart-tu-telefono-o-tableta-sobre-wifi\" target=\"_blank\"><img loading=\"lazy\" class=\"wp-image-1894\" src=\"http:\/\/codigo21.educacion.navarra.es\/wp-content\/uploads\/2016\/02\/WifiA.png\" alt=\"Construir aplicaciones con un dispositivo Android y conexi\u00f3n WiFi\" width=\"600\" height=\"311\" srcset=\"https:\/\/codigo21.educacion.navarra.es\/wp-content\/uploads\/2016\/02\/WifiA.png 991w, https:\/\/codigo21.educacion.navarra.es\/wp-content\/uploads\/2016\/02\/WifiA-300x155.png 300w, https:\/\/codigo21.educacion.navarra.es\/wp-content\/uploads\/2016\/02\/WifiA-768x398.png 768w, https:\/\/codigo21.educacion.navarra.es\/wp-content\/uploads\/2016\/02\/WifiA-330x171.png 330w\" sizes=\"(max-width: 600px) 100vw, 600px\" \/><\/a><figcaption id=\"caption-attachment-1894\" class=\"wp-caption-text\">Construir aplicaciones con un dispositivo Android y conexi\u00f3n WiFi<\/figcaption><\/figure>\n<p>&nbsp;<\/p>\n<h2>Opci\u00f3n 2<\/h2>\n<h3><span style=\"color: #5e5247;\">\u00bfTodav\u00eda no tienes un dispositivo Android? Utiliza el emulador:\u00a0<\/span><a href=\"https:\/\/sites.google.com\/site\/appinventormegusta\/instalacion\/instalar-y-ejecutar-el-emulador-en-ai2\" target=\"_blank\"><b><span style=\"color: #0b5394;\">Instrucciones<\/span><\/b><\/a><\/h3>\n<p>Si no tienes un tel\u00e9fono Android o tableta a mano, puedes seguir utilizando la aplicaci\u00f3n App Inventor. \u00bfTienes una clase de 30 alumnos?\u00a0Pueden trabajar principalmente en emuladores y compartir unos pocos dispositivos<span style=\"font-family: Roboto, 'Helvetica Neue', Arial, 'Liberation Sans', FreeSans, sans-serif;\">.<\/span><\/p>\n<figure id=\"attachment_1896\" aria-describedby=\"caption-attachment-1896\" style=\"width: 600px\" class=\"wp-caption aligncenter\"><a href=\"https:\/\/sites.google.com\/site\/appinventormegusta\/instalacion\/instalar-y-ejecutar-el-emulador-en-ai2\" target=\"_blank\"><img loading=\"lazy\" class=\"wp-image-1896\" src=\"http:\/\/codigo21.educacion.navarra.es\/wp-content\/uploads\/2016\/02\/Emulator.png\" alt=\"\u00bfTodav\u00eda no tienes un dispositivo Android? Utiliza el emulador\" width=\"600\" height=\"412\" srcset=\"https:\/\/codigo21.educacion.navarra.es\/wp-content\/uploads\/2016\/02\/Emulator.png 911w, https:\/\/codigo21.educacion.navarra.es\/wp-content\/uploads\/2016\/02\/Emulator-300x206.png 300w, https:\/\/codigo21.educacion.navarra.es\/wp-content\/uploads\/2016\/02\/Emulator-768x527.png 768w, https:\/\/codigo21.educacion.navarra.es\/wp-content\/uploads\/2016\/02\/Emulator-249x171.png 249w\" sizes=\"(max-width: 600px) 100vw, 600px\" \/><\/a><figcaption id=\"caption-attachment-1896\" class=\"wp-caption-text\">\u00bfTodav\u00eda no tienes un dispositivo Android? Utiliza el emulador<\/figcaption><\/figure>\n<p>&nbsp;<\/p>\n<h2>Opci\u00f3n 3<\/h2>\n<h3><span style=\"color: #5e5247;\">\u00bfNo ten\u00e9is WiFi?\u00a0Construir aplicaciones con un dispositivo Android y Cable USB:\u00a0<\/span><a href=\"https:\/\/sites.google.com\/site\/appinventormegusta\/instalacion\/conexion-a-un-telefono-o-tableta-con-un-cable-usb\" target=\"_blank\"><span style=\"color: #0b5394;\">Instrucciones<\/span><\/a><\/h3>\n<p>Algunos servidores de seguridad dentro de las escuelas y las organizaciones no permiten el tipo de conexi\u00f3n Wi-Fi necesario.\u00a0Si WiFi no funciona , usa la conexi\u00f3n USB.<\/p>\n<figure id=\"attachment_1898\" aria-describedby=\"caption-attachment-1898\" style=\"width: 600px\" class=\"wp-caption aligncenter\"><a href=\"https:\/\/sites.google.com\/site\/appinventormegusta\/instalacion\/conexion-a-un-telefono-o-tableta-con-un-cable-usb\" target=\"_blank\"><img loading=\"lazy\" class=\"wp-image-1898\" src=\"http:\/\/codigo21.educacion.navarra.es\/wp-content\/uploads\/2016\/02\/USB.png\" alt=\"Construir aplicaciones con un dispositivo Android y Cable USB\" width=\"600\" height=\"311\" srcset=\"https:\/\/codigo21.educacion.navarra.es\/wp-content\/uploads\/2016\/02\/USB.png 991w, https:\/\/codigo21.educacion.navarra.es\/wp-content\/uploads\/2016\/02\/USB-300x155.png 300w, https:\/\/codigo21.educacion.navarra.es\/wp-content\/uploads\/2016\/02\/USB-768x398.png 768w, https:\/\/codigo21.educacion.navarra.es\/wp-content\/uploads\/2016\/02\/USB-330x171.png 330w\" sizes=\"(max-width: 600px) 100vw, 600px\" \/><\/a><figcaption id=\"caption-attachment-1898\" class=\"wp-caption-text\">Construir aplicaciones con un dispositivo Android y Cable USB<\/figcaption><\/figure>\n<hr \/>\n<div>\n<p>&nbsp;<\/p>\n<h2>Requisitos del sistema<\/h2>\n<pre>Nota: Internet Explorer no es soportado todav\u00eda. Recomendamos Chrome o Firefox.<\/pre>\n<h3><a name=\"TOC-Ordenador-y-el-sistema-operativo\"><\/a><span style=\"color: inherit; font-family: inherit;\">Ordenador y el sistema operativo<\/span><\/h3>\n<ul>\n<li>Macintosh (con procesador Intel): Mac OS X 10.5 o superior<\/li>\n<li>De Windows: Windows XP, Windows Vista, Windows 7<\/li>\n<li>GNU \/ Linux: Ubuntu 8 o superior, Debian 5 o superior<\/li>\n<\/ul>\n<h3><a name=\"TOC-Navegador\"><\/a>Navegador<\/h3>\n<ul>\n<li>Mozilla Firefox 3.6 o superior<\/li>\n<li>Nota: Si est\u00e1 utilizando Firefox con la extensi\u00f3n NoScript, usted necesita dar vuelta a la extensi\u00f3n fuera.\u00a0Ver la nota en la\u00a0<a href=\"http:\/\/appinventor.mit.edu\/explore\/ai2\/support\/troubleshooting.html#blocks\" rel=\"nofollow\">p\u00e1gina de soluci\u00f3n de problemas<\/a>.<\/li>\n<li>Apple Safari 5.0 o superior<\/li>\n<li>Google Chrome 4.0 o superior<\/li>\n<li>Microsoft Internet Explorer no es soportado<\/li>\n<\/ul>\n<h3><a name=\"TOC-Tel-fono-o-la-tableta-o-utilizar-el-emulador-en-pantalla-\"><\/a>Tel\u00e9fono o la tableta (o utilizar el emulador en pantalla)<\/h3>\n<ul>\n<li>Sistema operativo Android 2.3 (&#8220;Gingerbread&#8221;) o superior<\/li>\n<\/ul>\n<p>&nbsp;<\/p>\n<p><b>Autor del contenido de esta p\u00e1gina y del \u00a0contenido de los enlaces:\u00a0<a href=\"https:\/\/sites.google.com\/site\/appinventormegusta\/\" target=\"_blank\" rel=\"nofollow\">App Inventor en Espa\u00f1ol<\/a><\/b> por <a href=\"https:\/\/plus.google.com\/u\/0\/106807581933367246233\" target=\"_blank\" rel=\"cc:attributionURL\">Antonio Ricoy Riego<\/a> se encuentra bajo una <a href=\"http:\/\/creativecommons.org\/licenses\/by-nc\/3.0\/deed.es\" target=\"_blank\" rel=\"nofollow\">Licencia Creative Commons Atribuci\u00f3n-NoComercial 3.0 Unported<\/a>.<\/p>\n<\/div>\n","protected":false},"excerpt":{"rendered":"<p>&nbsp; Puedes configurar la aplicaci\u00f3n Inventor y empezar a crear aplicaciones en cuesti\u00f3n de minutos. El Dise\u00f1ador y Editor de bloques se ejecutan ahora por completo en el navegador (la nube!). Para ver tu aplicaci\u00f3n en un dispositivo mientras lo construyes (tambi\u00e9n llamada &#8220;Probando en vivo&#8221;), tendr\u00e1s que seguir los pasos que se muestran a [&hellip;]<\/p>\n","protected":false},"author":22,"featured_media":0,"parent":1621,"menu_order":0,"comment_status":"closed","ping_status":"closed","template":"","meta":{"_genesis_hide_title":false,"_genesis_hide_breadcrumbs":false,"_genesis_hide_singular_image":false,"_genesis_hide_footer_widgets":false,"_genesis_custom_body_class":"","_genesis_custom_post_class":"","_genesis_layout":""},"_links":{"self":[{"href":"https:\/\/codigo21.educacion.navarra.es\/eu\/wp-json\/wp\/v2\/pages\/1930"}],"collection":[{"href":"https:\/\/codigo21.educacion.navarra.es\/eu\/wp-json\/wp\/v2\/pages"}],"about":[{"href":"https:\/\/codigo21.educacion.navarra.es\/eu\/wp-json\/wp\/v2\/types\/page"}],"author":[{"embeddable":true,"href":"https:\/\/codigo21.educacion.navarra.es\/eu\/wp-json\/wp\/v2\/users\/22"}],"replies":[{"embeddable":true,"href":"https:\/\/codigo21.educacion.navarra.es\/eu\/wp-json\/wp\/v2\/comments?post=1930"}],"version-history":[{"count":0,"href":"https:\/\/codigo21.educacion.navarra.es\/eu\/wp-json\/wp\/v2\/pages\/1930\/revisions"}],"up":[{"embeddable":true,"href":"https:\/\/codigo21.educacion.navarra.es\/eu\/wp-json\/wp\/v2\/pages\/1621"}],"wp:attachment":[{"href":"https:\/\/codigo21.educacion.navarra.es\/eu\/wp-json\/wp\/v2\/media?parent=1930"}],"curies":[{"name":"wp","href":"https:\/\/api.w.org\/{rel}","templated":true}]}}