{"id":1624,"date":"2014-10-31T11:14:28","date_gmt":"2014-10-31T10:14:28","guid":{"rendered":"http:\/\/codigo21.educacion.navarra.es\/eu\/?page_id=1624"},"modified":"2016-01-15T10:06:10","modified_gmt":"2016-01-15T09:06:10","slug":"baliabideak-fam","status":"publish","type":"page","link":"https:\/\/codigo21.educacion.navarra.es\/eu\/familiak\/baliabideak-fam\/","title":{"rendered":"Baliabideak"},"content":{"rendered":"<figure id=\"attachment_293\" aria-describedby=\"caption-attachment-293\" style=\"width: 1024px\" class=\"wp-caption aligncenter\"><a href=\"http:\/\/codigo21.educacion.navarra.es\/wp-content\/uploads\/2014\/10\/photo-1416339442236-8ceb164046f8.jpeg\"><img loading=\"lazy\" class=\"size-large wp-image-293\" src=\"http:\/\/codigo21.educacion.navarra.es\/wp-content\/uploads\/2014\/10\/photo-1416339442236-8ceb164046f8-1024x740.jpeg\" alt=\"Desde el hogar se puede apoyar el aprendizaje en programaci\u00f3n, rob\u00f3tica educativa y otras tecnolog\u00edas. JEFF SHELDON\" width=\"1024\" height=\"740\" srcset=\"https:\/\/codigo21.educacion.navarra.es\/wp-content\/uploads\/2014\/10\/photo-1416339442236-8ceb164046f8-1024x740.jpeg 1024w, https:\/\/codigo21.educacion.navarra.es\/wp-content\/uploads\/2014\/10\/photo-1416339442236-8ceb164046f8-300x216.jpeg 300w\" sizes=\"(max-width: 1024px) 100vw, 1024px\" \/><\/a><figcaption id=\"caption-attachment-293\" class=\"wp-caption-text\">Desde el hogar se puede apoyar el aprendizaje en programaci\u00f3n, rob\u00f3tica educativa y otras tecnolog\u00edas<\/figcaption><\/figure>\n<p>El conocimiento en programaci\u00f3n, rob\u00f3tica educativa y otras tecnolog\u00edas creativa permite desarrollar <strong>habilidades <\/strong>como la <strong>resoluci\u00f3n de problemas<\/strong>, la <strong>inteligencia matem\u00e1tica<\/strong>, el <strong>trabajo en equipo<\/strong>, el desarrollo del <strong>lenguaje<\/strong>, el <strong>pensamiento l\u00f3gico y abstracto<\/strong>, la <strong>creatividad<\/strong>, la <strong>colaboraci\u00f3n<\/strong>\u00a0o la <a href=\"http:\/\/codigo21.educacion.navarra.es\/familias\/competencia-digital\/\"><strong>competencia digital<\/strong><\/a>\u00a0en nuestros ni\u00f1os, ni\u00f1as y adolescentes.\u00a0Pasar de consumidor a creador de tecnolog\u00eda permite formar a ciudadanos cr\u00edticos y participativos.<\/p>\n<p>A continuaci\u00f3n podr\u00e1s encontrar recursos para trabajar desde casa:<\/p>\n<p><strong><a href=\"http:\/\/scratch.mit.edu\/\" target=\"_blank\">Scratch<\/a><\/strong>. Programa dise\u00f1ado y mantenido por Lifelong Kindergarten del Laboratorio de Medios del MIT. Permite crear\u00a0historias interactivas, juegos, aplicaciones y animaciones de manera sencilla por ellos y ellas mismas:\u00a0<a href=\"http:\/\/codigo21.educacion.navarra.es\/alumnado\/recursos\/scratch.mit.edu\" target=\"_blank\">scratch.mit.edu<\/a>. Como lo definen en su p\u00e1gina web &#8220;Scratch es un lenguaje de programaci\u00f3n y una comunidad en l\u00ednea donde los ni\u00f1os pueden programar y compartir medios interactivos historias, juegos y animaciones con personas de todo el mundo. Cuando los ni\u00f1os crean con Scratch, aprenden a pensar creativamente, trabajar colaborativamente, y razonar sistem\u00e1ticamente&#8221;. Accede a la <a href=\"http:\/\/scratch.mit.edu\/parents\/\" target=\"_blank\">secci\u00f3n para padres de Scratch<\/a> para obtener m\u00e1s informaci\u00f3n.<\/p>\n<p><strong><a title=\"Scratch Jr.\" href=\"http:\/\/www.scratchjr.org\/\" target=\"_blank\">Scratch Jr<\/a><\/strong>. El equipo de Scratch ha desarrollado Scratch Jr. de manera espec\u00edfica para\u00a0los m\u00e1s peque\u00f1os, a partir de\u00a0Educaci\u00f3n Infantil: <a href=\"http:\/\/www.scratchjr.org\/\" target=\"_blank\">www.scratchjr.org<\/a>.<\/p>\n<p><strong><a href=\"http:\/\/Code.org\" target=\"_blank\">Code.org<\/a><\/strong>.\u00a0Code.org es una iniciativa sin \u00e1nimo de lucro apoyada por numerosas <a href=\"http:\/\/hourofcode.com\/es\/partners\" target=\"_blank\">instituciones y empresas tecnol\u00f3gicas<\/a> con el objetivo de aumentar la alfabetizaci\u00f3n computacional entre los escolares de todo el mundo. Organiza en todo el mundo<a title=\"La hora del c\u00f3digo\" href=\"http:\/\/hourofcode.com\/\" target=\"_blank\"> \u201cLa hora del c\u00f3digo\u201d <\/a>y recoge\u00a0materiales y propuestas para estudiantes de todas las edades.<\/p>\n<p><strong><a href=\"http:\/\/girlswhocode.com\/\" target=\"_blank\">Girls who code<\/a><\/strong>.\u00a0Instituci\u00f3n norteamericana sin \u00e1nimo de lucro que trata de cerrar la <strong>brecha de g\u00e9nero<\/strong> que existe en los sectores de la tecnolog\u00eda y la ingenier\u00eda. Organizan campamentos de inmersi\u00f3n total en verano y, a trav\u00e9s de la p\u00e1gina web, se crean comunidades o clubs de trabajo que reciben formaci\u00f3n tecnol\u00f3gica a trav\u00e9s de voluntarios.\u00a0<a href=\"www.blackgirlscode.com\/\" target=\"_blank\">Black Girls Code<\/a>, adem\u00e1s, busca romper con las barreras raciales.<\/p>\n<p><strong><a href=\"http:\/\/www.codecademy.com\/\" target=\"_blank\">Codeacademy<\/a>.\u00a0<\/strong><strong>Cursos de programaci\u00f3n<\/strong> interactivos online sobre diferentes\u00a0lenguajes de programaci\u00f3n utilizados \u00a0en la actualidad: HTML5, Javascript, Python, Ruby, PHP\u2026 El sitio no est\u00e1 pensado para p\u00fablico escolar, pero puede ser interesante para aprender a programar como adultos: <a href=\"http:\/\/www.codecademy.com\/\" target=\"_blank\">www.codecademy.com<\/a>.<\/p>\n<p><a title=\"Codeschool\" href=\"http:\/\/www.codeschool.com\" target=\"_blank\"><strong>Codeschool<\/strong><\/a>. Tambi\u00e9n ofrece cursos de programaci\u00f3n de diversos lenguajes y para p\u00fablico adulto: <a href=\"http:\/\/www.codeschool.com\" target=\"_blank\">www.codeschool.com<\/a>.<\/p>\n<p><strong><a href=\"http:\/\/www.thinkbit.org\/sobre-thinkbit\/\" target=\"_blank\">Thinkbit<\/a>.\u00a0<\/strong>Iniciativa impulsada por Fundaci\u00f3n Telef\u00f3nica que pretende que los j\u00f3venes aprendan rob\u00f3tica, programaci\u00f3n y electr\u00f3nica. Ofrecen informaci\u00f3n, tutoriales y actividades de <strong>programaci\u00f3n robotica con Arduino<\/strong>:\u00a0<a href=\"http:\/\/www.thinkbit.org\/sobre-thinkbit\/\" target=\"_blank\">www.thinkbit.org<\/a><\/p>\n<p><strong><a href=\"http:\/\/waterbearlang.com\" target=\"_blank\">Waterbearlang<\/a><\/strong>:\u00a0Herramienta para facilitar el aprendizaje de la programaci\u00f3n recomendada para utilizar en cursos superiores a Primaria: <a href=\"http:\/\/waterbearlang.com\/\" target=\"_blank\">www.waterbearlang.com<\/a>.<\/p>\n<p><a title=\"Alice\" href=\"http:\/\/www.alice.org\/\" target=\"_blank\"><strong>Alice<\/strong><\/a>: software educativo para aprender a programar en 3D:\u00a0<a href=\"http:\/\/www.alice.org\/\" target=\"_blank\">www.alice.org<\/a>.<\/p>\n<p><a title=\"Tynker\" href=\"http:\/\/www.tynker.com\/\" target=\"_blank\"><strong>Tynker<\/strong><\/a>: herramienta para aprender a programar de manera visual a trav\u00e9s de bloques:\u00a0<a title=\"Tynker\" href=\"http:\/\/www.tynker.com\/\" target=\"_blank\">www.tynker.com<\/a>.<\/p>\n<p><a title=\"Hackety\" href=\"http:\/\/www.hackety.com\/\" target=\"_blank\"><strong>Hackety Hack<\/strong><\/a>: fundamentos de programaci\u00f3n desde cero:\u00a0<a title=\"Hackety\" href=\"http:\/\/www.hackety.com\/\" target=\"_blank\">www.hackety.com<\/a>.<\/p>\n<p><a title=\"Kodable\" href=\"https:\/\/www.kodable.com\/\" target=\"_blank\"><strong>Kodable<\/strong><\/a>: software de introducci\u00f3n al lenguaje de programaci\u00f3n:\u00a0<a title=\"Kodable\" href=\"https:\/\/www.kodable.com\/\" target=\"_blank\">www.kodable.com<\/a>.<\/p>\n<p><strong><a title=\"Stencyl\" href=\"http:\/\/www.stencyl.com\/\" target=\"_blank\">Stencyl<\/a><\/strong>: herramienta para el dise\u00f1o de videojuegos para todas las plataformas m\u00f3viles y sistemas operativos:\u00a0<a title=\"Stencyl\" href=\"http:\/\/www.stencyl.com\/\" target=\"_blank\">www.stencyl.com<\/a>.<\/p>\n<p><a title=\"App Inventor\" href=\"http:\/\/appinventor.mit.edu\/explore\/\" target=\"_blank\"><strong>App Inventor<\/strong><\/a>: software para el desarrollo de aplicaciones m\u00f3viles en Android:\u00a0<a title=\"App inventor\" href=\"http:\/\/appinventor.mit.edu\/explore\/\" target=\"_blank\">appinventor.mit.edu<\/a>.<\/p>\n<p><a title=\"Robomind\" href=\"http:\/\/www.robomind.net\/es\/\" target=\"_blank\"><strong>RoboMind<\/strong><\/a>: programaci\u00f3n b\u00e1sica de robots:\u00a0<a title=\"Robomind\" href=\"http:\/\/www.robomind.net\/es\/\" target=\"_blank\">www.robomind.net<\/a>.<\/p>\n<p><a title=\"Etoys\" href=\"http:\/\/www.squeakland.org\/\" target=\"_blank\"><strong>Etoys<\/strong><\/a>: herramienta de aprendizaje de programaci\u00f3n de software libre:\u00a0<a title=\"Etoys\" href=\"http:\/\/www.squeakland.org\/\" target=\"_blank\">www.squeakland.org<\/a>.<\/p>\n<p><a href=\"http:\/\/www.gethopscotch.com\" target=\"_blank\"><strong>HopScotch<\/strong><\/a>: app para tabletas para aprender a programar:\u00a0<a href=\"http:\/\/www.gethopscotch.com\" target=\"_blank\">www.gethopscotch.com<\/a>.<\/p>\n<p><a title=\"Move the turtle\" href=\"http:\/\/movetheturtle.com\/\" target=\"_blank\"><strong>Move the Turtle<\/strong>:<\/a> app de programaci\u00f3n en smartphones y tabletas iOS: <a title=\"Move the turtle\" href=\"http:\/\/movetheturtle.com\/\" target=\"_blank\">www.movetheturtle.com<\/a>.<\/p>\n<p><a title=\"CargoBot\" href=\"http:\/\/twolivesleft.com\/CargoBot\/\" target=\"_blank\"><strong>Cargo Bot<\/strong><\/a>: juego de programaci\u00f3n en tabletas: <a title=\"CargoBot\" href=\"http:\/\/twolivesleft.com\/CargoBot\/\" target=\"_blank\">twolivesleft.com\/CargoBot<\/a>.<\/p>\n<p><a title=\"Daisy\" href=\"https:\/\/itunes.apple.com\/es\/app\/daisy-the-dinosaur\/id490514278?mt=8\" target=\"_blank\"><strong>Daisy the Dinosaur<\/strong><\/a>: app de programaci\u00f3n b\u00e1sica a trav\u00e9s de bloques para smartphones:\u00a0<a title=\"Daisy\" href=\"https:\/\/itunes.apple.com\/es\/app\/daisy-the-dinosaur\/id490514278?mt=8\" target=\"_blank\">itunes.apple.com<\/a>.<\/p>\n<p><a title=\"Code Hunt\" href=\"https:\/\/www.codehunt.com\/\" target=\"_blank\"><strong>Code Hunt<\/strong><\/a>: videojuego de Microsoft para estudiantes a partir de secundaria para aprender a programar:\u00a0<a title=\"Codehunt\" href=\"https:\/\/www.codehunt.com\/\" target=\"_blank\">www.codehunt.com<\/a>.<\/p>\n<p><a title=\"Robot Turtles\" href=\"http:\/\/www.robotturtles.com\/\" target=\"_blank\"><strong>Robot Turtles<\/strong><\/a>: juego de mesa de Kickstarter para aprender a programar desde\u00a0primeros cursos de Primaria:\u00a0<a title=\"Robot Turtles\" href=\"http:\/\/www.robotturtles.com\/\" target=\"_blank\">www.robotturtles.com<\/a>&#8211;<\/p>\n","protected":false},"excerpt":{"rendered":"<p>El conocimiento en programaci\u00f3n, rob\u00f3tica educativa y otras tecnolog\u00edas creativa permite desarrollar habilidades como la resoluci\u00f3n de problemas, la inteligencia matem\u00e1tica, el trabajo en equipo, el desarrollo del lenguaje, el pensamiento l\u00f3gico y abstracto, la creatividad, la colaboraci\u00f3n\u00a0o la competencia digital\u00a0en nuestros ni\u00f1os, ni\u00f1as y adolescentes.\u00a0Pasar de consumidor a creador de tecnolog\u00eda permite formar a [&hellip;]<\/p>\n","protected":false},"author":22,"featured_media":1144,"parent":1596,"menu_order":0,"comment_status":"open","ping_status":"open","template":"","meta":{"_genesis_hide_title":false,"_genesis_hide_breadcrumbs":false,"_genesis_hide_singular_image":false,"_genesis_hide_footer_widgets":false,"_genesis_custom_body_class":"","_genesis_custom_post_class":"","_genesis_layout":""},"_links":{"self":[{"href":"https:\/\/codigo21.educacion.navarra.es\/eu\/wp-json\/wp\/v2\/pages\/1624"}],"collection":[{"href":"https:\/\/codigo21.educacion.navarra.es\/eu\/wp-json\/wp\/v2\/pages"}],"about":[{"href":"https:\/\/codigo21.educacion.navarra.es\/eu\/wp-json\/wp\/v2\/types\/page"}],"author":[{"embeddable":true,"href":"https:\/\/codigo21.educacion.navarra.es\/eu\/wp-json\/wp\/v2\/users\/22"}],"replies":[{"embeddable":true,"href":"https:\/\/codigo21.educacion.navarra.es\/eu\/wp-json\/wp\/v2\/comments?post=1624"}],"version-history":[{"count":0,"href":"https:\/\/codigo21.educacion.navarra.es\/eu\/wp-json\/wp\/v2\/pages\/1624\/revisions"}],"up":[{"embeddable":true,"href":"https:\/\/codigo21.educacion.navarra.es\/eu\/wp-json\/wp\/v2\/pages\/1596"}],"wp:featuredmedia":[{"embeddable":true,"href":"https:\/\/codigo21.educacion.navarra.es\/eu\/wp-json\/wp\/v2\/media\/1144"}],"wp:attachment":[{"href":"https:\/\/codigo21.educacion.navarra.es\/eu\/wp-json\/wp\/v2\/media?parent=1624"}],"curies":[{"name":"wp","href":"https:\/\/api.w.org\/{rel}","templated":true}]}}