{"id":1607,"date":"2014-10-31T11:14:44","date_gmt":"2014-10-31T10:14:44","guid":{"rendered":"http:\/\/codigo21.educacion.navarra.es\/eu\/?page_id=1607"},"modified":"2016-01-15T09:52:32","modified_gmt":"2016-01-15T08:52:32","slug":"gaitasun-digitala-fami","status":"publish","type":"page","link":"https:\/\/codigo21.educacion.navarra.es\/eu\/familiak\/gaitasun-digitala-fami\/","title":{"rendered":"Gaitasun digitala"},"content":{"rendered":"<figure id=\"attachment_228\" aria-describedby=\"caption-attachment-228\" style=\"width: 1024px\" class=\"wp-caption aligncenter\"><a href=\"http:\/\/codigo21.educacion.navarra.es\/wp-content\/uploads\/2014\/10\/OSASuBX1SGu4kb3ozvne_IMG_1088.jpg\"><img loading=\"lazy\" class=\"wp-image-228 size-large\" src=\"http:\/\/codigo21.educacion.navarra.es\/wp-content\/uploads\/2014\/10\/OSASuBX1SGu4kb3ozvne_IMG_1088-1024x682.jpg\" alt=\"La competencia digital es una de las 8 competencias que el alumnado debe desarrollar para incorporarse a una vida adulta de manera satisfactoria. JAKE HILLS\" width=\"1024\" height=\"682\" srcset=\"https:\/\/codigo21.educacion.navarra.es\/wp-content\/uploads\/2014\/10\/OSASuBX1SGu4kb3ozvne_IMG_1088-1024x682.jpg 1024w, https:\/\/codigo21.educacion.navarra.es\/wp-content\/uploads\/2014\/10\/OSASuBX1SGu4kb3ozvne_IMG_1088-300x200.jpg 300w, https:\/\/codigo21.educacion.navarra.es\/wp-content\/uploads\/2014\/10\/OSASuBX1SGu4kb3ozvne_IMG_1088.jpg 1050w\" sizes=\"(max-width: 1024px) 100vw, 1024px\" \/><\/a><figcaption id=\"caption-attachment-228\" class=\"wp-caption-text\">La competencia digital es una de las 8 competencias que el alumnado debe desarrollar para incorporarse a una vida adulta de manera satisfactoria<\/figcaption><\/figure>\n<p>La educaci\u00f3n actual requiere de una formaci\u00f3n espec\u00edfica para ser parte activa de la <strong>sociedad del conocimiento<\/strong> en un <strong>mundo digital<\/strong>\u00a0como afirma<a href=\"http:\/\/educalab.es\/intef\" target=\"_blank\"><strong> Instituto Nacional de Tecnolog\u00eda Educativas y de Formaci\u00f3n del Profesorado<\/strong> (INTEF)<\/a>:<\/p>\n<blockquote><p>La <strong>competencia digital<\/strong> es una de las<strong> 8 competencias clave<\/strong> que cualquier joven debe haber desarrollado\u00a0al finalizar la ense\u00f1anza obligatoria para poder incorporarse a la vida adulta de manera satisfactoria y\u00a0ser capaz de desarrollar un aprendizaje permanente a lo largo de la vida, seg\u00fan las indicaciones del\u00a0Parlamento Europeo sobre competencias clave para el aprendizaje permanente (Recomendaci\u00f3n\u00a02006\/962\/CE del Parlamento Europeo y del Consejo, de 18 de diciembre de 2006, sobre las<br \/>\ncompetencias clave para el aprendizaje permanente, Diario Oficial L 394 de 30.12.2006).<\/p><\/blockquote>\n<p>Tradicionalmente, la <strong>ense\u00f1anza de las TIC<\/strong> se centraba \u00fanicamente en herramientas especificas como procesadores de textos, hojas de c\u00e1lculo, etc. Sin embargo, en este nuevo contexto social, es necesario fomentar habilidades, conocimientos y actitudes diversas como ser <strong>cr\u00edtico y reflexivo<\/strong> con el uso que hacemos de la tecnolog\u00eda, ser consciente de sus <strong>posibilidades y riesgos<\/strong>, ser capaces de <strong>evolucionar<\/strong> con ellas, ser capaces de <strong>crearlas<\/strong>&#8230;<\/p>\n<p>La Comisi\u00f3n Europea ha desarrollado un <a title=\"Marco de Competencia Digital\" href=\"http:\/\/ipts.jrc.ec.europa.eu\/publications\/pub.cfm?id=6359\" target=\"_blank\">Marco de Competencia Digital<\/a>\u00a0que recoge estas necesidades y el INTEF y las CCAA han realizado\u00a0una propuesta de <strong><a title=\"Competencia Digital Docente\" href=\"http:\/\/educalab.es\/documents\/10180\/12809\/MarcoComunCompeDigiDoceV2.pdf\" target=\"_blank\">Competencia Digital Docente<\/a>\u00a0<\/strong>donde se concretan las 5 dimensiones formativas de la competencia digital:<\/p>\n<ol>\n<li><b>Informaci\u00f3n<\/b>: identificar, localizar, recuperar, almacenar, organizar y analizar la informaci\u00f3n digital, evaluando su finalidad y relevancia.<\/li>\n<li><b>Comunicaci\u00f3n<\/b>: comunicar en entornos digitales, compartir recursos a trav\u00e9s de herramientas en l\u00ednea, conectar y colaborar con otros a trav\u00e9s de herramientas digitales, interactuar y participar en comunidades y redes; conciencia intercultural.<\/li>\n<li><b>Creaci\u00f3n de contenido<\/b>: Crear y editar contenidos nuevos (textos, im\u00e1genes, v\u00eddeos\u2026), integrar y reelaborar conocimientos y contenidos previos, realizar producciones art\u00edsticas, contenidos multimedia y programaci\u00f3n inform\u00e1tica, saber aplicar los derechos de propiedad intelectual y las licencias de uso.<\/li>\n<li><b>Seguridad<\/b>: protecci\u00f3n personal, protecci\u00f3n de datos, protecci\u00f3n de la identidad digital, uso de seguridad, uso seguro y sostenible.<\/li>\n<li><b>Resoluci\u00f3n de problemas<\/b>: identificar necesidades y recursos digitales, tomar decisiones a la hora de elegir la herramienta digital apropiada, acorde a la finalidad o necesidad, resolver problemas conceptuales a trav\u00e9s de medios digitales, resolver problemas t\u00e9cnicos, uso creativo de la tecnolog\u00eda, actualizar la competencia propia y la de otros.<\/li>\n<\/ol>\n<p>La introducci\u00f3n de destrezas de programaci\u00f3n, rob\u00f3tica educativa y otras tecnolog\u00edas, as\u00ed como la interacci\u00f3n con contenidos multimedia a trav\u00e9s de diversas herramientas, son potentes l\u00edneas de trabajo para desarrollar varias de las dimensiones de la Competencia Digital. Adem\u00e1s, muchas de estas destrezas pueden ser apoyadas por las <strong>familias<\/strong> en el\u00a0desarrollo de esta competencia entre los menores desde las actividades cotidianas en el\u00a0hogar.<\/p>\n<p>&nbsp;<\/p>\n","protected":false},"excerpt":{"rendered":"<p>La educaci\u00f3n actual requiere de una formaci\u00f3n espec\u00edfica para ser parte activa de la sociedad del conocimiento en un mundo digital\u00a0como afirma Instituto Nacional de Tecnolog\u00eda Educativas y de Formaci\u00f3n del Profesorado (INTEF): La competencia digital es una de las 8 competencias clave que cualquier joven debe haber desarrollado\u00a0al finalizar la ense\u00f1anza obligatoria para poder [&hellip;]<\/p>\n","protected":false},"author":22,"featured_media":0,"parent":1596,"menu_order":0,"comment_status":"open","ping_status":"open","template":"","meta":{"_genesis_hide_title":false,"_genesis_hide_breadcrumbs":false,"_genesis_hide_singular_image":false,"_genesis_hide_footer_widgets":false,"_genesis_custom_body_class":"","_genesis_custom_post_class":"","_genesis_layout":""},"_links":{"self":[{"href":"https:\/\/codigo21.educacion.navarra.es\/eu\/wp-json\/wp\/v2\/pages\/1607"}],"collection":[{"href":"https:\/\/codigo21.educacion.navarra.es\/eu\/wp-json\/wp\/v2\/pages"}],"about":[{"href":"https:\/\/codigo21.educacion.navarra.es\/eu\/wp-json\/wp\/v2\/types\/page"}],"author":[{"embeddable":true,"href":"https:\/\/codigo21.educacion.navarra.es\/eu\/wp-json\/wp\/v2\/users\/22"}],"replies":[{"embeddable":true,"href":"https:\/\/codigo21.educacion.navarra.es\/eu\/wp-json\/wp\/v2\/comments?post=1607"}],"version-history":[{"count":0,"href":"https:\/\/codigo21.educacion.navarra.es\/eu\/wp-json\/wp\/v2\/pages\/1607\/revisions"}],"up":[{"embeddable":true,"href":"https:\/\/codigo21.educacion.navarra.es\/eu\/wp-json\/wp\/v2\/pages\/1596"}],"wp:attachment":[{"href":"https:\/\/codigo21.educacion.navarra.es\/eu\/wp-json\/wp\/v2\/media?parent=1607"}],"curies":[{"name":"wp","href":"https:\/\/api.w.org\/{rel}","templated":true}]}}