{"id":1605,"date":"2015-01-11T21:05:50","date_gmt":"2015-01-11T20:05:50","guid":{"rendered":"http:\/\/codigo21.educacion.navarra.es\/eu\/?page_id=1605"},"modified":"2016-01-15T09:47:22","modified_gmt":"2016-01-15T08:47:22","slug":"ikasteko-programatzea-orientabideak-lehen-hezkuntzako-irakasleentzat","status":"publish","type":"page","link":"https:\/\/codigo21.educacion.navarra.es\/eu\/irakasleak\/ikasteko-programatzea-orientabideak-lehen-hezkuntzako-irakasleentzat\/","title":{"rendered":"Ikasteko programatzea: orientabideak Lehen Hezkuntzako irakasleentzat"},"content":{"rendered":"<figure id=\"attachment_354\" aria-describedby=\"caption-attachment-354\" style=\"width: 806px\" class=\"wp-caption aligncenter\"><a href=\"http:\/\/codigo21.educacion.navarra.es\/wp-content\/uploads\/2015\/01\/programarparaaprender.png\"><img loading=\"lazy\" class=\"size-full wp-image-354\" src=\"http:\/\/codigo21.educacion.navarra.es\/wp-content\/uploads\/2015\/01\/programarparaaprender.png\" alt=\"Programar para aprender ofrece una visi\u00f3n amplia sobre c\u00f3mo impulsar proyectos de programaci\u00f3n en los centros educativos \" width=\"806\" height=\"474\" srcset=\"https:\/\/codigo21.educacion.navarra.es\/wp-content\/uploads\/2015\/01\/programarparaaprender.png 806w, https:\/\/codigo21.educacion.navarra.es\/wp-content\/uploads\/2015\/01\/programarparaaprender-300x176.png 300w, https:\/\/codigo21.educacion.navarra.es\/wp-content\/uploads\/2015\/01\/programarparaaprender-291x171.png 291w\" sizes=\"(max-width: 806px) 100vw, 806px\" \/><\/a><figcaption id=\"caption-attachment-354\" class=\"wp-caption-text\">Programar para aprender ofrece una visi\u00f3n amplia sobre c\u00f3mo impulsar proyectos de programaci\u00f3n en los centros educativos<\/figcaption><\/figure>\n<p><strong>Programar para aprender: orientaciones para el profesorado de Primaria<\/strong> es la gu\u00eda elaborada desde el <a href=\"http:\/\/www.educacion.navarra.es\/\" target=\"_blank\"><strong>Departamento de Educaci\u00f3n de Gobierno de Navarra<\/strong><\/a>, durante este curso 2014-2015, que ofrece una visi\u00f3n amplia sobre <strong>c\u00f3mo desarrollar proyectos de educaci\u00f3n en programaci\u00f3n<\/strong> para alumnos y alumnos de Primaria.<\/p>\n<p>El documento, descargable en <strong>PDF<\/strong>\u00a0(<a href=\"http:\/\/codigo21.educacion.navarra.es\/wp-content\/uploads\/2015\/01\/programarparaaprender-codigo21.pdf\" target=\"_blank\">castellano<\/a> &#8211; <a href=\"http:\/\/codigo21.educacion.navarra.es\/wp-content\/uploads\/2015\/01\/programarparaaprender-codigo21-euskara.pdf\" target=\"_blank\">euskara<\/a>), permite identificar el por qu\u00e9 de la programaci\u00f3n educativa, <strong>recomendaciones<\/strong> para los docentes y <strong>multitud de recursos<\/strong> disponibles para la realizaci\u00f3n de proyectos.<\/p>\n<h3 style=\"text-align: center;\">Versi\u00f3n en castellano<\/h3>\n<p><a href=\"http:\/\/codigo21.educacion.navarra.es\/wp-content\/uploads\/2015\/01\/programarparaaprender-codigo21.pdf\" target=\"_blank\"><img loading=\"lazy\" class=\"aligncenter wp-image-286 size-medium\" src=\"http:\/\/codigo21.educacion.navarra.es\/wp-content\/uploads\/2014\/11\/boton-descargar-azul-300x150.png\" alt=\"boton-descargar-azul\" width=\"300\" height=\"150\" srcset=\"https:\/\/codigo21.educacion.navarra.es\/wp-content\/uploads\/2014\/11\/boton-descargar-azul-300x150.png 300w, https:\/\/codigo21.educacion.navarra.es\/wp-content\/uploads\/2014\/11\/boton-descargar-azul.png 640w\" sizes=\"(max-width: 300px) 100vw, 300px\" \/><\/a><\/p>\n<h3 style=\"text-align: center;\">Versi\u00f3n en euskara<\/h3>\n<p><a href=\"http:\/\/codigo21.educacion.navarra.es\/wp-content\/uploads\/2015\/01\/programarparaaprender-codigo21-euskara.pdf\" target=\"_blank\"><img loading=\"lazy\" class=\"aligncenter wp-image-286 size-medium\" src=\"http:\/\/codigo21.educacion.navarra.es\/wp-content\/uploads\/2014\/11\/boton-descargar-azul-300x150.png\" alt=\"boton-descargar-azul\" width=\"300\" height=\"150\" srcset=\"https:\/\/codigo21.educacion.navarra.es\/wp-content\/uploads\/2014\/11\/boton-descargar-azul-300x150.png 300w, https:\/\/codigo21.educacion.navarra.es\/wp-content\/uploads\/2014\/11\/boton-descargar-azul.png 640w\" sizes=\"(max-width: 300px) 100vw, 300px\" \/><\/a><\/p>\n<p>La presente gu\u00eda se compone de cuatro secciones que facilitan y orientan al profesorado de Primaria en la realizaci\u00f3n de proyectos de programaci\u00f3n en el aula:<\/p>\n<ol>\n<li><strong>\u00bfPor qu\u00e9 programar software en Primaria y Secundaria?<\/strong> Desarrollo te\u00f3rico de c\u00f3mo se lee y escribe en el siglo XXI, as\u00ed como la descripci\u00f3n de la competencia digital desarrollada por la Comisi\u00f3n Europea y un acercamiento a la herramienta Scratch.<\/li>\n<li><strong>\u00bfQu\u00e9 dice el curr\u00edculo?<\/strong> Descripci\u00f3n de los nuevos curr\u00edculos de Navarra actualizados en junio de 2014 que incluyen estos elementos de programaci\u00f3n. Se desarrolla espec\u00edfica el curr\u00edculo de matem\u00e1ticas en 4\u00ba y 5\u00ba de Primaria y la transversalidad y proyectos de centro.<\/li>\n<li><strong>Recomendaciones de trabajo<\/strong>. Indicaciones\u00a0b\u00e1sicas para crear un proyecto docente de programaci\u00f3n en el aula.<\/li>\n<li><strong>Recursos para el profesorado<\/strong>. Actividades listas para usar en clase, unidades graduadas, sesiones de programaci\u00f3n sin ordenador, recursos para comenzar y tutoriales, proyectos ya realizados, formaci\u00f3n espec\u00edfica a docentes, recursos para programaci\u00f3n y rob\u00f3tica&#8230;<\/li>\n<\/ol>\n","protected":false},"excerpt":{"rendered":"<p>Programar para aprender: orientaciones para el profesorado de Primaria es la gu\u00eda elaborada desde el Departamento de Educaci\u00f3n de Gobierno de Navarra, durante este curso 2014-2015, que ofrece una visi\u00f3n amplia sobre c\u00f3mo desarrollar proyectos de educaci\u00f3n en programaci\u00f3n para alumnos y alumnos de Primaria. El documento, descargable en PDF\u00a0(castellano &#8211; euskara), permite identificar el [&hellip;]<\/p>\n","protected":false},"author":22,"featured_media":1154,"parent":1591,"menu_order":0,"comment_status":"open","ping_status":"open","template":"","meta":{"_genesis_hide_title":false,"_genesis_hide_breadcrumbs":false,"_genesis_hide_singular_image":false,"_genesis_hide_footer_widgets":false,"_genesis_custom_body_class":"","_genesis_custom_post_class":"","_genesis_layout":""},"_links":{"self":[{"href":"https:\/\/codigo21.educacion.navarra.es\/eu\/wp-json\/wp\/v2\/pages\/1605"}],"collection":[{"href":"https:\/\/codigo21.educacion.navarra.es\/eu\/wp-json\/wp\/v2\/pages"}],"about":[{"href":"https:\/\/codigo21.educacion.navarra.es\/eu\/wp-json\/wp\/v2\/types\/page"}],"author":[{"embeddable":true,"href":"https:\/\/codigo21.educacion.navarra.es\/eu\/wp-json\/wp\/v2\/users\/22"}],"replies":[{"embeddable":true,"href":"https:\/\/codigo21.educacion.navarra.es\/eu\/wp-json\/wp\/v2\/comments?post=1605"}],"version-history":[{"count":0,"href":"https:\/\/codigo21.educacion.navarra.es\/eu\/wp-json\/wp\/v2\/pages\/1605\/revisions"}],"up":[{"embeddable":true,"href":"https:\/\/codigo21.educacion.navarra.es\/eu\/wp-json\/wp\/v2\/pages\/1591"}],"wp:featuredmedia":[{"embeddable":true,"href":"https:\/\/codigo21.educacion.navarra.es\/eu\/wp-json\/wp\/v2\/media\/1154"}],"wp:attachment":[{"href":"https:\/\/codigo21.educacion.navarra.es\/eu\/wp-json\/wp\/v2\/media?parent=1605"}],"curies":[{"name":"wp","href":"https:\/\/api.w.org\/{rel}","templated":true}]}}