{"id":1598,"date":"2014-12-23T22:38:33","date_gmt":"2014-12-23T21:38:33","guid":{"rendered":"http:\/\/codigo21.educacion.navarra.es\/eu\/?page_id=1598"},"modified":"2016-01-15T09:50:13","modified_gmt":"2016-01-15T08:50:13","slug":"gaitasun-digitala","status":"publish","type":"page","link":"https:\/\/codigo21.educacion.navarra.es\/eu\/araudia\/gaitasun-digitala\/","title":{"rendered":"Gaitasun digitala"},"content":{"rendered":"<figure id=\"attachment_228\" aria-describedby=\"caption-attachment-228\" style=\"width: 1024px\" class=\"wp-caption aligncenter\"><a href=\"http:\/\/codigo21.educacion.navarra.es\/wp-content\/uploads\/2014\/10\/OSASuBX1SGu4kb3ozvne_IMG_1088.jpg\"><img loading=\"lazy\" class=\"size-large wp-image-228\" src=\"http:\/\/codigo21.educacion.navarra.es\/wp-content\/uploads\/2014\/10\/OSASuBX1SGu4kb3ozvne_IMG_1088-1024x682.jpg\" alt=\"Competencia Digital. \" width=\"1024\" height=\"682\" srcset=\"https:\/\/codigo21.educacion.navarra.es\/wp-content\/uploads\/2014\/10\/OSASuBX1SGu4kb3ozvne_IMG_1088-1024x682.jpg 1024w, https:\/\/codigo21.educacion.navarra.es\/wp-content\/uploads\/2014\/10\/OSASuBX1SGu4kb3ozvne_IMG_1088-300x200.jpg 300w, https:\/\/codigo21.educacion.navarra.es\/wp-content\/uploads\/2014\/10\/OSASuBX1SGu4kb3ozvne_IMG_1088.jpg 1050w\" sizes=\"(max-width: 1024px) 100vw, 1024px\" \/><\/a><figcaption id=\"caption-attachment-228\" class=\"wp-caption-text\">La competencia digital es una de las 8 competencias clave de cualquier joven<\/figcaption><\/figure>\n<p>La educaci\u00f3n actual requiere de una formaci\u00f3n espec\u00edfica para ser parte activa de la <strong>sociedad del conocimiento<\/strong> en un <strong>mundo digital<\/strong>\u00a0como afirma<a href=\"http:\/\/educalab.es\/intef\" target=\"_blank\"><strong> Instituto Nacional de Tecnolog\u00eda Educativas y de Formaci\u00f3n del Profesorado<\/strong> (INTEF)<\/a>:<\/p>\n<blockquote><p>La <strong>competencia digital<\/strong> es una de las<strong> 8 competencias clave<\/strong> que cualquier joven debe haber desarrollado\u00a0al finalizar la ense\u00f1anza obligatoria para poder incorporarse a la vida adulta de manera satisfactoria y\u00a0ser capaz de desarrollar un aprendizaje permanente a lo largo de la vida.<\/p><\/blockquote>\n<p>La Comisi\u00f3n Europea ha desarrollado un <a title=\"Marco de Competencia Digital\" href=\"http:\/\/ipts.jrc.ec.europa.eu\/publications\/pub.cfm?id=6359\" target=\"_blank\">Marco de Competencia Digital<\/a>\u00a0que recoge estas necesidades y el INTEF y las CCAA han realizado\u00a0una propuesta de <strong><a title=\"Competencia Digital Docente\" href=\"http:\/\/educalab.es\/documents\/10180\/12809\/MarcoComunCompeDigiDoceV2.pdf\" target=\"_blank\">Competencia Digital Docente<\/a>\u00a0<\/strong>donde se concretan las 5 dimensiones formativas de la competencia digital: informaci\u00f3n, comunicaci\u00f3n, creaci\u00f3n de contenido, seguridad y resoluci\u00f3n de problemas.<\/p>\n<p>Accede a m\u00e1s informaci\u00f3n sobre <a href=\"http:\/\/codigo21.educacion.navarra.es\/familias\/competencia-digital\/\">competencia digital<\/a>.<\/p>\n","protected":false},"excerpt":{"rendered":"<p>La educaci\u00f3n actual requiere de una formaci\u00f3n espec\u00edfica para ser parte activa de la sociedad del conocimiento en un mundo digital\u00a0como afirma Instituto Nacional de Tecnolog\u00eda Educativas y de Formaci\u00f3n del Profesorado (INTEF): La competencia digital es una de las 8 competencias clave que cualquier joven debe haber desarrollado\u00a0al finalizar la ense\u00f1anza obligatoria para poder [&hellip;]<\/p>\n","protected":false},"author":22,"featured_media":1125,"parent":1590,"menu_order":0,"comment_status":"open","ping_status":"open","template":"","meta":{"_genesis_hide_title":false,"_genesis_hide_breadcrumbs":false,"_genesis_hide_singular_image":false,"_genesis_hide_footer_widgets":false,"_genesis_custom_body_class":"","_genesis_custom_post_class":"","_genesis_layout":""},"_links":{"self":[{"href":"https:\/\/codigo21.educacion.navarra.es\/eu\/wp-json\/wp\/v2\/pages\/1598"}],"collection":[{"href":"https:\/\/codigo21.educacion.navarra.es\/eu\/wp-json\/wp\/v2\/pages"}],"about":[{"href":"https:\/\/codigo21.educacion.navarra.es\/eu\/wp-json\/wp\/v2\/types\/page"}],"author":[{"embeddable":true,"href":"https:\/\/codigo21.educacion.navarra.es\/eu\/wp-json\/wp\/v2\/users\/22"}],"replies":[{"embeddable":true,"href":"https:\/\/codigo21.educacion.navarra.es\/eu\/wp-json\/wp\/v2\/comments?post=1598"}],"version-history":[{"count":0,"href":"https:\/\/codigo21.educacion.navarra.es\/eu\/wp-json\/wp\/v2\/pages\/1598\/revisions"}],"up":[{"embeddable":true,"href":"https:\/\/codigo21.educacion.navarra.es\/eu\/wp-json\/wp\/v2\/pages\/1590"}],"wp:featuredmedia":[{"embeddable":true,"href":"https:\/\/codigo21.educacion.navarra.es\/eu\/wp-json\/wp\/v2\/media\/1125"}],"wp:attachment":[{"href":"https:\/\/codigo21.educacion.navarra.es\/eu\/wp-json\/wp\/v2\/media?parent=1598"}],"curies":[{"name":"wp","href":"https:\/\/api.w.org\/{rel}","templated":true}]}}