{"id":1594,"date":"2014-10-31T11:11:13","date_gmt":"2014-10-31T10:11:13","guid":{"rendered":"http:\/\/codigo21.educacion.navarra.es\/eu\/?page_id=1594"},"modified":"2016-01-14T15:50:38","modified_gmt":"2016-01-14T14:50:38","slug":"ikasleak","status":"publish","type":"page","link":"https:\/\/codigo21.educacion.navarra.es\/eu\/ikasleak\/","title":{"rendered":"Ikasleak"},"content":{"rendered":"<p>\u00bfQuieres aprender a programar? \u00bfTe gusta la rob\u00f3tica educativa? \u00bfDisfrutas navegando por Internet? Entonces este es tu lugar :).<\/p>\n<p>En C\u00f3digo 21 encontrar\u00e1s recursos, ideas, concursos y consejos de seguridad para moverte en el mundo digital y tecnol\u00f3gico de manera responsable.<\/p>\n<p><strong>Programar para aprender<\/strong>, programar para <strong>expresarnos<\/strong>, programar para <strong>comprender<\/strong> mejor los contenidos cient\u00edficos y tecnol\u00f3gicos, para perder el miedo a <strong>crear y compartir<\/strong>, y para que todos, chicos y chicas de todas las edades y entorno social, tengamos las <strong>mismas oportunidades<\/strong> de acceder a la educaci\u00f3n de este\u00a0siglo:<\/p>\n<ul>\n<li>\n<h4><a href=\"http:\/\/codigo21.educacion.navarra.es\/profesorado\/por-que-codigo-21\/\">\u00bfQu\u00e9 es C\u00f3digo 21?<\/a><\/h4>\n<\/li>\n<li>\n<h4><a href=\"http:\/\/codigo21.educacion.navarra.es\/alumnado\/recursos\/\" target=\"_blank\">\u00bfQu\u00e9 recursos tenemos?<\/a><\/h4>\n<\/li>\n<li>\n<h4><a href=\"http:\/\/codigo21.educacion.navarra.es\/alumnado\/seguridad\/\">\u00bfQu\u00e9 sabemos sobre seguridad?<\/a><\/h4>\n<\/li>\n<li>\n<h4><a href=\"http:\/\/codigo21.educacion.navarra.es\/categor%C3%ADa\/jovenes-creadores\/\">\u00bfQu\u00e9 hacen otros j\u00f3venes que se interesan por la tecnolog\u00eda?<\/a><\/h4>\n<\/li>\n<li>\n<h4><a href=\"http:\/\/pamplonetario.org\/category\/pamplonetabot\/\" target=\"_blank\">\u00bfQu\u00e9 se hace en Pamplonetario?<\/a><\/h4>\n<\/li>\n<\/ul>\n<p>Juntos podemos aprender a crear tecnolog\u00eda y no solo consumirla.<\/p>\n<p>&nbsp;<\/p>\n","protected":false},"excerpt":{"rendered":"<p>\u00bfQuieres aprender a programar? \u00bfTe gusta la rob\u00f3tica educativa? \u00bfDisfrutas navegando por Internet? Entonces este es tu lugar :). En C\u00f3digo 21 encontrar\u00e1s recursos, ideas, concursos y consejos de seguridad para moverte en el mundo digital y tecnol\u00f3gico de manera responsable. Programar para aprender, programar para expresarnos, programar para comprender mejor los contenidos cient\u00edficos y [&hellip;]<\/p>\n","protected":false},"author":22,"featured_media":0,"parent":0,"menu_order":0,"comment_status":"open","ping_status":"closed","template":"","meta":{"_genesis_hide_title":false,"_genesis_hide_breadcrumbs":false,"_genesis_hide_singular_image":false,"_genesis_hide_footer_widgets":false,"_genesis_custom_body_class":"","_genesis_custom_post_class":"","_genesis_layout":""},"_links":{"self":[{"href":"https:\/\/codigo21.educacion.navarra.es\/eu\/wp-json\/wp\/v2\/pages\/1594"}],"collection":[{"href":"https:\/\/codigo21.educacion.navarra.es\/eu\/wp-json\/wp\/v2\/pages"}],"about":[{"href":"https:\/\/codigo21.educacion.navarra.es\/eu\/wp-json\/wp\/v2\/types\/page"}],"author":[{"embeddable":true,"href":"https:\/\/codigo21.educacion.navarra.es\/eu\/wp-json\/wp\/v2\/users\/22"}],"replies":[{"embeddable":true,"href":"https:\/\/codigo21.educacion.navarra.es\/eu\/wp-json\/wp\/v2\/comments?post=1594"}],"version-history":[{"count":0,"href":"https:\/\/codigo21.educacion.navarra.es\/eu\/wp-json\/wp\/v2\/pages\/1594\/revisions"}],"wp:attachment":[{"href":"https:\/\/codigo21.educacion.navarra.es\/eu\/wp-json\/wp\/v2\/media?parent=1594"}],"curies":[{"name":"wp","href":"https:\/\/api.w.org\/{rel}","templated":true}]}}