{"id":1591,"date":"2014-10-29T13:19:51","date_gmt":"2014-10-29T12:19:51","guid":{"rendered":"http:\/\/codigo21.educacion.navarra.es\/eu\/?page_id=1591"},"modified":"2016-01-14T15:48:37","modified_gmt":"2016-01-14T14:48:37","slug":"irakasleak","status":"publish","type":"page","link":"https:\/\/codigo21.educacion.navarra.es\/eu\/irakasleak\/","title":{"rendered":"Irakasleak"},"content":{"rendered":"<p>En esta secci\u00f3n podr\u00e1s acceder a toda la informaci\u00f3n que necesites para implantar la programaci\u00f3n, rob\u00f3tica educativa y otras tecnolog\u00edas en el aula:<\/p>\n<ul>\n<li>\n<h4><a href=\"http:\/\/codigo21.educacion.navarra.es\/profesorado\/por-que-codigo-21\/\">\u00bfqu\u00e9 es C\u00f3digo 21?<\/a><\/h4>\n<\/li>\n<li>\n<h4><a href=\"http:\/\/codigo21.educacion.navarra.es\/profesorado\/por-que-codigo-21\/\">\u00bfpor qu\u00e9 C\u00f3digo 21?<\/a><\/h4>\n<\/li>\n<li>\n<h4><a href=\"http:\/\/codigo21.educacion.navarra.es\/normativa\/\">\u00bfcu\u00e1l es la normativa educativa?<\/a><\/h4>\n<\/li>\n<li>\n<h4><a href=\"http:\/\/codigo21.educacion.navarra.es\/categor%C3%ADa\/formacion-del-profesorado\/\">\u00bfqu\u00e9 formaci\u00f3n tengo disponible?<\/a><\/h4>\n<\/li>\n<li>\n<h4><a href=\"http:\/\/codigo21.educacion.navarra.es\/categor%C3%ADa\/recursos-del-profesorado\/\">\u00bfcon qu\u00e9 recursos cuento?<\/a><\/h4>\n<\/li>\n<li>\n<h4><a href=\"http:\/\/codigo21.educacion.navarra.es\/profesorado\/red-de-centros\/\">\u00bfqu\u00e9 centros forman parte de C\u00f3digo 21?<\/a><\/h4>\n<\/li>\n<\/ul>\n<p>Recuerda que la programaci\u00f3n educativa es un medio para <strong>trabajar competencias y aprender conocimientos curriculares<\/strong>, y no un fin en s\u00ed mismo para crear desarrolladores profesionales, as\u00ed como que la programaci\u00f3n de software con programas como Scratch y la rob\u00f3tica educativa, as\u00ed como el uso did\u00e1ctico de otras herramientas emergentes en el aula, facilita la comprensi\u00f3n de la tecnolog\u00eda aprendiendo a crearla. Lograr el salto de espectador tecnol\u00f3gico a creador permite formarnos en el <strong>buen uso de la tecnolog\u00eda<\/strong>, generar un <strong>pensamiento cr\u00edtico<\/strong> sobre el entorno y ganar <strong>autonom\u00eda<\/strong> en el desarrollo de proyectos.<\/p>\n","protected":false},"excerpt":{"rendered":"<p>En esta secci\u00f3n podr\u00e1s acceder a toda la informaci\u00f3n que necesites para implantar la programaci\u00f3n, rob\u00f3tica educativa y otras tecnolog\u00edas en el aula: \u00bfqu\u00e9 es C\u00f3digo 21? \u00bfpor qu\u00e9 C\u00f3digo 21? \u00bfcu\u00e1l es la normativa educativa? \u00bfqu\u00e9 formaci\u00f3n tengo disponible? \u00bfcon qu\u00e9 recursos cuento? \u00bfqu\u00e9 centros forman parte de C\u00f3digo 21? Recuerda que la programaci\u00f3n [&hellip;]<\/p>\n","protected":false},"author":22,"featured_media":0,"parent":0,"menu_order":0,"comment_status":"open","ping_status":"open","template":"","meta":{"_genesis_hide_title":false,"_genesis_hide_breadcrumbs":false,"_genesis_hide_singular_image":false,"_genesis_hide_footer_widgets":false,"_genesis_custom_body_class":"","_genesis_custom_post_class":"","_genesis_layout":""},"_links":{"self":[{"href":"https:\/\/codigo21.educacion.navarra.es\/eu\/wp-json\/wp\/v2\/pages\/1591"}],"collection":[{"href":"https:\/\/codigo21.educacion.navarra.es\/eu\/wp-json\/wp\/v2\/pages"}],"about":[{"href":"https:\/\/codigo21.educacion.navarra.es\/eu\/wp-json\/wp\/v2\/types\/page"}],"author":[{"embeddable":true,"href":"https:\/\/codigo21.educacion.navarra.es\/eu\/wp-json\/wp\/v2\/users\/22"}],"replies":[{"embeddable":true,"href":"https:\/\/codigo21.educacion.navarra.es\/eu\/wp-json\/wp\/v2\/comments?post=1591"}],"version-history":[{"count":0,"href":"https:\/\/codigo21.educacion.navarra.es\/eu\/wp-json\/wp\/v2\/pages\/1591\/revisions"}],"wp:attachment":[{"href":"https:\/\/codigo21.educacion.navarra.es\/eu\/wp-json\/wp\/v2\/media?parent=1591"}],"curies":[{"name":"wp","href":"https:\/\/api.w.org\/{rel}","templated":true}]}}