{"id":1581,"date":"2015-10-01T10:43:37","date_gmt":"2015-10-01T08:43:37","guid":{"rendered":"http:\/\/codigo21.educacion.navarra.es\/eu\/?page_id=1581"},"modified":"2016-03-15T10:04:04","modified_gmt":"2016-03-15T09:04:04","slug":"agertokiak-bee-bots-entzat","status":"publish","type":"page","link":"https:\/\/codigo21.educacion.navarra.es\/eu\/autoformazioa\/agertokiak-bee-bots-entzat\/","title":{"rendered":"Agertokiak Bee-Bots-entzat"},"content":{"rendered":"<p>Uno de los recursos que tienen los <a href=\"http:\/\/codigo21.educacion.navarra.es\/autoaprendizaje\/bee-bot-robot-infantil-programable\/\" target=\"_blank\">Bee-Bots, robots programables infantiles<\/a>, son las alfombrillas (mat en ingl\u00e9s). \u00c9stas nos ayudan a configurar un escenario\u00a0para utilizar el Bee-Bot con un fin educativo concreto, abarcando una gran variedad de materias, incluso transdisciplinares.<\/p>\n<p>En el <a href=\"https:\/\/www.bee-bot.us\/bee-bot\/beebot-mats.html\" target=\"_blank\">mercado<\/a> existen alfombras con propuestas de actividades did\u00e1cticas para Bee-Bots. Sus dimensiones suelen ser de 60 x 60 cm, divididos en 16 cuadrados de 15 x 15 cm, perfecto para las instrucciones de nuestro peque\u00f1o robot, aunque realmente no importa la dimensi\u00f3n del tapete, sino las de los cuadrados. Las tem\u00e1ticas son m\u00faltiples: el alfabeto, las vacaciones, la granja, la isla del tesoro, formas, tama\u00f1os y colores, circuitos de carreras, n\u00fameros, dados, vocabulario, la ciudad, monedas, cuentos populares&#8230; Su precio ronda los 30 euros.\u00a0Proponemos a continuaci\u00f3n otras alternativas gratuitas que se podr\u00edan utilizar, por ejemplo, con otro modelo de alfombrilla o tapete transparente ideal para trabajar con dise\u00f1os personalizados.<\/p>\n<p style=\"text-align: center;\"><a href=\"http:\/\/codigo21.educacion.navarra.es\/wp-content\/uploads\/2015\/10\/plantilla_beebot_A4.pdf\" target=\"_blank\" rel=\"attachment wp-att-678\">Descarga de plantilla en blanco para A4<\/a><\/p>\n<p>&nbsp;<\/p>\n<h3>Early Learning HQ<\/h3>\n<p>P\u00e1gina web en ingl\u00e9s que ofrece una colecci\u00f3n de recursos gratuitos para trabajar con los Bee-Bots, entre los que destacan las alfombrillas. \u00c9stas son im\u00e1genes tipo flashcards, con textos que se pueden personalizar, y otros escenarios m\u00e1s espec\u00edficos pero tambi\u00e9n recortables.<\/p>\n<figure id=\"attachment_661\" aria-describedby=\"caption-attachment-661\" style=\"width: 252px\" class=\"wp-caption aligncenter\"><a href=\"http:\/\/www.earlylearninghq.org.uk\/themes\/themed-bee-bot-mats\/\" target=\"_blank\"><img loading=\"lazy\" class=\"wp-image-661 size-medium\" src=\"http:\/\/codigo21.educacion.navarra.es\/wp-content\/uploads\/2015\/10\/beebot_mat1-252x300.png\" alt=\"Escenarios para Bee-Bots\" width=\"252\" height=\"300\" srcset=\"https:\/\/codigo21.educacion.navarra.es\/wp-content\/uploads\/2015\/10\/beebot_mat1-252x300.png 252w, https:\/\/codigo21.educacion.navarra.es\/wp-content\/uploads\/2015\/10\/beebot_mat1-143x171.png 143w, https:\/\/codigo21.educacion.navarra.es\/wp-content\/uploads\/2015\/10\/beebot_mat1-320x381.png 320w, https:\/\/codigo21.educacion.navarra.es\/wp-content\/uploads\/2015\/10\/beebot_mat1.png 614w\" sizes=\"(max-width: 252px) 100vw, 252px\" \/><\/a><figcaption id=\"caption-attachment-661\" class=\"wp-caption-text\">Colecci\u00f3n de escenarios para Bee-Bots de Early Learning HQ<\/figcaption><\/figure>\n<p>Enlace:\u00a0<a href=\"http:\/\/www.earlylearninghq.org.uk\/themes\/themed-bee-bot-mats\/\" target=\"_blank\">http:\/\/www.earlylearninghq.org.uk\/themes\/themed-bee-bot-mats\/<\/a><\/p>\n<p>&nbsp;<\/p>\n<h3>Communication 4 All<\/h3>\n<p>Sitio web con recursos para el robot programable, con docenas de propuestas de escenarios. Se abren, se imprimen, se recortan y a practicar con los Bee-Bots.<\/p>\n<figure id=\"attachment_663\" aria-describedby=\"caption-attachment-663\" style=\"width: 292px\" class=\"wp-caption aligncenter\"><a href=\"http:\/\/www.communication4all.co.uk\/http\/beebot.htm\" target=\"_blank\"><img loading=\"lazy\" class=\"wp-image-663 size-medium\" src=\"http:\/\/codigo21.educacion.navarra.es\/wp-content\/uploads\/2015\/10\/beebot_mat2-292x300.png\" alt=\"Alfombrilla Bee-Bot\" width=\"292\" height=\"300\" srcset=\"https:\/\/codigo21.educacion.navarra.es\/wp-content\/uploads\/2015\/10\/beebot_mat2-292x300.png 292w, https:\/\/codigo21.educacion.navarra.es\/wp-content\/uploads\/2015\/10\/beebot_mat2-166x171.png 166w, https:\/\/codigo21.educacion.navarra.es\/wp-content\/uploads\/2015\/10\/beebot_mat2-320x329.png 320w, https:\/\/codigo21.educacion.navarra.es\/wp-content\/uploads\/2015\/10\/beebot_mat2-640x658.png 640w, https:\/\/codigo21.educacion.navarra.es\/wp-content\/uploads\/2015\/10\/beebot_mat2.png 660w\" sizes=\"(max-width: 292px) 100vw, 292px\" \/><\/a><figcaption id=\"caption-attachment-663\" class=\"wp-caption-text\">Recursos de Bee-Bot de Communication 4 All<\/figcaption><\/figure>\n<p>Enlace:\u00a0<a href=\"http:\/\/www.communication4all.co.uk\/http\/beebot.htm\" target=\"_blank\">http:\/\/www.communication4all.co.uk\/http\/beebot.htm<\/a><\/p>\n<p>&nbsp;<\/p>\n<h3>Sparkle Box<\/h3>\n<p>Propuestas originales para trabajar con los Bee-Bot. Incluye tambi\u00e9n una plantilla en blanco. En ingl\u00e9s.<\/p>\n<figure id=\"attachment_665\" aria-describedby=\"caption-attachment-665\" style=\"width: 300px\" class=\"wp-caption aligncenter\"><a href=\"http:\/\/www.sparklebox.co.uk\/topic\/computers-technology\/15x15\/\" target=\"_blank\"><img loading=\"lazy\" class=\"wp-image-665 size-medium\" src=\"http:\/\/codigo21.educacion.navarra.es\/wp-content\/uploads\/2015\/10\/beebot_mat4-300x237.png\" alt=\"Bee-Bot SB\" width=\"300\" height=\"237\" srcset=\"https:\/\/codigo21.educacion.navarra.es\/wp-content\/uploads\/2015\/10\/beebot_mat4-300x237.png 300w, https:\/\/codigo21.educacion.navarra.es\/wp-content\/uploads\/2015\/10\/beebot_mat4-216x171.png 216w, https:\/\/codigo21.educacion.navarra.es\/wp-content\/uploads\/2015\/10\/beebot_mat4-320x253.png 320w, https:\/\/codigo21.educacion.navarra.es\/wp-content\/uploads\/2015\/10\/beebot_mat4-640x506.png 640w, https:\/\/codigo21.educacion.navarra.es\/wp-content\/uploads\/2015\/10\/beebot_mat4.png 800w\" sizes=\"(max-width: 300px) 100vw, 300px\" \/><\/a><figcaption id=\"caption-attachment-665\" class=\"wp-caption-text\">Bee-Bot mats de Sparkle Box<\/figcaption><\/figure>\n<p>Enlace:\u00a0<a href=\"http:\/\/www.sparklebox.co.uk\/topic\/computers-technology\/15x15\/\" target=\"_blank\">http:\/\/www.sparklebox.co.uk\/topic\/computers-technology\/15&#215;15\/<\/a><\/p>\n<h3><\/h3>\n<h3>European Robotics Week<\/h3>\n<p>En la p\u00e1gina de EU Robotics Week hay una entrada de una docente de nuestro pa\u00eds, Cati Navarro, que adem\u00e1s de brindarnos un tapete sobre los huesos del cuerpo humano, nos explica c\u00f3mo llevar a cabo las actividades con los Bee-Bot.<\/p>\n<figure id=\"attachment_667\" aria-describedby=\"caption-attachment-667\" style=\"width: 300px\" class=\"wp-caption aligncenter\"><a href=\"http:\/\/euroboticsweekeducation.blogspot.com.es\/2015\/06\/robotizando-los-huesos.html\" target=\"_blank\"><img loading=\"lazy\" class=\"wp-image-667 size-medium\" src=\"http:\/\/codigo21.educacion.navarra.es\/wp-content\/uploads\/2015\/10\/beebot_mat5-300x171.png\" alt=\"Actividades con Bee-Bot\" width=\"300\" height=\"171\" srcset=\"https:\/\/codigo21.educacion.navarra.es\/wp-content\/uploads\/2015\/10\/beebot_mat5-300x171.png 300w, https:\/\/codigo21.educacion.navarra.es\/wp-content\/uploads\/2015\/10\/beebot_mat5-299x171.png 299w, https:\/\/codigo21.educacion.navarra.es\/wp-content\/uploads\/2015\/10\/beebot_mat5-320x183.png 320w, https:\/\/codigo21.educacion.navarra.es\/wp-content\/uploads\/2015\/10\/beebot_mat5-640x366.png 640w, https:\/\/codigo21.educacion.navarra.es\/wp-content\/uploads\/2015\/10\/beebot_mat5.png 719w\" sizes=\"(max-width: 300px) 100vw, 300px\" \/><\/a><figcaption id=\"caption-attachment-667\" class=\"wp-caption-text\">Entrada sobre Bee-Bots en la European Robotics Week<\/figcaption><\/figure>\n<p>Enlace:\u00a0<a href=\"http:\/\/euroboticsweekeducation.blogspot.com.es\/2015\/06\/robotizando-los-huesos.html\" target=\"_blank\">http:\/\/euroboticsweekeducation.blogspot.com.es\/2015\/06\/robotizando-los-huesos.html<\/a><\/p>\n<p>&nbsp;<\/p>\n<h3>PrimaryTreasureChest.com<\/h3>\n<p>Tiene algunos recursos abiertos, aunque la mayor\u00eda requieren de un registro y una suscripci\u00f3n.<\/p>\n<figure id=\"attachment_664\" aria-describedby=\"caption-attachment-664\" style=\"width: 300px\" class=\"wp-caption aligncenter\"><a href=\"http:\/\/www.primarytreasurechest.com\/bee-bot-resources\/bee-bot-mats.html\" target=\"_blank\"><img loading=\"lazy\" class=\"wp-image-664 size-medium\" src=\"http:\/\/codigo21.educacion.navarra.es\/wp-content\/uploads\/2015\/10\/beebot_mat3-300x161.png\" alt=\"Bee-Bot mats\" width=\"300\" height=\"161\" srcset=\"https:\/\/codigo21.educacion.navarra.es\/wp-content\/uploads\/2015\/10\/beebot_mat3-300x161.png 300w, https:\/\/codigo21.educacion.navarra.es\/wp-content\/uploads\/2015\/10\/beebot_mat3-318x171.png 318w, https:\/\/codigo21.educacion.navarra.es\/wp-content\/uploads\/2015\/10\/beebot_mat3-320x172.png 320w, https:\/\/codigo21.educacion.navarra.es\/wp-content\/uploads\/2015\/10\/beebot_mat3-640x344.png 640w, https:\/\/codigo21.educacion.navarra.es\/wp-content\/uploads\/2015\/10\/beebot_mat3.png 738w\" sizes=\"(max-width: 300px) 100vw, 300px\" \/><\/a><figcaption id=\"caption-attachment-664\" class=\"wp-caption-text\">Recursos de Bee-Bot de PrimaryTreasureChest.com<\/figcaption><\/figure>\n<p>Enlace:\u00a0<a href=\"http:\/\/www.primarytreasurechest.com\/bee-bot-resources\/bee-bot-mats.html\" target=\"_blank\">http:\/\/www.primarytreasurechest.com\/bee-bot-resources\/bee-bot-mats.html<\/a><\/p>\n","protected":false},"excerpt":{"rendered":"<p>Uno de los recursos que tienen los Bee-Bots, robots programables infantiles, son las alfombrillas (mat en ingl\u00e9s). \u00c9stas nos ayudan a configurar un escenario\u00a0para utilizar el Bee-Bot con un fin educativo concreto, abarcando una gran variedad de materias, incluso transdisciplinares. En el mercado existen alfombras con propuestas de actividades did\u00e1cticas para Bee-Bots. Sus dimensiones suelen [&hellip;]<\/p>\n","protected":false},"author":22,"featured_media":0,"parent":1621,"menu_order":0,"comment_status":"closed","ping_status":"closed","template":"","meta":{"_genesis_hide_title":false,"_genesis_hide_breadcrumbs":false,"_genesis_hide_singular_image":false,"_genesis_hide_footer_widgets":false,"_genesis_custom_body_class":"","_genesis_custom_post_class":"","_genesis_layout":""},"_links":{"self":[{"href":"https:\/\/codigo21.educacion.navarra.es\/eu\/wp-json\/wp\/v2\/pages\/1581"}],"collection":[{"href":"https:\/\/codigo21.educacion.navarra.es\/eu\/wp-json\/wp\/v2\/pages"}],"about":[{"href":"https:\/\/codigo21.educacion.navarra.es\/eu\/wp-json\/wp\/v2\/types\/page"}],"author":[{"embeddable":true,"href":"https:\/\/codigo21.educacion.navarra.es\/eu\/wp-json\/wp\/v2\/users\/22"}],"replies":[{"embeddable":true,"href":"https:\/\/codigo21.educacion.navarra.es\/eu\/wp-json\/wp\/v2\/comments?post=1581"}],"version-history":[{"count":0,"href":"https:\/\/codigo21.educacion.navarra.es\/eu\/wp-json\/wp\/v2\/pages\/1581\/revisions"}],"up":[{"embeddable":true,"href":"https:\/\/codigo21.educacion.navarra.es\/eu\/wp-json\/wp\/v2\/pages\/1621"}],"wp:attachment":[{"href":"https:\/\/codigo21.educacion.navarra.es\/eu\/wp-json\/wp\/v2\/media?parent=1581"}],"curies":[{"name":"wp","href":"https:\/\/api.w.org\/{rel}","templated":true}]}}