{"id":1571,"date":"2015-10-26T09:40:20","date_gmt":"2015-10-26T08:40:20","guid":{"rendered":"http:\/\/codigo21.educacion.navarra.es\/eu\/?page_id=1571"},"modified":"2016-01-14T12:45:27","modified_gmt":"2016-01-14T11:45:27","slug":"gida-eta-lan-proposamenak-enchanting-ekin","status":"publish","type":"page","link":"https:\/\/codigo21.educacion.navarra.es\/eu\/autoformazioa\/gida-eta-lan-proposamenak-enchanting-ekin\/","title":{"rendered":"Gida eta lan-proposamenak Enchanting-ekin"},"content":{"rendered":"<p><strong><a href=\"http:\/\/enchanting.robotclub.ab.ca\/tiki-index.php\" target=\"_blank\">Enchanting<\/a> <\/strong>es una\u00a0versi\u00f3n de<strong>\u00a0<\/strong>Scratch que nos permite\u00a0programar y controlar nuestros robot LEGO\u00a0Mindstorms NTX.<\/p>\n<iframe width=\"500\" height=\"375\" src=\"https:\/\/www.youtube.com\/embed\/DmQN8BZBZtE?start=63&feature=oembed\" frameborder=\"0\" allowfullscreen><\/iframe>\n<p>&nbsp;<\/p>\n<p>En esta p\u00e1gina hemos recopilado una colecci\u00f3n de gu\u00edas y propuestas de trabajo de Enchanting con robots LEGO Mindstorms NXT.\u00a0La autor\u00eda de estos documentos es externa a C\u00f3digo 21 y se indica en cada enlace.<\/p>\n<h2><span style=\"color: #0000ff;\">Gu\u00edas de Enchanting<\/span><\/h2>\n<h3>Programando con Enchanting<\/h3>\n<p>Gu\u00eda con la descripci\u00f3n del proceso de instalaci\u00f3n de Enchanting, flasheo del firmware de los NXT, bloques de Enchanting y ejemplos concretos.<\/p>\n<p><iframe loading=\"lazy\" style=\"border: 1px solid #CCC; border-width: 1px; margin-bottom: 5px; max-width: 100%;\" src=\"\/\/www.slideshare.net\/slideshow\/embed_code\/key\/rTcCitkqFvbouu\" width=\"572\" height=\"612\" frameborder=\"0\" marginwidth=\"0\" marginheight=\"0\" scrolling=\"no\" allowfullscreen=\"allowfullscreen\"> <\/iframe><\/p>\n<h6><a href=\"http:\/\/www.slideshare.net\/marcos1024\/instructivo20-programacic3b3n20enchanting\" target=\"_blank\">Compartida por Marcos Berttoni\u00a0en SlideShare<\/a>. Programando con Enchanting Programaci\u00f3n para rob\u00f3tica Autor Andr\u00e9s Baranzano Versi\u00f3n Fecha 15\/11\/12 Ubicaci\u00f3n Laboratorios Digitales.<\/h6>\n<p>&nbsp;<\/p>\n<h3>Enchanting en Linux Ubuntu<\/h3>\n<p>Instructivo de instalaci\u00f3n de Enchanting en Linux Ubuntu.<\/p>\n<p><iframe loading=\"lazy\" style=\"border: 1px solid #CCC; border-width: 1px; margin-bottom: 5px; max-width: 100%;\" src=\"\/\/www.slideshare.net\/slideshow\/embed_code\/key\/2kkC7ZG5qH6fyo\" width=\"572\" height=\"612\" frameborder=\"0\" marginwidth=\"0\" marginheight=\"0\" scrolling=\"no\" allowfullscreen=\"allowfullscreen\"> <\/iframe><\/p>\n<h6><a href=\"http:\/\/www.ceibal.edu.uy\/Documents\/Articulos\/Instructivo20de20instalaciC3B3n20de20EnchantingUbuntu.pdf\" target=\"_blank\">Compartida por Plan Ceibal.<\/a>\u00a0Autor:\u00a0Pablo Perdomo 2012, Laboratorios Digitales.<\/h6>\n<p>&nbsp;<\/p>\n<h3>Enchanting NXT Lego Mindstorm<\/h3>\n<p><iframe loading=\"lazy\" style=\"border: 1px solid #CCC; border-width: 1px; margin-bottom: 5px; max-width: 100%;\" src=\"\/\/www.slideshare.net\/slideshow\/embed_code\/key\/2H1XeLlJlOlEe3\" width=\"510\" height=\"420\" frameborder=\"0\" marginwidth=\"0\" marginheight=\"0\" scrolling=\"no\" allowfullscreen=\"allowfullscreen\"> <\/iframe><\/p>\n<h6><a href=\"http:\/\/www.slideshare.net\/genevievesmithnunes\/enchanting-nxt\" target=\"_blank\">Compartida por Genevieve Smith-Nunes en SlideShare.<\/a>\u00a0Trabajo original de SABRE, South Alberta Robotics. Head of SABRE: Clinton Blackmore. En ingl\u00e9s.<\/h6>\n<p>&nbsp;<\/p>\n<h2><span style=\"color: #0000ff;\">Propuestas de trabajo<\/span><\/h2>\n<h3>Ideas de montaje de la p\u00e1gina oficial de Enchanting<\/h3>\n<p>Helic\u00f3ptero<\/p>\n<iframe width=\"500\" height=\"375\" src=\"https:\/\/www.youtube.com\/embed\/bb8w9zuHl9E?feature=oembed\" frameborder=\"0\" allowfullscreen><\/iframe>\n<p>&nbsp;<\/p>\n<p>Molino de viento<\/p>\n<iframe width=\"500\" height=\"375\" src=\"https:\/\/www.youtube.com\/embed\/YLAyYM2NIvs?feature=oembed\" frameborder=\"0\" allowfullscreen><\/iframe>\n<p>&nbsp;<\/p>\n<p>Gr\u00faa<\/p>\n<iframe width=\"500\" height=\"375\" src=\"https:\/\/www.youtube.com\/embed\/5Vt8YiUeFZo?feature=oembed\" frameborder=\"0\" allowfullscreen><\/iframe>\n<p>&nbsp;<\/p>\n<p><a href=\"http:\/\/enchanting.robotclub.ab.ca\/Building+Ideas\" target=\"_blank\">M\u00e1s modelos e informaci\u00f3n en la siguiente p\u00e1gina<\/a>.<\/p>\n<p>&nbsp;<\/p>\n<h3>Enchanting Cards<\/h3>\n<p>Tarjetas oficiales de Enchanting que explican la configuraci\u00f3n de los sensores y el programa de varios modelos propuestos. En ingl\u00e9s.<br \/>\n<iframe loading=\"lazy\" style=\"border: 1px solid #CCC; border-width: 1px; margin-bottom: 5px; max-width: 100%;\" src=\"\/\/www.slideshare.net\/slideshow\/embed_code\/key\/HhXZmSy3J23UD4\" width=\"510\" height=\"420\" frameborder=\"0\" marginwidth=\"0\" marginheight=\"0\" scrolling=\"no\" allowfullscreen=\"allowfullscreen\"> <\/iframe><\/p>\n<h6>Disponible para su descarga en la <a href=\"http:\/\/enchanting.robotclub.ab.ca\/tiki-index.php\" target=\"_blank\">p\u00e1gina oficial de Enchanting<\/a>.<\/h6>\n<p>&nbsp;<\/p>\n<h3>Lista de v\u00eddeos en YouTube<\/h3>\n<p>Lista de reproducci\u00f3n de Clinton Blackmore en YouTube con v\u00eddeos sobre su trabajo con Enchanting y NXT.<\/p>\n<figure id=\"attachment_902\" aria-describedby=\"caption-attachment-902\" style=\"width: 300px\" class=\"wp-caption aligncenter\"><a href=\"https:\/\/www.youtube.com\/playlist?list=UUAoICGrEMPKQsMNE0wYBdTQ\" target=\"_blank\"><img loading=\"lazy\" class=\"size-medium wp-image-902\" src=\"http:\/\/codigo21.educacion.navarra.es\/wp-content\/uploads\/2015\/10\/lista_videos_enchanting-300x137.png\" alt=\"Lista de reproducci\u00f3n de YouTube sobre Enchanting.\" width=\"300\" height=\"137\" srcset=\"https:\/\/codigo21.educacion.navarra.es\/wp-content\/uploads\/2015\/10\/lista_videos_enchanting-300x137.png 300w, https:\/\/codigo21.educacion.navarra.es\/wp-content\/uploads\/2015\/10\/lista_videos_enchanting-1024x469.png 1024w, https:\/\/codigo21.educacion.navarra.es\/wp-content\/uploads\/2015\/10\/lista_videos_enchanting.png 1283w\" sizes=\"(max-width: 300px) 100vw, 300px\" \/><\/a><figcaption id=\"caption-attachment-902\" class=\"wp-caption-text\"><a href=\"https:\/\/www.youtube.com\/playlist?list=UUAoICGrEMPKQsMNE0wYBdTQ\" target=\"_blank\">Lista de reproducci\u00f3n de YouTube sobre Enchanting<\/a>.<\/figcaption><\/figure>\n","protected":false},"excerpt":{"rendered":"<p>Enchanting es una\u00a0versi\u00f3n de\u00a0Scratch que nos permite\u00a0programar y controlar nuestros robot LEGO\u00a0Mindstorms NTX. &nbsp; En esta p\u00e1gina hemos recopilado una colecci\u00f3n de gu\u00edas y propuestas de trabajo de Enchanting con robots LEGO Mindstorms NXT.\u00a0La autor\u00eda de estos documentos es externa a C\u00f3digo 21 y se indica en cada enlace. Gu\u00edas de Enchanting Programando con Enchanting [&hellip;]<\/p>\n","protected":false},"author":22,"featured_media":0,"parent":1621,"menu_order":0,"comment_status":"closed","ping_status":"closed","template":"","meta":{"_genesis_hide_title":false,"_genesis_hide_breadcrumbs":false,"_genesis_hide_singular_image":false,"_genesis_hide_footer_widgets":false,"_genesis_custom_body_class":"","_genesis_custom_post_class":"","_genesis_layout":""},"_links":{"self":[{"href":"https:\/\/codigo21.educacion.navarra.es\/eu\/wp-json\/wp\/v2\/pages\/1571"}],"collection":[{"href":"https:\/\/codigo21.educacion.navarra.es\/eu\/wp-json\/wp\/v2\/pages"}],"about":[{"href":"https:\/\/codigo21.educacion.navarra.es\/eu\/wp-json\/wp\/v2\/types\/page"}],"author":[{"embeddable":true,"href":"https:\/\/codigo21.educacion.navarra.es\/eu\/wp-json\/wp\/v2\/users\/22"}],"replies":[{"embeddable":true,"href":"https:\/\/codigo21.educacion.navarra.es\/eu\/wp-json\/wp\/v2\/comments?post=1571"}],"version-history":[{"count":0,"href":"https:\/\/codigo21.educacion.navarra.es\/eu\/wp-json\/wp\/v2\/pages\/1571\/revisions"}],"up":[{"embeddable":true,"href":"https:\/\/codigo21.educacion.navarra.es\/eu\/wp-json\/wp\/v2\/pages\/1621"}],"wp:attachment":[{"href":"https:\/\/codigo21.educacion.navarra.es\/eu\/wp-json\/wp\/v2\/media?parent=1571"}],"curies":[{"name":"wp","href":"https:\/\/api.w.org\/{rel}","templated":true}]}}