{"id":1564,"date":"2015-10-15T11:59:37","date_gmt":"2015-10-15T09:59:37","guid":{"rendered":"http:\/\/codigo21.educacion.navarra.es\/eu\/?page_id=1564"},"modified":"2016-01-14T12:28:22","modified_gmt":"2016-01-14T11:28:22","slug":"kaiman-baten-muntaketa-lego-wedo-rekin","status":"publish","type":"page","link":"https:\/\/codigo21.educacion.navarra.es\/eu\/kaiman-baten-muntaketa-lego-wedo-rekin\/","title":{"rendered":"Kaiman baten muntaketa LEGO WeDO-rekin"},"content":{"rendered":"<p><span style=\"font-weight: 400;\">El <\/span><a href=\"http:\/\/codigo21.educacion.navarra.es\/prestamo-de-material-de-robotica\/\" target=\"_blank\"><span style=\"font-weight: 400;\">Centro de Recursos de C\u00f3digo 21<\/span><\/a><span style=\"font-weight: 400;\"><a href=\"http:\/\/codigo21.educacion.navarra.es\/prestamo-de-material-de-robotica\/\" target=\"_blank\">,<\/a> ubicado en el Planetario de Pamplona, cuenta con Kits de Lego Education 9580 WeDo versi\u00f3n 46 para prestar a los centros miembros de la Red de Centros de Innovaci\u00f3n en Ciencia y Tecnolog\u00eda, dependientes del Departamento de Educaci\u00f3n de Navarra.<\/span><\/p>\n<p><span style=\"font-weight: 400;\">El Kit Lego WeDo se puede utilizar con Scratch, tanto en la <a href=\"https:\/\/scratch.mit.edu\/\" target=\"_blank\">versi\u00f3n online<\/a> (previa instalaci\u00f3n de unos plugins seg\u00fan el navegador que se utilice) como en la <a href=\"https:\/\/scratch.mit.edu\/scratch2download\/\" target=\"_blank\">offline<\/a>. Para ello habr\u00e1 que a\u00f1adir una extensi\u00f3n en Scratch, desde la categor\u00eda &#8220;M\u00e1s Bloques&#8221;. Lego WeDo tambi\u00e9n tiene un software espec\u00edfico y <\/span><span style=\"font-weight: 400;\">un paquete de actividades que contiene ejemplos de actividades y programas, animaciones e instrucciones de construcci\u00f3n de modelos entre otros recursos, <\/span><span style=\"font-weight: 400;\">pero es necesario adquirir una licencia de uso.<\/span><\/p>\n<p><span style=\"font-weight: 400;\">Uno de los modelos propuestos es el del caim\u00e1n hambriento. A continuaci\u00f3n, explicamos paso a paso y con im\u00e1genes propias, c\u00f3mo construir el caim\u00e1n. Tambi\u00e9n puedes descargar la gu\u00eda en formato .pdf en el <a href=\"http:\/\/codigo21.educacion.navarra.es\/wp-content\/uploads\/2015\/10\/Instrucciones_Montaje_caiman_Lego_WeDo_Codigo21.pdf\" target=\"_blank\">siguiente enlace<\/a>.<\/span><\/p>\n<p><span style=\"font-weight: 400;\">As\u00ed deber\u00eda quedar nuestro caim\u00e1n una vez montado:<\/span><\/p>\n<p><a href=\"http:\/\/codigo21.educacion.navarra.es\/wp-content\/uploads\/2015\/10\/IMG_20151015_085856.jpg\"><img loading=\"lazy\" class=\"aligncenter size-home-top wp-image-733\" src=\"http:\/\/codigo21.educacion.navarra.es\/wp-content\/uploads\/2015\/10\/IMG_20151015_085856-750x420.jpg\" alt=\"Caim\u00e1n con WeDo\" width=\"750\" height=\"420\" \/><\/a><b style=\"line-height: 1.5;\"><\/b><\/p>\n<p><b style=\"line-height: 1.5;\">1. Empezamos por las patas<\/b><\/p>\n<p><span style=\"font-weight: 400;\">En las fotos de la izquierda se muestran las fichas que se necesitan y en las de la derecha c\u00f3mo se montan, en este caso, para formar las 4 patas de nuestro caim\u00e1n.<\/span><\/p>\n<p><a href=\"http:\/\/codigo21.educacion.navarra.es\/wp-content\/uploads\/2015\/10\/caiman02.png\"><img loading=\"lazy\" class=\"aligncenter size-full wp-image-734\" src=\"http:\/\/codigo21.educacion.navarra.es\/wp-content\/uploads\/2015\/10\/caiman02.png\" alt=\"Montaje caim\u00e1n - Paso 1\" width=\"607\" height=\"570\" srcset=\"https:\/\/codigo21.educacion.navarra.es\/wp-content\/uploads\/2015\/10\/caiman02.png 607w, https:\/\/codigo21.educacion.navarra.es\/wp-content\/uploads\/2015\/10\/caiman02-300x282.png 300w, https:\/\/codigo21.educacion.navarra.es\/wp-content\/uploads\/2015\/10\/caiman02-182x171.png 182w\" sizes=\"(max-width: 607px) 100vw, 607px\" \/><\/a><\/p>\n<p><b>2. Montaje de la base del caim\u00e1n<\/b><\/p>\n<p><a href=\"http:\/\/codigo21.educacion.navarra.es\/wp-content\/uploads\/2015\/10\/caiman03_1.png\"><img loading=\"lazy\" class=\"aligncenter size-full wp-image-749\" src=\"http:\/\/codigo21.educacion.navarra.es\/wp-content\/uploads\/2015\/10\/caiman03_1.png\" alt=\"Montaje caim\u00e1n - Paso 2\" width=\"602\" height=\"204\" srcset=\"https:\/\/codigo21.educacion.navarra.es\/wp-content\/uploads\/2015\/10\/caiman03_1.png 602w, https:\/\/codigo21.educacion.navarra.es\/wp-content\/uploads\/2015\/10\/caiman03_1-300x102.png 300w, https:\/\/codigo21.educacion.navarra.es\/wp-content\/uploads\/2015\/10\/caiman03_1-370x125.png 370w\" sizes=\"(max-width: 602px) 100vw, 602px\" \/><\/a><\/p>\n<p><a href=\"http:\/\/codigo21.educacion.navarra.es\/wp-content\/uploads\/2015\/10\/caiman03_2.png\"><img loading=\"lazy\" class=\"aligncenter size-full wp-image-748\" src=\"http:\/\/codigo21.educacion.navarra.es\/wp-content\/uploads\/2015\/10\/caiman03_2.png\" alt=\"Montaje caim\u00e1n - Paso 2\" width=\"607\" height=\"209\" srcset=\"https:\/\/codigo21.educacion.navarra.es\/wp-content\/uploads\/2015\/10\/caiman03_2.png 607w, https:\/\/codigo21.educacion.navarra.es\/wp-content\/uploads\/2015\/10\/caiman03_2-300x103.png 300w, https:\/\/codigo21.educacion.navarra.es\/wp-content\/uploads\/2015\/10\/caiman03_2-370x127.png 370w\" sizes=\"(max-width: 607px) 100vw, 607px\" \/><\/a><\/p>\n<p><b style=\"line-height: 1.5;\">3. Montaje de la parte inferior de la mand\u00edbula<\/b><\/p>\n<p><span style=\"font-weight: 400;\">En la propuesta original se utilizaban dos piezas blancas de 1 fila, en lugar de las de 2 filas que aparecen en las im\u00e1genes que est\u00e1n en tercer lugar. El color de las fichas tampoco importa en este caso.<\/span><\/p>\n<p><a href=\"http:\/\/codigo21.educacion.navarra.es\/wp-content\/uploads\/2015\/10\/caiman04_1.png\"><img loading=\"lazy\" class=\"aligncenter size-full wp-image-747\" src=\"http:\/\/codigo21.educacion.navarra.es\/wp-content\/uploads\/2015\/10\/caiman04_1.png\" alt=\"Montaje caim\u00e1n - Paso 3\" width=\"607\" height=\"647\" srcset=\"https:\/\/codigo21.educacion.navarra.es\/wp-content\/uploads\/2015\/10\/caiman04_1.png 607w, https:\/\/codigo21.educacion.navarra.es\/wp-content\/uploads\/2015\/10\/caiman04_1-281x300.png 281w, https:\/\/codigo21.educacion.navarra.es\/wp-content\/uploads\/2015\/10\/caiman04_1-160x171.png 160w\" sizes=\"(max-width: 607px) 100vw, 607px\" \/><\/a><\/p>\n<p><a href=\"http:\/\/codigo21.educacion.navarra.es\/wp-content\/uploads\/2015\/10\/caiman04_2.png\"><img loading=\"lazy\" class=\"aligncenter size-full wp-image-746\" src=\"http:\/\/codigo21.educacion.navarra.es\/wp-content\/uploads\/2015\/10\/caiman04_2.png\" alt=\"Montaje caim\u00e1n - Paso 3\" width=\"603\" height=\"467\" srcset=\"https:\/\/codigo21.educacion.navarra.es\/wp-content\/uploads\/2015\/10\/caiman04_2.png 603w, https:\/\/codigo21.educacion.navarra.es\/wp-content\/uploads\/2015\/10\/caiman04_2-300x232.png 300w, https:\/\/codigo21.educacion.navarra.es\/wp-content\/uploads\/2015\/10\/caiman04_2-221x171.png 221w\" sizes=\"(max-width: 603px) 100vw, 603px\" \/><\/a><\/p>\n<p><b>4. Instalaci\u00f3n del sensor de movimiento<\/b><\/p>\n<p><span style=\"font-weight: 400;\">El sensor de movimiento detecta objetos a una distancia de aproximadamente 15 cent\u00edmetros. Se acoplar\u00e1 dentro de la mand\u00edbula para que el caim\u00e1n detecte la presencia de un objeto en su boca y la cierre.<\/span><\/p>\n<p><a href=\"http:\/\/codigo21.educacion.navarra.es\/wp-content\/uploads\/2015\/10\/caiman05.png\"><img loading=\"lazy\" class=\"aligncenter size-full wp-image-745\" src=\"http:\/\/codigo21.educacion.navarra.es\/wp-content\/uploads\/2015\/10\/caiman05.png\" alt=\"Montaje caim\u00e1n - Paso 4\" width=\"609\" height=\"280\" srcset=\"https:\/\/codigo21.educacion.navarra.es\/wp-content\/uploads\/2015\/10\/caiman05.png 609w, https:\/\/codigo21.educacion.navarra.es\/wp-content\/uploads\/2015\/10\/caiman05-300x138.png 300w, https:\/\/codigo21.educacion.navarra.es\/wp-content\/uploads\/2015\/10\/caiman05-370x171.png 370w\" sizes=\"(max-width: 609px) 100vw, 609px\" \/><\/a><\/p>\n<p><b>5. Montaje de la parte posterior del caim\u00e1n<\/b><\/p>\n<p><a href=\"http:\/\/codigo21.educacion.navarra.es\/wp-content\/uploads\/2015\/10\/caiman06_1.png\"><img loading=\"lazy\" class=\"aligncenter size-full wp-image-744\" src=\"http:\/\/codigo21.educacion.navarra.es\/wp-content\/uploads\/2015\/10\/caiman06_1.png\" alt=\"Montaje caim\u00e1n - Paso 5\" width=\"608\" height=\"210\" srcset=\"https:\/\/codigo21.educacion.navarra.es\/wp-content\/uploads\/2015\/10\/caiman06_1.png 608w, https:\/\/codigo21.educacion.navarra.es\/wp-content\/uploads\/2015\/10\/caiman06_1-300x104.png 300w, https:\/\/codigo21.educacion.navarra.es\/wp-content\/uploads\/2015\/10\/caiman06_1-370x128.png 370w\" sizes=\"(max-width: 608px) 100vw, 608px\" \/><\/a><\/p>\n<p><span style=\"font-weight: 400;\">Preparamos el motor para su instalaci\u00f3n en nuestro modelo de WeDo.<\/span><\/p>\n<p><a href=\"http:\/\/codigo21.educacion.navarra.es\/wp-content\/uploads\/2015\/10\/caiman06_2.png\"><img loading=\"lazy\" class=\"aligncenter size-full wp-image-743\" src=\"http:\/\/codigo21.educacion.navarra.es\/wp-content\/uploads\/2015\/10\/caiman06_2.png\" alt=\"Montaje caim\u00e1n - Paso 5\" width=\"608\" height=\"615\" srcset=\"https:\/\/codigo21.educacion.navarra.es\/wp-content\/uploads\/2015\/10\/caiman06_2.png 608w, https:\/\/codigo21.educacion.navarra.es\/wp-content\/uploads\/2015\/10\/caiman06_2-297x300.png 297w, https:\/\/codigo21.educacion.navarra.es\/wp-content\/uploads\/2015\/10\/caiman06_2-100x100.png 100w, https:\/\/codigo21.educacion.navarra.es\/wp-content\/uploads\/2015\/10\/caiman06_2-169x171.png 169w\" sizes=\"(max-width: 608px) 100vw, 608px\" \/><\/a><\/p>\n<p><span style=\"font-weight: 400;\">Acoplamos el motor en la parte posterior del caim\u00e1n.<\/span><\/p>\n<p><a href=\"http:\/\/codigo21.educacion.navarra.es\/wp-content\/uploads\/2015\/10\/caiman06_3.png\"><img loading=\"lazy\" class=\"aligncenter size-full wp-image-742\" src=\"http:\/\/codigo21.educacion.navarra.es\/wp-content\/uploads\/2015\/10\/caiman06_3.png\" alt=\"Montaje caim\u00e1n - Paso 5\" width=\"615\" height=\"463\" srcset=\"https:\/\/codigo21.educacion.navarra.es\/wp-content\/uploads\/2015\/10\/caiman06_3.png 615w, https:\/\/codigo21.educacion.navarra.es\/wp-content\/uploads\/2015\/10\/caiman06_3-300x226.png 300w, https:\/\/codigo21.educacion.navarra.es\/wp-content\/uploads\/2015\/10\/caiman06_3-227x171.png 227w\" sizes=\"(max-width: 615px) 100vw, 615px\" \/><\/a><\/p>\n<p><span style=\"font-weight: 400;\">Terminamos de montar los ejes.<\/span><\/p>\n<p><a href=\"http:\/\/codigo21.educacion.navarra.es\/wp-content\/uploads\/2015\/10\/caiman06_4.png\"><img loading=\"lazy\" class=\"aligncenter size-full wp-image-741\" src=\"http:\/\/codigo21.educacion.navarra.es\/wp-content\/uploads\/2015\/10\/caiman06_4.png\" alt=\"Montaje caim\u00e1n - Paso 5\" width=\"608\" height=\"405\" srcset=\"https:\/\/codigo21.educacion.navarra.es\/wp-content\/uploads\/2015\/10\/caiman06_4.png 608w, https:\/\/codigo21.educacion.navarra.es\/wp-content\/uploads\/2015\/10\/caiman06_4-300x200.png 300w, https:\/\/codigo21.educacion.navarra.es\/wp-content\/uploads\/2015\/10\/caiman06_4-257x171.png 257w\" sizes=\"(max-width: 608px) 100vw, 608px\" \/><\/a><\/p>\n<p><a href=\"http:\/\/codigo21.educacion.navarra.es\/wp-content\/uploads\/2015\/10\/caiman06_5.png\"><img loading=\"lazy\" class=\"aligncenter size-full wp-image-740\" src=\"http:\/\/codigo21.educacion.navarra.es\/wp-content\/uploads\/2015\/10\/caiman06_5.png\" alt=\"Montaje caim\u00e1n - Paso 5\" width=\"606\" height=\"405\" srcset=\"https:\/\/codigo21.educacion.navarra.es\/wp-content\/uploads\/2015\/10\/caiman06_5.png 606w, https:\/\/codigo21.educacion.navarra.es\/wp-content\/uploads\/2015\/10\/caiman06_5-300x200.png 300w, https:\/\/codigo21.educacion.navarra.es\/wp-content\/uploads\/2015\/10\/caiman06_5-256x171.png 256w\" sizes=\"(max-width: 606px) 100vw, 606px\" \/><\/a><\/p>\n<p><span style=\"font-weight: 400;\">Y nos tendr\u00eda que quedar as\u00ed:<\/span><\/p>\n<p><a href=\"http:\/\/codigo21.educacion.navarra.es\/wp-content\/uploads\/2015\/10\/caiman06_6.png\"><img loading=\"lazy\" class=\"aligncenter size-full wp-image-739\" src=\"http:\/\/codigo21.educacion.navarra.es\/wp-content\/uploads\/2015\/10\/caiman06_6.png\" alt=\"Montaje caim\u00e1n - Paso 5\" width=\"605\" height=\"452\" srcset=\"https:\/\/codigo21.educacion.navarra.es\/wp-content\/uploads\/2015\/10\/caiman06_6.png 605w, https:\/\/codigo21.educacion.navarra.es\/wp-content\/uploads\/2015\/10\/caiman06_6-300x224.png 300w, https:\/\/codigo21.educacion.navarra.es\/wp-content\/uploads\/2015\/10\/caiman06_6-229x171.png 229w\" sizes=\"(max-width: 605px) 100vw, 605px\" \/><\/a><\/p>\n<p><b>6.<\/b> <b>Montaje de la parte superior de la mand\u00edbula<\/b><\/p>\n<p><a href=\"http:\/\/codigo21.educacion.navarra.es\/wp-content\/uploads\/2015\/10\/caiman07_1.png\"><img loading=\"lazy\" class=\"aligncenter size-full wp-image-738\" src=\"http:\/\/codigo21.educacion.navarra.es\/wp-content\/uploads\/2015\/10\/caiman07_1.png\" alt=\"Montaje caim\u00e1n - Paso 6\" width=\"571\" height=\"249\" srcset=\"https:\/\/codigo21.educacion.navarra.es\/wp-content\/uploads\/2015\/10\/caiman07_1.png 571w, https:\/\/codigo21.educacion.navarra.es\/wp-content\/uploads\/2015\/10\/caiman07_1-300x131.png 300w, https:\/\/codigo21.educacion.navarra.es\/wp-content\/uploads\/2015\/10\/caiman07_1-370x161.png 370w\" sizes=\"(max-width: 571px) 100vw, 571px\" \/><\/a><\/p>\n<p><span style=\"font-weight: 400;\">Al igual que en el paso 3, en esta gu\u00eda se han utilizado las dos piezas grises de dos filas y 8 pies, en lugar de las piezas blancas de 1 fila propuestas en el manual del fabricante.<\/span><\/p>\n<p><a href=\"http:\/\/codigo21.educacion.navarra.es\/wp-content\/uploads\/2015\/10\/caiman07_2.png\"><img loading=\"lazy\" class=\"aligncenter size-full wp-image-737\" src=\"http:\/\/codigo21.educacion.navarra.es\/wp-content\/uploads\/2015\/10\/caiman07_2.png\" alt=\"Montaje caim\u00e1n - Paso 6\" width=\"568\" height=\"646\" srcset=\"https:\/\/codigo21.educacion.navarra.es\/wp-content\/uploads\/2015\/10\/caiman07_2.png 568w, https:\/\/codigo21.educacion.navarra.es\/wp-content\/uploads\/2015\/10\/caiman07_2-264x300.png 264w, https:\/\/codigo21.educacion.navarra.es\/wp-content\/uploads\/2015\/10\/caiman07_2-150x171.png 150w\" sizes=\"(max-width: 568px) 100vw, 568px\" \/><\/a><\/p>\n<p><span style=\"font-weight: 400;\">Instalamos el mecanismo de apertura de la mand\u00edbula, y acoplamos \u00e9sta a nuestro modelo.<\/span><\/p>\n<p><a href=\"http:\/\/codigo21.educacion.navarra.es\/wp-content\/uploads\/2015\/10\/caiman07_3.png\"><img loading=\"lazy\" class=\"aligncenter size-full wp-image-736\" src=\"http:\/\/codigo21.educacion.navarra.es\/wp-content\/uploads\/2015\/10\/caiman07_3.png\" alt=\"Montaje caim\u00e1n - Paso 6\" width=\"581\" height=\"933\" srcset=\"https:\/\/codigo21.educacion.navarra.es\/wp-content\/uploads\/2015\/10\/caiman07_3.png 581w, https:\/\/codigo21.educacion.navarra.es\/wp-content\/uploads\/2015\/10\/caiman07_3-187x300.png 187w, https:\/\/codigo21.educacion.navarra.es\/wp-content\/uploads\/2015\/10\/caiman07_3-106x171.png 106w\" sizes=\"(max-width: 581px) 100vw, 581px\" \/><\/a><\/p>\n<p><b>7. Conexi\u00f3n del sensor de movimiento y del motor al Hub USB Lego<\/b><\/p>\n<p><span style=\"font-weight: 400;\">El Hub USB es el controla los sensores y los motores transmitiendo los datos que recibe del equipo inform\u00e1tico.<\/span><\/p>\n<p><a href=\"http:\/\/codigo21.educacion.navarra.es\/wp-content\/uploads\/2015\/10\/caiman08.png\"><img loading=\"lazy\" class=\"aligncenter size-full wp-image-735\" src=\"http:\/\/codigo21.educacion.navarra.es\/wp-content\/uploads\/2015\/10\/caiman08.png\" alt=\"Montaje caim\u00e1n - Paso 7\" width=\"588\" height=\"286\" srcset=\"https:\/\/codigo21.educacion.navarra.es\/wp-content\/uploads\/2015\/10\/caiman08.png 588w, https:\/\/codigo21.educacion.navarra.es\/wp-content\/uploads\/2015\/10\/caiman08-300x146.png 300w, https:\/\/codigo21.educacion.navarra.es\/wp-content\/uploads\/2015\/10\/caiman08-352x171.png 352w\" sizes=\"(max-width: 588px) 100vw, 588px\" \/><\/a><\/p>\n<p><span style=\"font-weight: 400;\">Ya tenemos nuestro caim\u00e1n preparado para practicar con \u00e9l.<\/span><\/p>\n<p><a href=\"http:\/\/codigo21.educacion.navarra.es\/wp-content\/uploads\/2015\/10\/caiman01.jpg\"><img loading=\"lazy\" class=\"aligncenter size-full wp-image-750\" src=\"http:\/\/codigo21.educacion.navarra.es\/wp-content\/uploads\/2015\/10\/caiman01.jpg\" alt=\"Modelo de WeDo: caim\u00e1n hambriento\" width=\"3264\" height=\"2448\" srcset=\"https:\/\/codigo21.educacion.navarra.es\/wp-content\/uploads\/2015\/10\/caiman01.jpg 3264w, https:\/\/codigo21.educacion.navarra.es\/wp-content\/uploads\/2015\/10\/caiman01-300x225.jpg 300w, https:\/\/codigo21.educacion.navarra.es\/wp-content\/uploads\/2015\/10\/caiman01-1024x768.jpg 1024w, https:\/\/codigo21.educacion.navarra.es\/wp-content\/uploads\/2015\/10\/caiman01-228x171.jpg 228w\" sizes=\"(max-width: 3264px) 100vw, 3264px\" \/><\/a><\/p>\n<p><a href=\"http:\/\/codigo21.educacion.navarra.es\/wp-content\/uploads\/2015\/10\/Instrucciones_Montaje_caiman_Lego_WeDo_Codigo21.pdf\" target=\"_blank\">Instrucciones\u00a0de montaje de un caim\u00e1n con Lego WeDo (PDF)<\/a><\/p>\n","protected":false},"excerpt":{"rendered":"<p>El Centro de Recursos de C\u00f3digo 21, ubicado en el Planetario de Pamplona, cuenta con Kits de Lego Education 9580 WeDo versi\u00f3n 46 para prestar a los centros miembros de la Red de Centros de Innovaci\u00f3n en Ciencia y Tecnolog\u00eda, dependientes del Departamento de Educaci\u00f3n de Navarra. El Kit Lego WeDo se puede utilizar con [&hellip;]<\/p>\n","protected":false},"author":22,"featured_media":0,"parent":0,"menu_order":0,"comment_status":"closed","ping_status":"closed","template":"","meta":{"_genesis_hide_title":false,"_genesis_hide_breadcrumbs":false,"_genesis_hide_singular_image":false,"_genesis_hide_footer_widgets":false,"_genesis_custom_body_class":"","_genesis_custom_post_class":"","_genesis_layout":""},"_links":{"self":[{"href":"https:\/\/codigo21.educacion.navarra.es\/eu\/wp-json\/wp\/v2\/pages\/1564"}],"collection":[{"href":"https:\/\/codigo21.educacion.navarra.es\/eu\/wp-json\/wp\/v2\/pages"}],"about":[{"href":"https:\/\/codigo21.educacion.navarra.es\/eu\/wp-json\/wp\/v2\/types\/page"}],"author":[{"embeddable":true,"href":"https:\/\/codigo21.educacion.navarra.es\/eu\/wp-json\/wp\/v2\/users\/22"}],"replies":[{"embeddable":true,"href":"https:\/\/codigo21.educacion.navarra.es\/eu\/wp-json\/wp\/v2\/comments?post=1564"}],"version-history":[{"count":0,"href":"https:\/\/codigo21.educacion.navarra.es\/eu\/wp-json\/wp\/v2\/pages\/1564\/revisions"}],"wp:attachment":[{"href":"https:\/\/codigo21.educacion.navarra.es\/eu\/wp-json\/wp\/v2\/media?parent=1564"}],"curies":[{"name":"wp","href":"https:\/\/api.w.org\/{rel}","templated":true}]}}