{"id":1563,"date":"2015-10-16T13:56:22","date_gmt":"2015-10-16T11:56:22","guid":{"rendered":"http:\/\/codigo21.educacion.navarra.es\/eu\/?page_id=1563"},"modified":"2016-01-14T12:28:10","modified_gmt":"2016-01-14T11:28:10","slug":"lego-wedo-izenekoaren-gida-eta-ereduak","status":"publish","type":"page","link":"https:\/\/codigo21.educacion.navarra.es\/eu\/autoformazioa\/lego-wedo-izenekoaren-gida-eta-ereduak\/","title":{"rendered":"LEGO WeDo izenekoaren gida eta ereduak"},"content":{"rendered":"<p>En esta p\u00e1gina hemos recopilado una colecci\u00f3n de gu\u00edas y de modelos de montaje de LEGO Education WeDo. La autor\u00eda de estos documentos es externa a C\u00f3digo 21 y se indica en cada documento.<\/p>\n<h2><span style=\"color: #0000ff;\">Gu\u00edas de LEGO WeDo<\/span><\/h2>\n<h3>Gu\u00eda del profesor oficial de Lego WeDo<\/h3>\n<p>Gu\u00eda con la descripci\u00f3n de los componentes de Lego WeDo, actividades y propuestas entre otros recursos.<\/p>\n<p><iframe loading=\"lazy\" style=\"border: 1px solid #CCC; border-width: 1px; margin-bottom: 5px; max-width: 100%;\" src=\"\/\/www.slideshare.net\/slideshow\/embed_code\/key\/y2ztTpDcMIUg1x\" width=\"572\" height=\"612\" frameborder=\"0\" marginwidth=\"0\" marginheight=\"0\" scrolling=\"no\" allowfullscreen=\"allowfullscreen\"> <\/iframe><\/p>\n<h6 style=\"text-align: center;\"><a href=\"http:\/\/www.slideshare.net\/johnk93\/lego-education-we-do-teachers-guide-wedo\" target=\"_blank\">Compartida por John Carabal en SlideShare<\/a>. LEGO\u00ae Education WeDo\u2122 Gu\u00eda del profesor 2009580 LEGO, the LEGO logo and WEDO are trademarks of the\/sont des marques decommerce de\/son marcas registradas de LEGO Group. \u00a92009 The LEGO Group.<\/h6>\n<p>&nbsp;<\/p>\n<h3>WeDo &#8211; Rob\u00f3tica educativa para el nivel primario<\/h3>\n<p>Descripci\u00f3n del Kit de Lego WeDo.<\/p>\n<p><iframe loading=\"lazy\" style=\"border: 1px solid #CCC; border-width: 1px; margin-bottom: 5px; max-width: 100%;\" src=\"\/\/www.slideshare.net\/slideshow\/embed_code\/key\/MdNVyuNRMJLAWt\" width=\"595\" height=\"485\" frameborder=\"0\" marginwidth=\"0\" marginheight=\"0\" scrolling=\"no\" allowfullscreen=\"allowfullscreen\"> <\/iframe><\/p>\n<h6 style=\"text-align: center;\"><a href=\"http:\/\/www.slideshare.net\/beckercito\/uso-robotica-educativa\" target=\"_blank\">Compartida por\u00a0Becker H. Santiago Bonilla\u00a0en SlideShare.<\/a><\/h6>\n<p>&nbsp;<\/p>\n<h3>Sesiones de aprendizaje para las \u00e1reas de Ciencias, Matem\u00e1ticas y Comunicaci\u00f3n<\/h3>\n<p><iframe loading=\"lazy\" style=\"border: 1px solid #CCC; border-width: 1px; margin-bottom: 5px; max-width: 100%;\" src=\"\/\/www.slideshare.net\/slideshow\/embed_code\/key\/2IIbbg9GbzG2z0\" width=\"572\" height=\"612\" frameborder=\"0\" marginwidth=\"0\" marginheight=\"0\" scrolling=\"no\" allowfullscreen=\"allowfullscreen\"> <\/iframe><\/p>\n<h6 style=\"text-align: center;\"><a href=\"http:\/\/www.slideshare.net\/beckercito\/sesionesde-aprendizaje\" target=\"_blank\">Compartida por\u00a0Becker H. Santiago Bonilla\u00a0en SlideShare<\/a>.<\/h6>\n<p>&nbsp;<\/p>\n<h3>Scratchetik MunduErrealaTM-era<\/h3>\n<p>Trabajo de Borja del R\u00edo Rueda, maestro de la Ikastola Lauro.<br \/>\n<iframe loading=\"lazy\" style=\"border: 1px solid #CCC; border-width: 1px; margin-bottom: 5px; max-width: 100%;\" src=\"\/\/www.slideshare.net\/slideshow\/embed_code\/key\/e1tAoTnfCHQM1r\" width=\"595\" height=\"485\" frameborder=\"0\" marginwidth=\"0\" marginheight=\"0\" scrolling=\"no\" allowfullscreen=\"allowfullscreen\"> <\/iframe><\/p>\n<p><a href=\"http:\/\/www.slideshare.net\/Borjario\/scratch-etik-mundu-errealera-berritzegunea-2013\" target=\"_blank\">Compartida por Borja del R\u00edo Rueda en SlideShare<\/a><\/p>\n<p>&nbsp;<\/p>\n<h3>Sesiones de clase con LEGO WeDo<\/h3>\n<p>Proyecto de &#8220;Rob\u00f3tica Educativa WeDo&#8221; de los docentes Sonia Rojas Dalguerri y de Juan Carlos Barreto Cisneros.<\/p>\n<table cellspacing=\"10\"><!-- Fila encabezado --><\/p>\n<tbody><!-- Fila 1 --><\/p>\n<tr>\n<td style=\"text-align: center;\"><a href=\"http:\/\/www.slideshare.net\/proyectoste\/sesiones-de-clase-con-lego-wedo-clase-1\" target=\"_blank\"><img loading=\"lazy\" class=\"aligncenter size-thumbnail wp-image-788\" src=\"http:\/\/codigo21.educacion.navarra.es\/wp-content\/uploads\/2015\/10\/wedoclase1-150x150.png\" alt=\"wedoclase1\" width=\"150\" height=\"150\" srcset=\"https:\/\/codigo21.educacion.navarra.es\/wp-content\/uploads\/2015\/10\/wedoclase1-150x150.png 150w, https:\/\/codigo21.educacion.navarra.es\/wp-content\/uploads\/2015\/10\/wedoclase1-100x100.png 100w\" sizes=\"(max-width: 150px) 100vw, 150px\" \/>Clase\u00a01<\/a><a href=\"http:\/\/codigo21.educacion.navarra.es\/wp-content\/uploads\/2015\/10\/wedoclase1.png\"><br \/>\n<\/a><\/td>\n<td style=\"text-align: center;\"><a href=\"http:\/\/www.slideshare.net\/proyectoste\/sesiones-de-clase-con-lego-wedo-clases-2-y-3\" target=\"_blank\"><img loading=\"lazy\" class=\"aligncenter size-thumbnail wp-image-789\" src=\"http:\/\/codigo21.educacion.navarra.es\/wp-content\/uploads\/2015\/10\/wedoclase2y3-150x150.png\" alt=\"wedoclase2y3\" width=\"150\" height=\"150\" srcset=\"https:\/\/codigo21.educacion.navarra.es\/wp-content\/uploads\/2015\/10\/wedoclase2y3-150x150.png 150w, https:\/\/codigo21.educacion.navarra.es\/wp-content\/uploads\/2015\/10\/wedoclase2y3-100x100.png 100w\" sizes=\"(max-width: 150px) 100vw, 150px\" \/><\/a><a href=\"http:\/\/www.slideshare.net\/proyectoste\/sesiones-de-clase-con-lego-wedo-clases-2-y-3\" target=\"_blank\">Clases 2 y 3<\/a><a href=\"http:\/\/codigo21.educacion.navarra.es\/wp-content\/uploads\/2015\/10\/wedoclase1.png\"><br \/>\n<\/a><\/td>\n<td style=\"text-align: center;\"><a href=\"http:\/\/www.slideshare.net\/proyectoste\/sesiones-de-clase-con-lego-wedo-clases-4-y-5\" target=\"_blank\"><img loading=\"lazy\" class=\"aligncenter size-thumbnail wp-image-790\" src=\"http:\/\/codigo21.educacion.navarra.es\/wp-content\/uploads\/2015\/10\/wedoclase4y5-150x150.png\" alt=\"wedoclase4y5\" width=\"150\" height=\"150\" srcset=\"https:\/\/codigo21.educacion.navarra.es\/wp-content\/uploads\/2015\/10\/wedoclase4y5-150x150.png 150w, https:\/\/codigo21.educacion.navarra.es\/wp-content\/uploads\/2015\/10\/wedoclase4y5-100x100.png 100w\" sizes=\"(max-width: 150px) 100vw, 150px\" \/><\/a><a href=\"http:\/\/www.slideshare.net\/proyectoste\/sesiones-de-clase-con-lego-wedo-clases-4-y-5\" target=\"_blank\">Clases 4 y 5<\/a><\/td>\n<\/tr>\n<p><!-- Fila 2 --><\/p>\n<tr>\n<td style=\"text-align: center;\"><a href=\"http:\/\/www.slideshare.net\/proyectoste\/sesiones-de-clase-con-lego-wedo-clases-6-y-7\" target=\"_blank\"><img loading=\"lazy\" class=\"aligncenter size-thumbnail wp-image-791\" src=\"http:\/\/codigo21.educacion.navarra.es\/wp-content\/uploads\/2015\/10\/wedoclase6y7-150x150.png\" alt=\"wedoclase6y7\" width=\"150\" height=\"150\" srcset=\"https:\/\/codigo21.educacion.navarra.es\/wp-content\/uploads\/2015\/10\/wedoclase6y7-150x150.png 150w, https:\/\/codigo21.educacion.navarra.es\/wp-content\/uploads\/2015\/10\/wedoclase6y7-100x100.png 100w\" sizes=\"(max-width: 150px) 100vw, 150px\" \/><\/a><a href=\"http:\/\/www.slideshare.net\/proyectoste\/sesiones-de-clase-con-lego-wedo-clases-6-y-7\" target=\"_blank\">Clases 6 y 7<\/a><\/td>\n<td style=\"text-align: center;\"><a href=\"http:\/\/www.slideshare.net\/proyectoste\/sesiones-de-clase-con-lego-wedo-clase-8\" target=\"_blank\"><img loading=\"lazy\" class=\"aligncenter size-thumbnail wp-image-792\" src=\"http:\/\/codigo21.educacion.navarra.es\/wp-content\/uploads\/2015\/10\/wedoclase8-150x150.png\" alt=\"wedoclase8\" width=\"150\" height=\"150\" srcset=\"https:\/\/codigo21.educacion.navarra.es\/wp-content\/uploads\/2015\/10\/wedoclase8-150x150.png 150w, https:\/\/codigo21.educacion.navarra.es\/wp-content\/uploads\/2015\/10\/wedoclase8-100x100.png 100w\" sizes=\"(max-width: 150px) 100vw, 150px\" \/><\/a><a href=\"http:\/\/www.slideshare.net\/proyectoste\/sesiones-de-clase-con-lego-wedo-clase-8\" target=\"_blank\">Clase\u00a08<\/a><\/td>\n<td style=\"text-align: center;\"><a href=\"http:\/\/www.slideshare.net\/proyectoste\/sesiones-de-clase-con-lego-wedo-clase-9\" target=\"_blank\"><img loading=\"lazy\" class=\"aligncenter size-thumbnail wp-image-793\" src=\"http:\/\/codigo21.educacion.navarra.es\/wp-content\/uploads\/2015\/10\/wedoclase9-150x150.png\" alt=\"wedoclase9\" width=\"150\" height=\"150\" srcset=\"https:\/\/codigo21.educacion.navarra.es\/wp-content\/uploads\/2015\/10\/wedoclase9-150x150.png 150w, https:\/\/codigo21.educacion.navarra.es\/wp-content\/uploads\/2015\/10\/wedoclase9-100x100.png 100w\" sizes=\"(max-width: 150px) 100vw, 150px\" \/><\/a><a href=\"http:\/\/www.slideshare.net\/proyectoste\/sesiones-de-clase-con-lego-wedo-clase-9\" target=\"_blank\">Clase 9<\/a><\/td>\n<\/tr>\n<\/tbody>\n<\/table>\n<p>&nbsp;<\/p>\n<h2><span style=\"color: #0000ff;\">Modelos\u00a0de LEGO WeDo<\/span><\/h2>\n<h3>Modelos del Kit Base 9580<\/h3>\n<p>Instrucciones de montaje oficiales de la <a href=\"https:\/\/education.lego.com\/es-es\/lesi\/support\/product-support\/wedo\/wedo-base-set-9580\/building-instructions\" target=\"_blank\">p\u00e1gina de LEGO<\/a>.<\/p>\n<table cellspacing=\"10\"><!-- Fila encabezado --><\/p>\n<tbody><!-- Fila 1 --><\/p>\n<tr>\n<td style=\"text-align: center;\"><a href=\"http:\/\/www.slideshare.net\/proyectoste\/avin-de-rescate\" target=\"_blank\"><img loading=\"lazy\" class=\"aligncenter size-thumbnail wp-image-795\" src=\"http:\/\/codigo21.educacion.navarra.es\/wp-content\/uploads\/2015\/10\/avion_rescate_legowedo-150x150.png\" alt=\"Avi\u00f3n de rescate de LEGO WeDo\" width=\"150\" height=\"150\" srcset=\"https:\/\/codigo21.educacion.navarra.es\/wp-content\/uploads\/2015\/10\/avion_rescate_legowedo-150x150.png 150w, https:\/\/codigo21.educacion.navarra.es\/wp-content\/uploads\/2015\/10\/avion_rescate_legowedo-100x100.png 100w\" sizes=\"(max-width: 150px) 100vw, 150px\" \/><\/a><a href=\"http:\/\/www.slideshare.net\/proyectoste\/avin-de-rescate\" target=\"_blank\">Avi\u00f3n de rescate<\/a><a href=\"http:\/\/codigo21.educacion.navarra.es\/wp-content\/uploads\/2015\/10\/wedoclase1.png\"><br \/>\n<\/a><\/td>\n<td style=\"text-align: center;\"><a href=\"http:\/\/www.slideshare.net\/proyectoste\/aficin-ruidosa\" target=\"_blank\"><img loading=\"lazy\" class=\"aligncenter size-thumbnail wp-image-798\" src=\"http:\/\/codigo21.educacion.navarra.es\/wp-content\/uploads\/2015\/10\/aficion_ruidosa_legowedo-150x150.png\" alt=\"Afici\u00f3n ruidosa - LEGO WeDo\" width=\"150\" height=\"150\" srcset=\"https:\/\/codigo21.educacion.navarra.es\/wp-content\/uploads\/2015\/10\/aficion_ruidosa_legowedo-150x150.png 150w, https:\/\/codigo21.educacion.navarra.es\/wp-content\/uploads\/2015\/10\/aficion_ruidosa_legowedo-100x100.png 100w\" sizes=\"(max-width: 150px) 100vw, 150px\" \/><\/a><a href=\"http:\/\/www.slideshare.net\/proyectoste\/aficin-ruidosa\" target=\"_blank\">Afici\u00f3n ruidosa<br \/>\n<\/a><\/td>\n<td style=\"text-align: center;\"><a href=\"http:\/\/www.slideshare.net\/proyectoste\/pjaros-bailarines\" target=\"_blank\"><img loading=\"lazy\" class=\"aligncenter size-thumbnail wp-image-797\" src=\"http:\/\/codigo21.educacion.navarra.es\/wp-content\/uploads\/2015\/10\/pajaros_bailarines_legowedo-150x150.png\" alt=\"P\u00e1jaros bailarines - LEGO WeDo\" width=\"150\" height=\"150\" srcset=\"https:\/\/codigo21.educacion.navarra.es\/wp-content\/uploads\/2015\/10\/pajaros_bailarines_legowedo-150x150.png 150w, https:\/\/codigo21.educacion.navarra.es\/wp-content\/uploads\/2015\/10\/pajaros_bailarines_legowedo-100x100.png 100w\" sizes=\"(max-width: 150px) 100vw, 150px\" \/><\/a><a href=\"http:\/\/www.slideshare.net\/proyectoste\/pjaros-bailarines\" target=\"_blank\">P\u00e1jaros bailarines<\/a><\/td>\n<td style=\"text-align: center;\"><a href=\"http:\/\/www.slideshare.net\/proyectoste\/mono-percusionista\" target=\"_blank\"><img loading=\"lazy\" class=\"aligncenter size-thumbnail wp-image-796\" src=\"http:\/\/codigo21.educacion.navarra.es\/wp-content\/uploads\/2015\/10\/mono_percusionista_legowedo-150x150.png\" alt=\"Mono percusionista - LEGO WeDo\" width=\"150\" height=\"150\" srcset=\"https:\/\/codigo21.educacion.navarra.es\/wp-content\/uploads\/2015\/10\/mono_percusionista_legowedo-150x150.png 150w, https:\/\/codigo21.educacion.navarra.es\/wp-content\/uploads\/2015\/10\/mono_percusionista_legowedo-100x100.png 100w\" sizes=\"(max-width: 150px) 100vw, 150px\" \/><\/a><a href=\"http:\/\/www.slideshare.net\/proyectoste\/mono-percusionista\" target=\"_blank\">Mono percusionista<\/a><\/td>\n<\/tr>\n<p><!-- Fila 2 --><\/p>\n<tr>\n<td style=\"text-align: center;\"><a href=\"http:\/\/www.slideshare.net\/proyectoste\/pjaro-volador-54103061\" target=\"_blank\"><img loading=\"lazy\" class=\"aligncenter size-thumbnail wp-image-806\" src=\"http:\/\/codigo21.educacion.navarra.es\/wp-content\/uploads\/2015\/10\/pajaro_volador_legowedo-150x150.png\" alt=\"P\u00e1jaro volador - LEGO WeDo\" width=\"150\" height=\"150\" srcset=\"https:\/\/codigo21.educacion.navarra.es\/wp-content\/uploads\/2015\/10\/pajaro_volador_legowedo-150x150.png 150w, https:\/\/codigo21.educacion.navarra.es\/wp-content\/uploads\/2015\/10\/pajaro_volador_legowedo-100x100.png 100w\" sizes=\"(max-width: 150px) 100vw, 150px\" \/><\/a><a href=\"http:\/\/www.slideshare.net\/proyectoste\/pjaro-volador-54103061\" target=\"_blank\">P\u00e1jaro volador<\/a><\/td>\n<td style=\"text-align: center;\"><a href=\"http:\/\/www.slideshare.net\/proyectoste\/gigante-colgante-54103059\" target=\"_blank\"><img loading=\"lazy\" class=\"aligncenter size-thumbnail wp-image-805\" src=\"http:\/\/codigo21.educacion.navarra.es\/wp-content\/uploads\/2015\/10\/gigante_colgante_legowedo-150x150.png\" alt=\"Gigante colgante - LEGO WeDo\" width=\"150\" height=\"150\" srcset=\"https:\/\/codigo21.educacion.navarra.es\/wp-content\/uploads\/2015\/10\/gigante_colgante_legowedo-150x150.png 150w, https:\/\/codigo21.educacion.navarra.es\/wp-content\/uploads\/2015\/10\/gigante_colgante_legowedo-100x100.png 100w\" sizes=\"(max-width: 150px) 100vw, 150px\" \/><\/a><a href=\"http:\/\/www.slideshare.net\/proyectoste\/gigante-colgante-54103059\" target=\"_blank\">Gigante colgante<\/a><\/td>\n<td style=\"text-align: center;\"><a href=\"http:\/\/www.slideshare.net\/proyectoste\/portero-de-ftbol\" target=\"_blank\"><img loading=\"lazy\" class=\"aligncenter size-thumbnail wp-image-804\" src=\"http:\/\/codigo21.educacion.navarra.es\/wp-content\/uploads\/2015\/10\/portero_futbol_legowedo-150x150.png\" alt=\"Portero f\u00fatbol - LEGO WeDo\" width=\"150\" height=\"150\" srcset=\"https:\/\/codigo21.educacion.navarra.es\/wp-content\/uploads\/2015\/10\/portero_futbol_legowedo-150x150.png 150w, https:\/\/codigo21.educacion.navarra.es\/wp-content\/uploads\/2015\/10\/portero_futbol_legowedo-100x100.png 100w\" sizes=\"(max-width: 150px) 100vw, 150px\" \/><\/a><a href=\"http:\/\/www.slideshare.net\/proyectoste\/portero-de-ftbol\" target=\"_blank\">Portero de f\u00fatbol<\/a><\/td>\n<td style=\"text-align: center;\"><a href=\"http:\/\/www.slideshare.net\/proyectoste\/chutador-a-gol\" target=\"_blank\"><img loading=\"lazy\" class=\"aligncenter size-thumbnail wp-image-803\" src=\"http:\/\/codigo21.educacion.navarra.es\/wp-content\/uploads\/2015\/10\/chutador_gol_legowedo-150x150.png\" alt=\"Chutador a gol - LEGO WeDo\" width=\"150\" height=\"150\" srcset=\"https:\/\/codigo21.educacion.navarra.es\/wp-content\/uploads\/2015\/10\/chutador_gol_legowedo-150x150.png 150w, https:\/\/codigo21.educacion.navarra.es\/wp-content\/uploads\/2015\/10\/chutador_gol_legowedo-100x100.png 100w\" sizes=\"(max-width: 150px) 100vw, 150px\" \/><\/a><a href=\"http:\/\/www.slideshare.net\/proyectoste\/chutador-a-gol\" target=\"_blank\">Chutador a gol<\/a><\/td>\n<\/tr>\n<p><!-- Fila 3 --><\/p>\n<tr>\n<td style=\"text-align: center;\"><a href=\"http:\/\/www.slideshare.net\/proyectoste\/barco-navegante\" target=\"_blank\"><img loading=\"lazy\" class=\"aligncenter size-thumbnail wp-image-802\" src=\"http:\/\/codigo21.educacion.navarra.es\/wp-content\/uploads\/2015\/10\/barco_navegante_legowedo-150x150.png\" alt=\"Barco navegante - LEGO WeDo\" width=\"150\" height=\"150\" srcset=\"https:\/\/codigo21.educacion.navarra.es\/wp-content\/uploads\/2015\/10\/barco_navegante_legowedo-150x150.png 150w, https:\/\/codigo21.educacion.navarra.es\/wp-content\/uploads\/2015\/10\/barco_navegante_legowedo-100x100.png 100w\" sizes=\"(max-width: 150px) 100vw, 150px\" \/><\/a><a href=\"http:\/\/www.slideshare.net\/proyectoste\/barco-navegante\" target=\"_blank\">Barco navegante<\/a><\/td>\n<td style=\"text-align: center;\"><a href=\"http:\/\/www.slideshare.net\/proyectoste\/len-rugiente\" target=\"_blank\"><img loading=\"lazy\" class=\"aligncenter size-thumbnail wp-image-801\" src=\"http:\/\/codigo21.educacion.navarra.es\/wp-content\/uploads\/2015\/10\/leon_rugiente_legowedo-150x150.png\" alt=\"Le\u00f3n rugiente - LEGO WeDo\" width=\"150\" height=\"150\" srcset=\"https:\/\/codigo21.educacion.navarra.es\/wp-content\/uploads\/2015\/10\/leon_rugiente_legowedo-150x150.png 150w, https:\/\/codigo21.educacion.navarra.es\/wp-content\/uploads\/2015\/10\/leon_rugiente_legowedo-100x100.png 100w\" sizes=\"(max-width: 150px) 100vw, 150px\" \/><\/a><a href=\"http:\/\/www.slideshare.net\/proyectoste\/len-rugiente\" target=\"_blank\">Le\u00f3n rugiente<\/a><\/td>\n<td style=\"text-align: center;\"><a href=\"http:\/\/www.slideshare.net\/proyectoste\/caimn-hambriento\" target=\"_blank\"><img loading=\"lazy\" class=\"aligncenter size-thumbnail wp-image-800\" src=\"http:\/\/codigo21.educacion.navarra.es\/wp-content\/uploads\/2015\/10\/caiman_hambriento_legowedo-150x150.png\" alt=\"Caim\u00e1n hambriento - LEGO WeDo\" width=\"150\" height=\"150\" srcset=\"https:\/\/codigo21.educacion.navarra.es\/wp-content\/uploads\/2015\/10\/caiman_hambriento_legowedo-150x150.png 150w, https:\/\/codigo21.educacion.navarra.es\/wp-content\/uploads\/2015\/10\/caiman_hambriento_legowedo-100x100.png 100w\" sizes=\"(max-width: 150px) 100vw, 150px\" \/><\/a><a href=\"http:\/\/www.slideshare.net\/proyectoste\/caimn-hambriento\" target=\"_blank\">Caim\u00e1n hambriento<\/a><\/td>\n<td style=\"text-align: center;\"><a href=\"http:\/\/www.slideshare.net\/proyectoste\/hilador-inteligente\" target=\"_blank\"><img loading=\"lazy\" class=\"aligncenter size-thumbnail wp-image-799\" src=\"http:\/\/codigo21.educacion.navarra.es\/wp-content\/uploads\/2015\/10\/hilador_inteligente_legowedo-150x150.png\" alt=\"Hilador inteligente - LEGO WeDo\" width=\"150\" height=\"150\" srcset=\"https:\/\/codigo21.educacion.navarra.es\/wp-content\/uploads\/2015\/10\/hilador_inteligente_legowedo-150x150.png 150w, https:\/\/codigo21.educacion.navarra.es\/wp-content\/uploads\/2015\/10\/hilador_inteligente_legowedo-100x100.png 100w\" sizes=\"(max-width: 150px) 100vw, 150px\" \/><\/a><a href=\"http:\/\/www.slideshare.net\/proyectoste\/hilador-inteligente\" target=\"_blank\">Hilador inteligente<\/a><\/td>\n<\/tr>\n<\/tbody>\n<\/table>\n<h3><\/h3>\n<h3>Estudio de Scratch con los proyectos de LEGO WeDo<\/h3>\n<p>Enlace a un estudio de Scratch con los programas de todos los modelos oficiales de LEGO WeDo.<\/p>\n<p><a href=\"https:\/\/scratch.mit.edu\/studios\/1302388\/projects\/\" target=\"_blank\"><img loading=\"lazy\" class=\"aligncenter size-medium wp-image-809\" src=\"http:\/\/codigo21.educacion.navarra.es\/wp-content\/uploads\/2015\/10\/programas_modelos_lego_wedo-300x193.png\" alt=\"Estudio Scratch proyectos modelos WeDo\" width=\"300\" height=\"193\" srcset=\"https:\/\/codigo21.educacion.navarra.es\/wp-content\/uploads\/2015\/10\/programas_modelos_lego_wedo-300x193.png 300w, https:\/\/codigo21.educacion.navarra.es\/wp-content\/uploads\/2015\/10\/programas_modelos_lego_wedo-266x171.png 266w, https:\/\/codigo21.educacion.navarra.es\/wp-content\/uploads\/2015\/10\/programas_modelos_lego_wedo.png 986w\" sizes=\"(max-width: 300px) 100vw, 300px\" \/><\/a><\/p>\n<p style=\"text-align: center;\"><a href=\"https:\/\/scratch.mit.edu\/studios\/1302388\/projects\/\" target=\"_blank\">https:\/\/scratch.mit.edu\/studios\/1302388\/projects\/<\/a><\/p>\n","protected":false},"excerpt":{"rendered":"<p>En esta p\u00e1gina hemos recopilado una colecci\u00f3n de gu\u00edas y de modelos de montaje de LEGO Education WeDo. La autor\u00eda de estos documentos es externa a C\u00f3digo 21 y se indica en cada documento. Gu\u00edas de LEGO WeDo Gu\u00eda del profesor oficial de Lego WeDo Gu\u00eda con la descripci\u00f3n de los componentes de Lego WeDo, [&hellip;]<\/p>\n","protected":false},"author":22,"featured_media":0,"parent":1621,"menu_order":0,"comment_status":"closed","ping_status":"closed","template":"","meta":{"_genesis_hide_title":false,"_genesis_hide_breadcrumbs":false,"_genesis_hide_singular_image":false,"_genesis_hide_footer_widgets":false,"_genesis_custom_body_class":"","_genesis_custom_post_class":"","_genesis_layout":""},"_links":{"self":[{"href":"https:\/\/codigo21.educacion.navarra.es\/eu\/wp-json\/wp\/v2\/pages\/1563"}],"collection":[{"href":"https:\/\/codigo21.educacion.navarra.es\/eu\/wp-json\/wp\/v2\/pages"}],"about":[{"href":"https:\/\/codigo21.educacion.navarra.es\/eu\/wp-json\/wp\/v2\/types\/page"}],"author":[{"embeddable":true,"href":"https:\/\/codigo21.educacion.navarra.es\/eu\/wp-json\/wp\/v2\/users\/22"}],"replies":[{"embeddable":true,"href":"https:\/\/codigo21.educacion.navarra.es\/eu\/wp-json\/wp\/v2\/comments?post=1563"}],"version-history":[{"count":0,"href":"https:\/\/codigo21.educacion.navarra.es\/eu\/wp-json\/wp\/v2\/pages\/1563\/revisions"}],"up":[{"embeddable":true,"href":"https:\/\/codigo21.educacion.navarra.es\/eu\/wp-json\/wp\/v2\/pages\/1621"}],"wp:attachment":[{"href":"https:\/\/codigo21.educacion.navarra.es\/eu\/wp-json\/wp\/v2\/media?parent=1563"}],"curies":[{"name":"wp","href":"https:\/\/api.w.org\/{rel}","templated":true}]}}