{"id":1554,"date":"2015-10-28T11:03:36","date_gmt":"2015-10-28T10:03:36","guid":{"rendered":"http:\/\/codigo21.educacion.navarra.es\/eu\/?page_id=1554"},"modified":"2016-01-14T12:22:56","modified_gmt":"2016-01-14T11:22:56","slug":"kinect-eta-scratch-1-4","status":"publish","type":"page","link":"https:\/\/codigo21.educacion.navarra.es\/eu\/autoformazioa\/kinect-eta-scratch-1-4\/","title":{"rendered":"Kinect eta Scratch 1.4"},"content":{"rendered":"<p><span style=\"font-weight: 400;\">Kinect es un accesorio que nos permite interactuar, por ejemplo, con Scratch reconociendo gestos, comandos de voz, objetos e im\u00e1genes.<\/span><\/p>\n<p><span style=\"font-weight: 400;\">Originalmente fue desarrollada por Microsoft para su videoconsola Xbox 360, pero en 2011 abri\u00f3 su uso para equipos inform\u00e1ticos con Windows, y <\/span><b>hoy funciona con las versiones de Windows 7, 8 y 10<\/b><span style=\"font-weight: 400;\">. Por otra parte, <strong>hasta hace poco<\/strong>\u00a0<\/span><b>s\u00f3lo funcionaba con Scratch 1.4 <\/b>(el funcionamiento con Scratch 2.0 <a href=\"https:\/\/scratch.mit.edu\/discuss\/topic\/142608\/\" target=\"_blank\">est\u00e1 explicado aqu\u00ed<\/a> pero a\u00fan est\u00e1 en fase beta).<\/p>\n<p><span style=\"font-weight: 400;\">En el <\/span><a href=\"https:\/\/codigo21.educacion.navarra.es\/eu\/robot-mailegua\/\" target=\"_blank\"><span style=\"font-weight: 400;\">Centro de Recursos de C\u00f3digo 21<\/span><\/a><span style=\"font-weight: 400;\"> contamos con varias unidades de Kinect para Xbox 360 para el pr\u00e9stamo a los centros miembros de la Red de Centros de Innovaci\u00f3n en Ciencia y Tecnolog\u00eda, dependientes del Departamento de Educaci\u00f3n de Navarra.<\/span><\/p>\n<p>&nbsp;<\/p>\n<h2><b>Configuraci\u00f3n de la Kinect con Scratch<\/b><\/h2>\n<p><span style=\"font-weight: 400;\">Para que nuestro ordenador detecte la Kinect debemos instalar un driver, y para poder utilizar Scratch 1.4 con la Kinect un programa espec\u00edfico llamado Kinect2Scratch.<\/span><\/p>\n<h3><b style=\"line-height: 1.5;\">1. Instalaci\u00f3n del driver de la Kinect<\/b><\/h3>\n<p><span style=\"font-weight: 400;\">Hay dos tipos de Kinect, la que es espec\u00edfica para Windows y la que originalmente fue dise\u00f1ada para la videoconsola Xbox 360.<\/span><\/p>\n<p><span style=\"font-weight: 400;\">&#8211; <\/span><b>Si tenemos la Kinect para Windows <\/b><span style=\"font-weight: 400;\">hay que descargar e instalar<\/span><b> Kinect for Windows Runtime. <\/b><span style=\"font-weight: 400;\">Con <\/span><a href=\"http:\/\/www.microsoft.com\/en-us\/download\/details.aspx?id=40277\" target=\"_blank\"><span style=\"font-weight: 400;\">Windows 7 instalaremos la versi\u00f3n 1.8,<\/span><\/a><span style=\"font-weight: 400;\"> y con <\/span><a href=\"http:\/\/www.microsoft.com\/en-us\/download\/details.aspx?id=44559\" target=\"_blank\"><span style=\"font-weight: 400;\">el resto de Windows la v2.0<\/span><\/a><span style=\"font-weight: 400;\"> o la \u00faltima que publiquen.<\/span><\/p>\n<figure id=\"attachment_917\" aria-describedby=\"caption-attachment-917\" style=\"width: 1024px\" class=\"wp-caption aligncenter\"><a href=\"http:\/\/www.microsoft.com\/en-us\/download\/details.aspx?id=44559\" target=\"_blank\"><img loading=\"lazy\" class=\"wp-image-917 size-large\" src=\"http:\/\/codigo21.educacion.navarra.es\/wp-content\/uploads\/2015\/10\/kinect02-1024x265.jpeg\" alt=\"kinect02\" width=\"1024\" height=\"265\" srcset=\"https:\/\/codigo21.educacion.navarra.es\/wp-content\/uploads\/2015\/10\/kinect02-1024x265.jpeg 1024w, https:\/\/codigo21.educacion.navarra.es\/wp-content\/uploads\/2015\/10\/kinect02-300x78.jpeg 300w, https:\/\/codigo21.educacion.navarra.es\/wp-content\/uploads\/2015\/10\/kinect02-370x96.jpeg 370w\" sizes=\"(max-width: 1024px) 100vw, 1024px\" \/><\/a><figcaption id=\"caption-attachment-917\" class=\"wp-caption-text\">Kinect para Windows<\/figcaption><\/figure>\n<p><span style=\"font-weight: 400;\">&#8211; <\/span><b>Si tenemos la Kinect para Xbox 360<\/b><span style=\"font-weight: 400;\">, como la que el Centro de Recursos de C\u00f3digo 21 presta a los miembros de la Red de Centros, debemos descargar e instalar Kinect for <\/span><a href=\"http:\/\/www.microsoft.com\/en-us\/download\/details.aspx?id=40278\" target=\"_blank\"><b>Windows SDK v1.8<\/b><span style=\"font-weight: 400;\"> para equipos con Windows 7<\/span><\/a><span style=\"font-weight: 400;\"> y <\/span><a href=\"http:\/\/www.microsoft.com\/en-us\/download\/details.aspx?id=44561\" target=\"_blank\"><b>Windows SDK v2.0<\/b><span style=\"font-weight: 400;\"> o posterior para los que tengan Windows 8, 8.1 o 10<\/span><\/a><span style=\"font-weight: 400;\">.<\/span><\/p>\n<p>&nbsp;<\/p>\n<figure id=\"attachment_916\" aria-describedby=\"caption-attachment-916\" style=\"width: 623px\" class=\"wp-caption aligncenter\"><a href=\"http:\/\/www.microsoft.com\/en-us\/download\/details.aspx?id=44561\" target=\"_blank\"><img loading=\"lazy\" class=\"wp-image-916 size-full\" src=\"http:\/\/codigo21.educacion.navarra.es\/wp-content\/uploads\/2015\/10\/kinect01.jpg\" alt=\"kinect01\" width=\"623\" height=\"210\" srcset=\"https:\/\/codigo21.educacion.navarra.es\/wp-content\/uploads\/2015\/10\/kinect01.jpg 623w, https:\/\/codigo21.educacion.navarra.es\/wp-content\/uploads\/2015\/10\/kinect01-300x101.jpg 300w, https:\/\/codigo21.educacion.navarra.es\/wp-content\/uploads\/2015\/10\/kinect01-370x125.jpg 370w\" sizes=\"(max-width: 623px) 100vw, 623px\" \/><\/a><figcaption id=\"caption-attachment-916\" class=\"wp-caption-text\">Kinect para Xbox 360<\/figcaption><\/figure>\n<p>&nbsp;<\/p>\n<h3><b>2. Conectar la Kinect al ordenador<\/b><\/h3>\n<p><span style=\"font-weight: 400;\">Una vez que tenemos instalado en driver del paso anterior, podemos <strong>conectar la Kinect a la alimentaci\u00f3n el\u00e9ctrica, y luego al puerto USB del ordenador<\/strong>. Tras unos minutos el dispositivo estar\u00e1 listo para usarse.<\/span><\/p>\n<figure id=\"attachment_918\" aria-describedby=\"caption-attachment-918\" style=\"width: 536px\" class=\"wp-caption alignnone\"><a href=\"http:\/\/codigo21.educacion.navarra.es\/wp-content\/uploads\/2015\/10\/kinect03.png\"><img loading=\"lazy\" class=\"size-full wp-image-918\" src=\"http:\/\/codigo21.educacion.navarra.es\/wp-content\/uploads\/2015\/10\/kinect03.png\" alt=\"kinect03\" width=\"536\" height=\"307\" srcset=\"https:\/\/codigo21.educacion.navarra.es\/wp-content\/uploads\/2015\/10\/kinect03.png 536w, https:\/\/codigo21.educacion.navarra.es\/wp-content\/uploads\/2015\/10\/kinect03-300x172.png 300w, https:\/\/codigo21.educacion.navarra.es\/wp-content\/uploads\/2015\/10\/kinect03-299x171.png 299w\" sizes=\"(max-width: 536px) 100vw, 536px\" \/><\/a><figcaption id=\"caption-attachment-918\" class=\"wp-caption-text\">Windows reconoce la Kinect<\/figcaption><\/figure>\n<p>&nbsp;<\/p>\n<h3><b>3. Descargar e instalar el software necesario<\/b><\/h3>\n<p><span style=\"font-weight: 400;\">Para trabajar con Scratch y la Kinect es necesario un programa espec\u00edfico llamado <\/span><b>Kinect2Scratch<\/b><span style=\"font-weight: 400;\"> y la <\/span><b>versi\u00f3n offline 1.4 de Scratch<\/b><span style=\"font-weight: 400;\">.<\/span><\/p>\n<p><b>Kinect2Scratch<\/b><span style=\"font-weight: 400;\"> es un software desarrollado por Stephen Howell y se puede acceder a su <\/span><a href=\"http:\/\/scratch.saorog.com\/\" target=\"_blank\"><span style=\"font-weight: 400;\">descarga<\/span> <span style=\"font-weight: 400;\">desde su p\u00e1gina de autor<\/span><\/a><span style=\"font-weight: 400;\">, rellenando una solicitud para que nos env\u00eden el enlace de descarga a nuestro correo electr\u00f3nico.<\/span><\/p>\n<figure id=\"attachment_919\" aria-describedby=\"caption-attachment-919\" style=\"width: 300px\" class=\"wp-caption alignnone\"><a href=\"http:\/\/scratch.saorog.com\/\" target=\"_blank\"><img loading=\"lazy\" class=\"size-medium wp-image-919\" src=\"http:\/\/codigo21.educacion.navarra.es\/wp-content\/uploads\/2015\/10\/kinect04-300x187.png\" alt=\"Descarga de Kinect2Scratch\" width=\"300\" height=\"187\" srcset=\"https:\/\/codigo21.educacion.navarra.es\/wp-content\/uploads\/2015\/10\/kinect04-300x187.png 300w, https:\/\/codigo21.educacion.navarra.es\/wp-content\/uploads\/2015\/10\/kinect04-275x171.png 275w, https:\/\/codigo21.educacion.navarra.es\/wp-content\/uploads\/2015\/10\/kinect04.png 811w\" sizes=\"(max-width: 300px) 100vw, 300px\" \/><\/a><figcaption id=\"caption-attachment-919\" class=\"wp-caption-text\">Descarga de Kinect2Scratch<\/figcaption><\/figure>\n<figure id=\"attachment_920\" aria-describedby=\"caption-attachment-920\" style=\"width: 300px\" class=\"wp-caption alignnone\"><a href=\"http:\/\/codigo21.educacion.navarra.es\/wp-content\/uploads\/2015\/10\/kinect05.png\"><img loading=\"lazy\" class=\"size-medium wp-image-920\" src=\"http:\/\/codigo21.educacion.navarra.es\/wp-content\/uploads\/2015\/10\/kinect05-300x71.png\" alt=\"kinect05\" width=\"300\" height=\"71\" srcset=\"https:\/\/codigo21.educacion.navarra.es\/wp-content\/uploads\/2015\/10\/kinect05-300x71.png 300w, https:\/\/codigo21.educacion.navarra.es\/wp-content\/uploads\/2015\/10\/kinect05-370x87.png 370w, https:\/\/codigo21.educacion.navarra.es\/wp-content\/uploads\/2015\/10\/kinect05.png 621w\" sizes=\"(max-width: 300px) 100vw, 300px\" \/><\/a><figcaption id=\"caption-attachment-920\" class=\"wp-caption-text\">Enlace de descarga por correo electr\u00f3nico<\/figcaption><\/figure>\n<p>Tambi\u00e9n se puede <a href=\"http:\/\/codigo21.educacion.navarra.es\/wp-content\/uploads\/2015\/10\/Kinect2Scratch15Final.zip\" target=\"_blank\">descargar directamente desde nuestro servidor de C\u00f3digo 21<\/a>.<\/p>\n<p><span style=\"font-weight: 400;\">El programa <\/span><b>Kinect2Scratch<\/b><span style=\"font-weight: 400;\"> no necesita instalaci\u00f3n, tan s\u00f3lo descomprimir el archivo comprimido en .zip que nos descargamos y lanzar el ejecutable. La ventana del programa ser\u00e1 como \u00e9sta:<\/span><\/p>\n<figure id=\"attachment_922\" aria-describedby=\"caption-attachment-922\" style=\"width: 800px\" class=\"wp-caption aligncenter\"><a href=\"http:\/\/codigo21.educacion.navarra.es\/wp-content\/uploads\/2015\/10\/kinect06.png\"><img loading=\"lazy\" class=\"size-full wp-image-922\" src=\"http:\/\/codigo21.educacion.navarra.es\/wp-content\/uploads\/2015\/10\/kinect06.png\" alt=\"kinect06\" width=\"800\" height=\"588\" srcset=\"https:\/\/codigo21.educacion.navarra.es\/wp-content\/uploads\/2015\/10\/kinect06.png 800w, https:\/\/codigo21.educacion.navarra.es\/wp-content\/uploads\/2015\/10\/kinect06-300x221.png 300w, https:\/\/codigo21.educacion.navarra.es\/wp-content\/uploads\/2015\/10\/kinect06-233x171.png 233w\" sizes=\"(max-width: 800px) 100vw, 800px\" \/><\/a><figcaption id=\"caption-attachment-922\" class=\"wp-caption-text\">Ventana de Kinect2Scratch<\/figcaption><\/figure>\n<p>&nbsp;<\/p>\n<p><span style=\"font-weight: 400;\">Pulsamos el bot\u00f3n \u201c<\/span><b>Launch Kinect<\/b><span style=\"font-weight: 400;\">\u201d y la c\u00e1mara Kinect empezar\u00e1 a funcionar. <\/span><b>Es momento de instalar la versi\u00f3n 1.4 de Scratch, dejando abierto en segundo plano el Kinect2Scratch.<\/b><\/p>\n<p><b>Scratch 1.4<\/b><span style=\"font-weight: 400;\"> se puede <\/span><a href=\"https:\/\/scratch.mit.edu\/scratch_1.4\/\" target=\"_blank\"><span style=\"font-weight: 400;\">descargar desde el siguiente enlace<\/span><\/a><span style=\"font-weight: 400;\">. Elegimos, en este caso, la versi\u00f3n para Windows, descargamos el programa y procedemos a la instalaci\u00f3n.<\/span><\/p>\n<figure id=\"attachment_923\" aria-describedby=\"caption-attachment-923\" style=\"width: 548px\" class=\"wp-caption alignnone\"><a href=\"https:\/\/scratch.mit.edu\/scratch_1.4\/\" target=\"_blank\"><img loading=\"lazy\" class=\"size-full wp-image-923\" src=\"http:\/\/codigo21.educacion.navarra.es\/wp-content\/uploads\/2015\/10\/kinect07.png\" alt=\"kinect07\" width=\"548\" height=\"529\" srcset=\"https:\/\/codigo21.educacion.navarra.es\/wp-content\/uploads\/2015\/10\/kinect07.png 548w, https:\/\/codigo21.educacion.navarra.es\/wp-content\/uploads\/2015\/10\/kinect07-300x290.png 300w, https:\/\/codigo21.educacion.navarra.es\/wp-content\/uploads\/2015\/10\/kinect07-177x171.png 177w\" sizes=\"(max-width: 548px) 100vw, 548px\" \/><\/a><figcaption id=\"caption-attachment-923\" class=\"wp-caption-text\">Descarga de Scratch 1.4<\/figcaption><\/figure>\n<p>&nbsp;<\/p>\n<h3><b>4. Configuraci\u00f3n de Scratch y de Kinect2Scratch<\/b><\/h3>\n<p><span style=\"font-weight: 400;\">Abrimos Scratch 1.4 y creamos un nuevo proyecto. Seleccionamos la categor\u00eda de bloques \u201c<\/span><b>Sensores<\/b><span style=\"font-weight: 400;\">\u201d y buscamos el bloque \u201c<\/span><b>valor del sensor (deslizador)<\/b><span style=\"font-weight: 400;\">\u201d<\/span><\/p>\n<figure id=\"attachment_924\" aria-describedby=\"caption-attachment-924\" style=\"width: 200px\" class=\"wp-caption alignnone\"><a href=\"http:\/\/codigo21.educacion.navarra.es\/wp-content\/uploads\/2015\/10\/kinect08.png\"><img loading=\"lazy\" class=\"size-full wp-image-924\" src=\"http:\/\/codigo21.educacion.navarra.es\/wp-content\/uploads\/2015\/10\/kinect08.png\" alt=\"valor del sensor (deslizador)\" width=\"200\" height=\"31\" \/><\/a><figcaption id=\"caption-attachment-924\" class=\"wp-caption-text\">valor del sensor (deslizador)<\/figcaption><\/figure>\n<p>&nbsp;<\/p>\n<p><span style=\"font-weight: 400;\">Pulsamos el segundo bot\u00f3n o bot\u00f3n derecho del rat\u00f3n encima del bloque anterior y seleccionamos la opci\u00f3n \u201c<\/span><b>Permita las conexiones del sensor alejado<\/b><span style=\"font-weight: 400;\">\u201d.<\/span><\/p>\n<p><span style=\"font-weight: 400;\">Volvemos al programa <\/span><b>Kinect2Scratch <\/b><span style=\"font-weight: 400;\">que debemos tener abierto del paso anterior.<\/span><\/p>\n<figure id=\"attachment_922\" aria-describedby=\"caption-attachment-922\" style=\"width: 800px\" class=\"wp-caption alignnone\"><a href=\"http:\/\/codigo21.educacion.navarra.es\/wp-content\/uploads\/2015\/10\/kinect06.png\"><img loading=\"lazy\" class=\"size-full wp-image-922\" src=\"http:\/\/codigo21.educacion.navarra.es\/wp-content\/uploads\/2015\/10\/kinect06.png\" alt=\"kinect06\" width=\"800\" height=\"588\" srcset=\"https:\/\/codigo21.educacion.navarra.es\/wp-content\/uploads\/2015\/10\/kinect06.png 800w, https:\/\/codigo21.educacion.navarra.es\/wp-content\/uploads\/2015\/10\/kinect06-300x221.png 300w, https:\/\/codigo21.educacion.navarra.es\/wp-content\/uploads\/2015\/10\/kinect06-233x171.png 233w\" sizes=\"(max-width: 800px) 100vw, 800px\" \/><\/a><figcaption id=\"caption-attachment-922\" class=\"wp-caption-text\">Ventana de Kinect2Scratch<\/figcaption><\/figure>\n<p><span style=\"font-weight: 400;\">Si vamos a usar tecnolog\u00eda 3D o varios usuarios lo especificamos en el men\u00fa de \u201c<\/span><b>Configure Skeleton<\/b><span style=\"font-weight: 400;\">\u201d. Seguimos hacemos clic en el bot\u00f3n \u201c<\/span><b>Connect to Scratch<\/b><span style=\"font-weight: 400;\">\u201d y, volviendo a dejar el programa en segundo plano, abrimos Scratch 1.4 y podemos empezar a programar para la Kinect.<\/span><\/p>\n<p>&nbsp;<\/p>\n<h2><b>Programando con Scratch para la Kinect<\/b><\/h2>\n<p><span style=\"font-weight: 400;\">La programaci\u00f3n para la Kinect con Scratch se realiza a trav\u00e9s del bloque \u201c<\/span><b>valor del sensor (deslizador)<\/b><span style=\"font-weight: 400;\">\u201d donde aparecer\u00e1n los siguientes valores espec\u00edficos.<\/span><\/p>\n<figure id=\"attachment_927\" aria-describedby=\"caption-attachment-927\" style=\"width: 366px\" class=\"wp-caption alignnone\"><a href=\"http:\/\/codigo21.educacion.navarra.es\/wp-content\/uploads\/2015\/10\/kinect09.png\"><img loading=\"lazy\" class=\"size-full wp-image-927\" src=\"http:\/\/codigo21.educacion.navarra.es\/wp-content\/uploads\/2015\/10\/kinect09.png\" alt=\"kinect09\" width=\"366\" height=\"800\" srcset=\"https:\/\/codigo21.educacion.navarra.es\/wp-content\/uploads\/2015\/10\/kinect09.png 366w, https:\/\/codigo21.educacion.navarra.es\/wp-content\/uploads\/2015\/10\/kinect09-137x300.png 137w, https:\/\/codigo21.educacion.navarra.es\/wp-content\/uploads\/2015\/10\/kinect09-78x171.png 78w\" sizes=\"(max-width: 366px) 100vw, 366px\" \/><\/a><figcaption id=\"caption-attachment-927\" class=\"wp-caption-text\">Valores espec\u00edficos para la Kinect en Scratch<\/figcaption><\/figure>\n<p>&nbsp;<\/p>\n<p><span style=\"font-weight: 400;\">Los <\/span><b>valores<\/b><span style=\"font-weight: 400;\"> se corresponden con las <\/span><b>partes del cuerpo en ingl\u00e9s<\/b><span style=\"font-weight: 400;\">, que son las siguientes:<\/span><\/p>\n<figure id=\"attachment_928\" aria-describedby=\"caption-attachment-928\" style=\"width: 418px\" class=\"wp-caption aligncenter\"><a href=\"http:\/\/codigo21.educacion.navarra.es\/wp-content\/uploads\/2015\/10\/kinect10.png\"><img loading=\"lazy\" class=\"size-full wp-image-928\" src=\"http:\/\/codigo21.educacion.navarra.es\/wp-content\/uploads\/2015\/10\/kinect10.png\" alt=\"kinect10\" width=\"418\" height=\"599\" srcset=\"https:\/\/codigo21.educacion.navarra.es\/wp-content\/uploads\/2015\/10\/kinect10.png 418w, https:\/\/codigo21.educacion.navarra.es\/wp-content\/uploads\/2015\/10\/kinect10-209x300.png 209w, https:\/\/codigo21.educacion.navarra.es\/wp-content\/uploads\/2015\/10\/kinect10-119x171.png 119w\" sizes=\"(max-width: 418px) 100vw, 418px\" \/><\/a><figcaption id=\"caption-attachment-928\" class=\"wp-caption-text\">Esqueleto de Kinect. Fuente: http:\/\/goodnameblog.blogspot.com.es\/2012\/07\/skeletons-el-desarrollo-de-una-interfaz.html<\/figcaption><\/figure>\n<p>&nbsp;<\/p>\n<p><span style=\"font-weight: 400;\">Para probar el programa anterior, habr\u00eda que pulsar la bandera verde y situarse delante de la Kinect, de forma que \u00e9sta captara el conjunto del cuerpo. Moviendo la mano derecha el sprite del programa se desplazar\u00eda en los ejes x e y.<\/span><\/p>\n<p><span style=\"font-weight: 400;\">Este programa y otros muchos, bastante m\u00e1s complejos y que nos pueden ayudar a hacernos a la idea de qu\u00e9 partido podemos sacar a la Kinect en nuestras clases, los podemos descargar en la <\/span><a href=\"http:\/\/scratch.saorog.com\/samples.html\" target=\"_blank\"><span style=\"font-weight: 400;\">p\u00e1gina web de ejemplos del programa Kinect2Scratch<\/span><\/a><span style=\"font-weight: 400;\">.<\/span><\/p>\n<figure id=\"attachment_929\" aria-describedby=\"caption-attachment-929\" style=\"width: 1110px\" class=\"wp-caption alignnone\"><a href=\"http:\/\/codigo21.educacion.navarra.es\/wp-content\/uploads\/2015\/10\/kinect12.png\"><img loading=\"lazy\" class=\"size-full wp-image-929\" src=\"http:\/\/codigo21.educacion.navarra.es\/wp-content\/uploads\/2015\/10\/kinect12.png\" alt=\"kinect12\" width=\"1110\" height=\"930\" srcset=\"https:\/\/codigo21.educacion.navarra.es\/wp-content\/uploads\/2015\/10\/kinect12.png 1110w, https:\/\/codigo21.educacion.navarra.es\/wp-content\/uploads\/2015\/10\/kinect12-300x251.png 300w, https:\/\/codigo21.educacion.navarra.es\/wp-content\/uploads\/2015\/10\/kinect12-1024x858.png 1024w, https:\/\/codigo21.educacion.navarra.es\/wp-content\/uploads\/2015\/10\/kinect12-204x171.png 204w\" sizes=\"(max-width: 1110px) 100vw, 1110px\" \/><\/a><figcaption id=\"caption-attachment-929\" class=\"wp-caption-text\">P\u00e1gina web de ejemplos del programa Kinect2Scratch<\/figcaption><\/figure>\n<p>&nbsp;<\/p>\n<p><span style=\"font-weight: 400;\">Los programas se pueden descargar de forma individual o todos a la vez pulsando el bot\u00f3n verde \u201c<\/span><b>Download All Samples (zip file)<\/b><span style=\"font-weight: 400;\">\u201d. La extensi\u00f3n de los proyectos en la versi\u00f3n 1.4 de Scratch es .sb (en Scratch 2.0 es .sb2).<\/span><\/p>\n<figure id=\"attachment_930\" aria-describedby=\"caption-attachment-930\" style=\"width: 232px\" class=\"wp-caption alignnone\"><a href=\"http:\/\/codigo21.educacion.navarra.es\/wp-content\/uploads\/2015\/10\/Kinect2Scratch_Samples.zip\" target=\"_blank\"><img loading=\"lazy\" class=\"size-full wp-image-930\" src=\"http:\/\/codigo21.educacion.navarra.es\/wp-content\/uploads\/2015\/10\/kinect13.png\" alt=\"kinect13\" width=\"232\" height=\"40\" \/><\/a><figcaption id=\"caption-attachment-930\" class=\"wp-caption-text\">Descargar ejemplos<\/figcaption><\/figure>\n<p><a href=\"http:\/\/codigo21.educacion.navarra.es\/wp-content\/uploads\/2015\/10\/Kinect2Scratch_Samples.zip\" target=\"_blank\">Descarga de los ejemplos desde el servidor de C\u00f3digo 21<\/a><\/p>\n<p>&nbsp;<\/p>\n<p><a href=\"http:\/\/codigo21.educacion.navarra.es\/wp-content\/uploads\/2015\/10\/Kinect_y_Scratch_v1_4.pdf\" target=\"_blank\">Descarga de esta gu\u00eda en formato .PDF<\/a><\/p>\n","protected":false},"excerpt":{"rendered":"<p>Kinect es un accesorio que nos permite interactuar, por ejemplo, con Scratch reconociendo gestos, comandos de voz, objetos e im\u00e1genes. Originalmente fue desarrollada por Microsoft para su videoconsola Xbox 360, pero en 2011 abri\u00f3 su uso para equipos inform\u00e1ticos con Windows, y hoy funciona con las versiones de Windows 7, 8 y 10. Por otra [&hellip;]<\/p>\n","protected":false},"author":22,"featured_media":0,"parent":1621,"menu_order":0,"comment_status":"closed","ping_status":"closed","template":"","meta":{"_genesis_hide_title":false,"_genesis_hide_breadcrumbs":false,"_genesis_hide_singular_image":false,"_genesis_hide_footer_widgets":false,"_genesis_custom_body_class":"","_genesis_custom_post_class":"","_genesis_layout":""},"_links":{"self":[{"href":"https:\/\/codigo21.educacion.navarra.es\/eu\/wp-json\/wp\/v2\/pages\/1554"}],"collection":[{"href":"https:\/\/codigo21.educacion.navarra.es\/eu\/wp-json\/wp\/v2\/pages"}],"about":[{"href":"https:\/\/codigo21.educacion.navarra.es\/eu\/wp-json\/wp\/v2\/types\/page"}],"author":[{"embeddable":true,"href":"https:\/\/codigo21.educacion.navarra.es\/eu\/wp-json\/wp\/v2\/users\/22"}],"replies":[{"embeddable":true,"href":"https:\/\/codigo21.educacion.navarra.es\/eu\/wp-json\/wp\/v2\/comments?post=1554"}],"version-history":[{"count":0,"href":"https:\/\/codigo21.educacion.navarra.es\/eu\/wp-json\/wp\/v2\/pages\/1554\/revisions"}],"up":[{"embeddable":true,"href":"https:\/\/codigo21.educacion.navarra.es\/eu\/wp-json\/wp\/v2\/pages\/1621"}],"wp:attachment":[{"href":"https:\/\/codigo21.educacion.navarra.es\/eu\/wp-json\/wp\/v2\/media?parent=1554"}],"curies":[{"name":"wp","href":"https:\/\/api.w.org\/{rel}","templated":true}]}}