{"id":1549,"date":"2014-11-26T10:27:54","date_gmt":"2014-11-26T09:27:54","guid":{"rendered":"http:\/\/codigo21.educacion.navarra.es\/eu\/?page_id=1549"},"modified":"2016-01-14T12:17:44","modified_gmt":"2016-01-14T11:17:44","slug":"informatika-sortzailea-gidaliburua","status":"publish","type":"page","link":"https:\/\/codigo21.educacion.navarra.es\/eu\/irakasleak\/informatika-sortzailea-gidaliburua\/","title":{"rendered":"Informatika Sortzailea Gidaliburua"},"content":{"rendered":"<figure id=\"attachment_284\" aria-describedby=\"caption-attachment-284\" style=\"width: 816px\" class=\"wp-caption aligncenter\"><a href=\"http:\/\/codigo21.educacion.navarra.es\/wp-content\/uploads\/2014\/11\/Captura-de-pantalla-2014-11-26-a-las-09.42.19.png\"><img loading=\"lazy\" class=\"size-full wp-image-1141\" src=\"http:\/\/codigo21.educacion.navarra.es\/wp-content\/uploads\/2014\/11\/Captura-de-pantalla-2014-11-26-a-las-09.42.19.png\" alt=\"Por tada de la gu\u00eda Inform\u00e1tica Creativa es una traducci\u00f3n de la gu\u00eda Creative Computing de Scratch elaborada por Programamos por iniciativa del Departamento de Educaci\u00f3n de Gobierno de Navarra\" width=\"816\" height=\"413\" srcset=\"https:\/\/codigo21.educacion.navarra.es\/wp-content\/uploads\/2014\/11\/Captura-de-pantalla-2014-11-26-a-las-09.42.19.png 816w, https:\/\/codigo21.educacion.navarra.es\/wp-content\/uploads\/2014\/11\/Captura-de-pantalla-2014-11-26-a-las-09.42.19-300x151.png 300w\" sizes=\"(max-width: 816px) 100vw, 816px\" \/><\/a><figcaption id=\"caption-attachment-284\" class=\"wp-caption-text\">Traducci\u00f3n al castellano y al euskara\u00a0de la gu\u00eda Creative Computing de Scratch\u00a0por iniciativa del <a href=\"http:\/\/www.educacion.navarra.es\/\" target=\"_blank\">Departamento de Educaci\u00f3n de Gobierno de Navarra<\/a><\/figcaption><\/figure>\n<p><strong>Inform\u00e1tica Creativa<\/strong> es la <strong>traducci\u00f3n<\/strong>\u00a0al castellano de <strong><a href=\"http:\/\/programamos.es\/\" target=\"_blank\">Programamos<\/a><\/strong> de la gu\u00eda <strong><em>Creative Computing, <\/em><\/strong>mientras que la versi\u00f3n en euskara tiene por t\u00edtulo <strong>Informatika Sortzailea<\/strong>\u00a0y la traducci\u00f3n la ha llevado a cabo\u00a0<a href=\"http:\/\/www.euskarabidea.es\/espanol\" target=\"_blank\">Euskarabidea<\/a>, Instituto Navarro del Euskera. Ambos trabajos son\u00a0iniciativa del <strong><a href=\"http:\/\/www.educacion.navarra.es\/\" target=\"_blank\">Departamento de Educaci\u00f3n de Gobierno de Navarra<\/a><\/strong>\u00a0y que vienen a completar la <strong><a href=\"http:\/\/codigo21.educacion.navarra.es\/wp-content\/uploads\/2014\/11\/computacion-creativa-con-scratch.pdf\" target=\"_blank\" rel=\"attachment wp-att-605\">gu\u00eda Computaci\u00f3n Creativa<\/a><\/strong>\u00a0elaborada en <strong>2011<\/strong> y que conten\u00eda 20 sesiones de clase con Scratch listas para usar.<\/p>\n<p>Esta gu\u00eda es una <strong>colecci\u00f3n de ideas, estrategias y actividades<\/strong> para una experiencia de introducci\u00f3n a la inform\u00e1tica\u00a0creativa utilizando el lenguaje de programaci\u00f3n Scratch. Las actividades se han dise\u00f1ado para permitir familiarizarse\u00a0y adquirir soltura de manera paulatina con la inform\u00e1tica creativa y el pensamiento computacional. En concreto, las\u00a0actividades animan a la <strong>exploraci\u00f3n<\/strong> de los elementos fundamentales del pensamiento computacional (secuencia,\u00a0bucles, paralelismo, eventos, condicionales, operadores y datos) y sus <strong>pr\u00e1cticas<\/strong> clave (experimentaci\u00f3n e iteraci\u00f3n, pruebas y depuraci\u00f3n, reutilizaci\u00f3n y reinvenci\u00f3n, abstracci\u00f3n y modularizaci\u00f3n).<\/p>\n<h3 style=\"text-align: center;\">Versi\u00f3n en castellano<\/h3>\n<p><a href=\"http:\/\/codigo21.educacion.navarra.es\/wp-content\/uploads\/2015\/04\/CreativeComputing20141015-spanish.pdf\" target=\"_blank\"><img loading=\"lazy\" class=\"aligncenter wp-image-1142\" src=\"https:\/\/codigo21.educacion.navarra.es\/wp-content\/uploads\/2014\/11\/boton-descargar-azul-300x150.png\" alt=\"boton-descargar-azul\" width=\"200\" height=\"100\" srcset=\"https:\/\/codigo21.educacion.navarra.es\/wp-content\/uploads\/2014\/11\/boton-descargar-azul-300x150.png 300w, https:\/\/codigo21.educacion.navarra.es\/wp-content\/uploads\/2014\/11\/boton-descargar-azul.png 640w\" sizes=\"(max-width: 200px) 100vw, 200px\" \/><\/a><\/p>\n<h3 style=\"text-align: center;\"><a href=\"http:\/\/codigo21.educacion.navarra.es\/wp-content\/uploads\/2015\/04\/CreativeComputing20141015-spanish.pdf\" target=\"_blank\"><img loading=\"lazy\" class=\"aligncenter wp-image-1143 size-full\" src=\"http:\/\/codigo21.educacion.navarra.es\/wp-content\/uploads\/2014\/11\/Captura-de-pantalla-2014-11-26-a-las-10.26.03.png\" alt=\"Creative Commons gu\u00eda Inform\u00e1tica Creativa\" width=\"772\" height=\"218\" srcset=\"https:\/\/codigo21.educacion.navarra.es\/wp-content\/uploads\/2014\/11\/Captura-de-pantalla-2014-11-26-a-las-10.26.03.png 772w, https:\/\/codigo21.educacion.navarra.es\/wp-content\/uploads\/2014\/11\/Captura-de-pantalla-2014-11-26-a-las-10.26.03-300x84.png 300w\" sizes=\"(max-width: 772px) 100vw, 772px\" \/><\/a><\/h3>\n<h3 style=\"text-align: center;\">Versi\u00f3n en\u00a0euskara<\/h3>\n<p><a href=\"http:\/\/codigo21.educacion.navarra.es\/wp-content\/uploads\/2015\/11\/CreativeComputing20151118-euskara.pdf\" target=\"_blank\"><img loading=\"lazy\" class=\"aligncenter wp-image-1142\" src=\"https:\/\/codigo21.educacion.navarra.es\/wp-content\/uploads\/2014\/11\/boton-descargar-azul-300x150.png\" alt=\"boton-descargar-azul\" width=\"200\" height=\"100\" srcset=\"https:\/\/codigo21.educacion.navarra.es\/wp-content\/uploads\/2014\/11\/boton-descargar-azul-300x150.png 300w, https:\/\/codigo21.educacion.navarra.es\/wp-content\/uploads\/2014\/11\/boton-descargar-azul.png 640w\" sizes=\"(max-width: 200px) 100vw, 200px\" \/><\/a><\/p>\n<p><a href=\"http:\/\/codigo21.educacion.navarra.es\/wp-content\/uploads\/2015\/11\/CreativeComputing20151118-euskara.pdf\" target=\"_blank\"><img loading=\"lazy\" class=\"size-full wp-image-1442 aligncenter\" src=\"http:\/\/codigo21.educacion.navarra.es\/wp-content\/uploads\/2015\/11\/informatika_sortzailea_creditos.png\" alt=\"Creative Commons gu\u00eda Inform\u00e1tica Creativa\" width=\"777\" height=\"227\" srcset=\"https:\/\/codigo21.educacion.navarra.es\/wp-content\/uploads\/2015\/11\/informatika_sortzailea_creditos.png 777w, https:\/\/codigo21.educacion.navarra.es\/wp-content\/uploads\/2015\/11\/informatika_sortzailea_creditos-300x88.png 300w, https:\/\/codigo21.educacion.navarra.es\/wp-content\/uploads\/2015\/11\/informatika_sortzailea_creditos-370x108.png 370w\" sizes=\"(max-width: 777px) 100vw, 777px\" \/><\/a><\/p>\n<p>Al igual que la obra original, las\u00a0traducciones se distribuyen con una <strong>licencia Creative Commons Atribuci\u00f3n-CompartirIgual<\/strong>. Por tanto, hemos colgado en un <a href=\"https:\/\/github.com\/programamos\/GuiaScratch\" target=\"_blank\">repositorio p\u00fablico<\/a> esta primera versi\u00f3n de la traducci\u00f3n en castellano y en esta <a href=\"https:\/\/drive.google.com\/file\/d\/0Bwv1FbpOlfQgbmlrNFZoNGtjY0E\/view?usp=sharing\" target=\"_blank\">cuenta de Google Drive la versi\u00f3n en euskara<\/a>, para que cualquiera pueda adaptarla, modificarla, mejorarla, o incluso, utilizarla para traducirla a otros idiomas.<\/p>\n<p>La gu\u00eda est\u00e1 pensada para su uso, remezcla, mejora o cambio de las actividades descritas por todos los agentes educativos: profesores, familias, educadores de museos o bibliotecas&#8230; Se enmarca en 7 cap\u00edtulos con diferentes actividades en cada uno de ellos:<\/p>\n<p><strong>Unidad 0. Comenzando.<\/strong> Te prepara para la cultura de la inform\u00e1tica creativa\u00a0explorando posibilidades y preparando la infraestructura\u00a0t\u00e9cnica (por ejemplo, creando las cuentas de Scratch y preparando los cuadernos de dise\u00f1o) y la infraestructura\u00a0social (estableciendo, por ejemplo, grupos de cr\u00edtica). Te\u00a0sumerge en una experiencia inicial creativa haciendo que algo \u201csorprendente\u201d le ocurra a un personaje Scratch.<\/p>\n<p><strong>Unidad 1. Explorando.\u00a0<\/strong>Te presenta un concepto clave de la inform\u00e1tica, la secuencia de instrucciones, a trav\u00e9s de una serie de actividades que ofrecen varios niveles de estructuras \u2013 desde un manual paso a paso, a un desaf\u00edo creativo\u00a0utilizando un n\u00famero de bloques, o exploraciones libres\u00a0creando proyectos sobre uno mismo.<\/p>\n<p><strong>Unidad 2. Animaciones.\u00a0<\/strong>Te anima a jugar con audio y efectos visuales con actividades que se centran en animaciones, arte y m\u00fasica. Te muestra el enfoque en las creaciones multimedia de Scratch \u2013 y los conceptos computacionales de bucle, eventos y paralelismo \u2013 construyendo tu propia banda de m\u00fasica, dise\u00f1ando criaturas animadas y creando un v\u00eddeo\u00a0musical para tu canci\u00f3n favorita.<\/p>\n<p><strong>Unidad 3. Historias.\u00a0<\/strong>Aprendes a crear nuevos mundos interactivos a trav\u00e9s de las narraciones colaborativas. Comenzar\u00e1s desarrollando\u00a0los personajes y aprendiendo a programar\u00a0conversaciones para situar a los personajes y las\u00a0conversaciones en escenas en movimiento. Se combinan\u00a0personajes, conversaciones y escenas en un proyecto que\u00a0se pasa a otros compa\u00f1eros para que contin\u00faen con el desarrollo \u2013 y probablemente lo reimaginen\u00a0completamente.<\/p>\n<p><strong>Unidad 4. Juegos.\u00a0<\/strong>Se conectan mec\u00e1nicas fundamentales de los juegos, como los marcadores o los niveles, con conceptos\u00a0fundamentales de la inform\u00e1tica, como las variables, los operadores o los condicionales. Analizas tus juegos\u00a0favoritos, imaginas nuevos juegos y practicas el dise\u00f1o\u00a0de juegos implementando (y ampliando) juegos cl\u00e1sicos\u00a0como el Pong.<\/p>\n<p><strong>Unidad 5. A fondo.\u00a0<\/strong>Antes de terminar la unidad se toma un momento para\u00a0revisitar el trabajo de las unidades previas, explorar\u00a0algunos conceptos m\u00e1s avanzados o ayudar a otros\u00a0dise\u00f1ando nuevas actividades o corrigiendo los errores de\u00a0algunos desaf\u00edos.<\/p>\n<p><strong>Unidad 6. Hackathon.<\/strong>\u00a0Se ponen en pr\u00e1ctica todos los conceptos\u00a0computacionales trabajados dise\u00f1ando y desarrollando\u00a0un proyecto propio a trav\u00e9s de ciclos iterativos en los que se planifica, se crea y se comparte.<\/p>\n","protected":false},"excerpt":{"rendered":"<p>Inform\u00e1tica Creativa es la traducci\u00f3n\u00a0al castellano de Programamos de la gu\u00eda Creative Computing, mientras que la versi\u00f3n en euskara tiene por t\u00edtulo Informatika Sortzailea\u00a0y la traducci\u00f3n la ha llevado a cabo\u00a0Euskarabidea, Instituto Navarro del Euskera. Ambos trabajos son\u00a0iniciativa del Departamento de Educaci\u00f3n de Gobierno de Navarra\u00a0y que vienen a completar la gu\u00eda Computaci\u00f3n Creativa\u00a0elaborada en [&hellip;]<\/p>\n","protected":false},"author":22,"featured_media":1141,"parent":1591,"menu_order":0,"comment_status":"open","ping_status":"open","template":"","meta":{"_genesis_hide_title":false,"_genesis_hide_breadcrumbs":false,"_genesis_hide_singular_image":false,"_genesis_hide_footer_widgets":false,"_genesis_custom_body_class":"","_genesis_custom_post_class":"","_genesis_layout":""},"_links":{"self":[{"href":"https:\/\/codigo21.educacion.navarra.es\/eu\/wp-json\/wp\/v2\/pages\/1549"}],"collection":[{"href":"https:\/\/codigo21.educacion.navarra.es\/eu\/wp-json\/wp\/v2\/pages"}],"about":[{"href":"https:\/\/codigo21.educacion.navarra.es\/eu\/wp-json\/wp\/v2\/types\/page"}],"author":[{"embeddable":true,"href":"https:\/\/codigo21.educacion.navarra.es\/eu\/wp-json\/wp\/v2\/users\/22"}],"replies":[{"embeddable":true,"href":"https:\/\/codigo21.educacion.navarra.es\/eu\/wp-json\/wp\/v2\/comments?post=1549"}],"version-history":[{"count":0,"href":"https:\/\/codigo21.educacion.navarra.es\/eu\/wp-json\/wp\/v2\/pages\/1549\/revisions"}],"up":[{"embeddable":true,"href":"https:\/\/codigo21.educacion.navarra.es\/eu\/wp-json\/wp\/v2\/pages\/1591"}],"wp:featuredmedia":[{"embeddable":true,"href":"https:\/\/codigo21.educacion.navarra.es\/eu\/wp-json\/wp\/v2\/media\/1141"}],"wp:attachment":[{"href":"https:\/\/codigo21.educacion.navarra.es\/eu\/wp-json\/wp\/v2\/media?parent=1549"}],"curies":[{"name":"wp","href":"https:\/\/api.w.org\/{rel}","templated":true}]}}