{"id":1522,"date":"2015-11-06T12:31:05","date_gmt":"2015-11-06T11:31:05","guid":{"rendered":"http:\/\/codigo21.educacion.navarra.es\/eu\/?page_id=1522"},"modified":"2016-06-08T09:39:32","modified_gmt":"2016-06-08T07:39:32","slug":"materialak","status":"publish","type":"page","link":"https:\/\/codigo21.educacion.navarra.es\/eu\/materialak\/","title":{"rendered":"Materialak"},"content":{"rendered":"<p>El <strong>Departamento de Educaci\u00f3n<\/strong>, la\u00a0<a href=\"http:\/\/www.unavarra.es\/\" target=\"_blank\"><strong>Universidad P\u00fablica de Navarra<\/strong><\/a> (UPNA) y el\u00a0<a href=\"http:\/\/pamplonetario.org\/\" target=\"_blank\"><strong>Planetario de Pamplona<\/strong><\/a>\u00a0suscribieron un <a title=\"convenio\" href=\"http:\/\/www.navarra.es\/home_es\/Actualidad\/Sala+de+prensa\/Noticias\/2014\/10\/23\/convenio+educacion+upna+y+planetario+pamplona+sobre+robotica+educativa.htm\" target=\"_blank\">convenio de colaboraci\u00f3n<\/a> que tiene por objeto <strong>formar al profesorado<\/strong> en rob\u00f3tica educativa\u00a0y ceder a los centros los materiales necesarios para el desarrollo de proyectos educativos con los alumnos.<\/p>\n<p>La ense\u00f1anza\u00a0de programaci\u00f3n, rob\u00f3tica educativa y otras tecnolog\u00edas emergentes implica una constante renovaci\u00f3n metodol\u00f3gica. De acuerdo con la programaci\u00f3n aprobada por la Comisi\u00f3n de Coordinaci\u00f3n y Seguimiento del convenio,\u00a0los tres firmantes organizan\u00a0cursos de formaci\u00f3n para el profesorado, cursos de verano vinculados a la rob\u00f3tica educativa y a otros aspectos tem\u00e1ticos (formaci\u00f3n en TIC y su fomento como uso did\u00e1ctico, etc.), que contribuyen a la innovaci\u00f3n cient\u00edfica y tecnol\u00f3gica en el \u00e1mbito docente navarro.<\/p>\n<p>En <strong>C\u00f3digo 21<\/strong> se puede encontrar informaci\u00f3n actualizada sobre las actividades de formaci\u00f3n que coordina el Departamento de Educaci\u00f3n. Adem\u00e1s, se puede acceder a materiales formativos y recursos relacionados con \u00e9stos y con otras \u00e1reas m\u00e1s espec\u00edficas, y se puede acceder al servicio de <a href=\"https:\/\/codigo21.educacion.navarra.es\/eu\/robot-mailegua\/\">pr\u00e9stamo de material de rob\u00f3tica<\/a>.<\/p>\n<p><strong>Como novedad de este curso 2015\/2016, hemos creado\u00a0esta p\u00e1gina en C\u00f3digo 21 desde donde se puede acceder f\u00e1cilmente al material formativo de determinados cursos y seminarios que se est\u00e1n desarrollando.\u00a0<\/strong>El material se encuentra en carpetas de Google Drive, y\u00a0para acceder\u00a0al mismo\u00a0es necesario iniciar sesi\u00f3n con la cuenta de Educaci\u00f3n (con el formato @educacion.navarra.es) y hacer clic en el enlace de la actividad en cuesti\u00f3n.<\/p>\n<h3><span style=\"color: #ff0000;\"><em>S\u00f3lo pueden acceder a dicho material\u00a0los participantes de las distintas acciones formativas<\/em>.\u00a0<\/span><\/h3>\n<p>&nbsp;<\/p>\n<h3 style=\"text-align: center;\">Trabajos pr\u00e1cticos del seminario \u201cRob\u00f3tica Educativa y su Did\u00e1ctica. Educaci\u00f3n Primaria\u201d.<\/h3>\n<p><a href=\"https:\/\/goo.gl\/o6H8xn\" target=\"_blank\"><img loading=\"lazy\" class=\"wp-image-1004 aligncenter\" src=\"http:\/\/codigo21.educacion.navarra.es\/wp-content\/uploads\/2015\/11\/entrar-300x151.png\" alt=\"Entrar a la unidad de Google Drive con el material de clase\" width=\"200\" height=\"101\" srcset=\"https:\/\/codigo21.educacion.navarra.es\/wp-content\/uploads\/2015\/11\/entrar-300x151.png 300w, https:\/\/codigo21.educacion.navarra.es\/wp-content\/uploads\/2015\/11\/entrar.png 320w\" sizes=\"(max-width: 200px) 100vw, 200px\" \/><\/a><\/p>\n<h3 style=\"text-align: center;\">Seminario \u201cRob\u00f3tica Educativa y su Did\u00e1ctica. Educaci\u00f3n Secundaria\u201d<\/h3>\n<p><a href=\"https:\/\/goo.gl\/TjtdAl\" target=\"_blank\"><img loading=\"lazy\" class=\"wp-image-1004 aligncenter\" src=\"http:\/\/codigo21.educacion.navarra.es\/wp-content\/uploads\/2015\/11\/entrar-300x151.png\" alt=\"Entrar a la unidad de Google Drive con el material de clase\" width=\"200\" height=\"101\" srcset=\"https:\/\/codigo21.educacion.navarra.es\/wp-content\/uploads\/2015\/11\/entrar-300x151.png 300w, https:\/\/codigo21.educacion.navarra.es\/wp-content\/uploads\/2015\/11\/entrar.png 320w\" sizes=\"(max-width: 200px) 100vw, 200px\" \/><\/a><\/p>\n<p>&nbsp;<\/p>\n","protected":false},"excerpt":{"rendered":"<p>El Departamento de Educaci\u00f3n, la\u00a0Universidad P\u00fablica de Navarra (UPNA) y el\u00a0Planetario de Pamplona\u00a0suscribieron un convenio de colaboraci\u00f3n que tiene por objeto formar al profesorado en rob\u00f3tica educativa\u00a0y ceder a los centros los materiales necesarios para el desarrollo de proyectos educativos con los alumnos. La ense\u00f1anza\u00a0de programaci\u00f3n, rob\u00f3tica educativa y otras tecnolog\u00edas emergentes implica una constante [&hellip;]<\/p>\n","protected":false},"author":22,"featured_media":0,"parent":0,"menu_order":0,"comment_status":"closed","ping_status":"closed","template":"","meta":{"_genesis_hide_title":false,"_genesis_hide_breadcrumbs":false,"_genesis_hide_singular_image":false,"_genesis_hide_footer_widgets":false,"_genesis_custom_body_class":"","_genesis_custom_post_class":"","_genesis_layout":""},"_links":{"self":[{"href":"https:\/\/codigo21.educacion.navarra.es\/eu\/wp-json\/wp\/v2\/pages\/1522"}],"collection":[{"href":"https:\/\/codigo21.educacion.navarra.es\/eu\/wp-json\/wp\/v2\/pages"}],"about":[{"href":"https:\/\/codigo21.educacion.navarra.es\/eu\/wp-json\/wp\/v2\/types\/page"}],"author":[{"embeddable":true,"href":"https:\/\/codigo21.educacion.navarra.es\/eu\/wp-json\/wp\/v2\/users\/22"}],"replies":[{"embeddable":true,"href":"https:\/\/codigo21.educacion.navarra.es\/eu\/wp-json\/wp\/v2\/comments?post=1522"}],"version-history":[{"count":0,"href":"https:\/\/codigo21.educacion.navarra.es\/eu\/wp-json\/wp\/v2\/pages\/1522\/revisions"}],"wp:attachment":[{"href":"https:\/\/codigo21.educacion.navarra.es\/eu\/wp-json\/wp\/v2\/media?parent=1522"}],"curies":[{"name":"wp","href":"https:\/\/api.w.org\/{rel}","templated":true}]}}